{"id":79323,"date":"2023-12-13T22:37:18","date_gmt":"2023-12-13T21:37:18","guid":{"rendered":"https:\/\/www.soanam.de\/?post_type=product&#038;p=79323"},"modified":"2023-12-13T22:39:44","modified_gmt":"2023-12-13T21:39:44","slug":"paul-green-zapatilla-bailarina-clasica-en-marron-medio-gr-375","status":"publish","type":"product","link":"https:\/\/www.soanam.de\/es\/produkt\/paul-green-klassischer-ballerina-slipper-in-mittelbraun-gr-375\/","title":{"rendered":"Paul Green - Bailarina cl\u00e1sica, slip-on, en marr\u00f3n medio, talla 37.5"},"content":{"rendered":"<h3>Descripci\u00f3n de la<\/h3>\n<p>Cierre: zapatilla slip-on<br \/>\nForma del tac\u00f3n: Tac\u00f3n en bloque<br \/>\nAltura del tac\u00f3n: 1,5 cm<\/p>\n<p>Con esta preciosa bailarina de Paul Green, siempre estar\u00e1s de pie. Su sencillo dise\u00f1o hace que este zapato de piel sea f\u00e1cil y vers\u00e1til de combinar y lo convierte en el perfecto todoterreno. La plantilla supersuave garantiza un alto nivel de comodidad.<\/p>\n<h3>detalles<\/h3>\n<p>Talla: 37; 37,5; 38; 39<br \/>\nSistema de tallaje: tallas UE<br \/>\nAltura del tac\u00f3n: 1,5 cm<br \/>\nColor del fabricante: Marr\u00f3n medio 068<br \/>\nColor: marr\u00f3n<br \/>\nMaterial exterior: Piel lisa<br \/>\nMaterial interior: cuero<br \/>\nEstilo: casual<br \/>\nFijaci\u00f3n: sin fijaci\u00f3n<br \/>\nPuntera: redonda<br \/>\nMaterial de la plantilla: cuero<br \/>\nMaterial de la suela: caucho<\/p>","protected":false},"excerpt":{"rendered":"<h3>Artikelmerkmale<\/h3>\n<p>Estado del art\u00edculo: Nuevo con etiqueta: Art\u00edculo nuevo, sin usar y sin estrenar, en su embalaje original.<\/p>\n<table border=\"0\" frame=\"VOID\" rules=\"NONE\" cellspacing=\"0\">\n<colgroup>\n<col width=\"137\" \/>\n<col width=\"120\" \/><\/colgroup>\n<tbody>\n<tr>\n<td align=\"LEFT\" width=\"137\" height=\"17\">Abteilung:<\/td>\n<td align=\"LEFT\" width=\"120\">Damen<\/td>\n<\/tr>\n<tr>\n<td align=\"LEFT\" height=\"17\">Akzente:<\/td>\n<td align=\"LEFT\">keine<\/td>\n<\/tr>\n<tr>\n<td align=\"LEFT\" height=\"17\">Anlass:<\/td>\n<td align=\"LEFT\">Business<\/td>\n<\/tr>\n<tr>\n<td align=\"LEFT\" height=\"17\">EU-Schuhgr\u00f6\u00dfe:<\/td>\n<td align=\"LEFT\">EUR 37,5<\/td>\n<\/tr>\n<tr>\n<td align=\"LEFT\" height=\"17\">Color:<\/td>\n<td align=\"LEFT\">Marr\u00f3n<\/td>\n<\/tr>\n<tr>\n<td align=\"LEFT\" height=\"17\">Futtermaterial:<\/td>\n<td align=\"LEFT\">Piel<\/td>\n<\/tr>\n<tr>\n<td align=\"LEFT\" height=\"17\">Innensohlenmaterial:<\/td>\n<td align=\"LEFT\">Piel<\/td>\n<\/tr>\n<tr>\n<td align=\"LEFT\" height=\"17\">Jahreszeit:<\/td>\n<td align=\"LEFT\">Fr\u00fchling, Sommer<\/td>\n<\/tr>\n<tr>\n<td align=\"LEFT\" height=\"17\">Laufsohlenmaterial:<\/td>\n<td align=\"LEFT\">Goma<\/td>\n<\/tr>\n<tr>\n<td align=\"LEFT\" height=\"17\">Marke:<\/td>\n<td align=\"LEFT\">Paul Green<\/td>\n<\/tr>\n<tr>\n<td align=\"LEFT\" height=\"17\">Modell:<\/td>\n<td align=\"LEFT\">Bailarina<\/td>\n<\/tr>\n<tr>\n<td align=\"LEFT\" height=\"17\">Material superior:<\/td>\n<td align=\"LEFT\">Piel<\/td>\n<\/tr>\n<tr>\n<td align=\"LEFT\" height=\"17\">Produktart:<\/td>\n<td align=\"LEFT\">Flacher Schuh<\/td>\n<\/tr>\n<tr>\n<td align=\"LEFT\" height=\"17\">Schuhgr\u00f6\u00dfe:<\/td>\n<td align=\"LEFT\">EUR 37,5<\/td>\n<\/tr>\n<tr>\n<td align=\"LEFT\" height=\"17\">Schuhspitze:<\/td>\n<td align=\"LEFT\">Mandelf\u00f6rmig<\/td>\n<\/tr>\n<tr>\n<td align=\"LEFT\" height=\"17\">Schuhweite:<\/td>\n<td align=\"LEFT\">E<\/td>\n<\/tr>\n<tr>\n<td align=\"LEFT\" height=\"17\">Stil:<\/td>\n<td align=\"LEFT\">Slipper<\/td>\n<\/tr>\n<tr>\n<td align=\"LEFT\" height=\"17\">Thema:<\/td>\n<td align=\"LEFT\">Klassisch<\/td>\n<\/tr>\n<tr>\n<td align=\"LEFT\" height=\"17\">UK-Schuhgr\u00f6\u00dfe:<\/td>\n<td align=\"LEFT\">UK 5<\/td>\n<\/tr>\n<tr>\n<td align=\"LEFT\" height=\"17\">US-Schuhgr\u00f6\u00dfe:<\/td>\n<td align=\"LEFT\">US 7<\/td>\n<\/tr>\n<tr>\n<td align=\"LEFT\" height=\"17\">Vintage:<\/td>\n<td align=\"LEFT\">Nein<\/td>\n<\/tr>\n<\/tbody>\n<\/table>","protected":false},"featured_media":79441,"comment_status":"open","ping_status":"closed","template":"","meta":{"_seopress_robots_primary_cat":"","_seopress_titles_title":"","_seopress_titles_desc":"","_seopress_robots_index":""},"product_brand":[],"product_cat":[1348,1360,1570],"product_tag":[],"class_list":{"0":"post-79323","1":"product","2":"type-product","3":"status-publish","4":"has-post-thumbnail","6":"product_cat-damen-mode","7":"product_cat-schuhe","8":"product_cat-ballerina","9":"product_shipping_class-standard-versand","11":"first","12":"instock","13":"sale","14":"taxable","15":"shipping-taxable","16":"purchasable","17":"product-type-simple"},"_links":{"self":[{"href":"https:\/\/www.soanam.de\/es\/wp-json\/wp\/v2\/product\/79323","targetHints":{"allow":["GET"]}}],"collection":[{"href":"https:\/\/www.soanam.de\/es\/wp-json\/wp\/v2\/product"}],"about":[{"href":"https:\/\/www.soanam.de\/es\/wp-json\/wp\/v2\/types\/product"}],"replies":[{"embeddable":true,"href":"https:\/\/www.soanam.de\/es\/wp-json\/wp\/v2\/comments?post=79323"}],"wp:featuredmedia":[{"embeddable":true,"href":"https:\/\/www.soanam.de\/es\/wp-json\/wp\/v2\/media\/79441"}],"wp:attachment":[{"href":"https:\/\/www.soanam.de\/es\/wp-json\/wp\/v2\/media?parent=79323"}],"wp:term":[{"taxonomy":"product_brand","embeddable":true,"href":"https:\/\/www.soanam.de\/es\/wp-json\/wp\/v2\/product_brand?post=79323"},{"taxonomy":"product_cat","embeddable":true,"href":"https:\/\/www.soanam.de\/es\/wp-json\/wp\/v2\/product_cat?post=79323"},{"taxonomy":"product_tag","embeddable":true,"href":"https:\/\/www.soanam.de\/es\/wp-json\/wp\/v2\/product_tag?post=79323"}],"curies":[{"name":"wp","href":"https:\/\/api.w.org\/{rel}","templated":true}]}}