{"id":79280,"date":"2023-12-13T22:36:17","date_gmt":"2023-12-13T21:36:17","guid":{"rendered":"https:\/\/www.soanam.de\/?post_type=product&#038;p=79280"},"modified":"2023-12-13T22:38:50","modified_gmt":"2023-12-13T21:38:50","slug":"calzoncillos-go-in-hip-en-pack-de-3-en-blanco-talla-44-46","status":"publish","type":"product","link":"https:\/\/www.soanam.de\/es\/produkt\/go-in-hueftslip-im-3er-pack-in-weiss-groesse-44-46\/","title":{"rendered":"Calzoncillos hipster Go in en pack de 3, en blanco, talla 44\/46"},"content":{"rendered":"<p>Calzoncillos hipster en pack de 3 de Go in<br \/>\nGran altura para un confort \u00f3ptimo<br \/>\nCon cintura y perneras el\u00e1sticas<br \/>\nDe suave tejido de algod\u00f3n el\u00e1stico<\/p>\n<p>Simplemente un b\u00e1sico suave para todos los d\u00edas y en un paquete de 3.<br \/>\nEstos pantalones superc\u00f3modos con cintura ancha y pernera de corte regular se ajustan perfectamente al cuerpo.<br \/>\nLa mezcla de materiales altamente el\u00e1sticos garantiza un ajuste c\u00f3modo dif\u00edcil de superar<\/p>\n<p>Material: 95% algod\u00f3n , 5% elastano<br \/>\nInstrucciones de cuidado: Lavar a m\u00e1quina<\/p>\n<p>Color: blanco<br \/>\nPatr\u00f3n: sin<br \/>\nTalla: 44\/46<\/p>","protected":false},"excerpt":{"rendered":"<table class=\"dv_characteristicsTable\">\n<caption>MASSANGABE<\/caption>\n<tbody>\n<tr>\n<td class=\"left\">Talla<\/td>\n<td>44\/46<\/td>\n<\/tr>\n<tr>\n<td class=\"left\">Gr\u00f6\u00dfentyp<\/td>\n<td>Normalgr\u00f6\u00dfen<\/td>\n<\/tr>\n<\/tbody>\n<\/table>\n<table class=\"dv_characteristicsTable\">\n<caption>COLOR<\/caption>\n<tbody>\n<tr>\n<td class=\"left\">Color<\/td>\n<td>wei\u00df<\/td>\n<\/tr>\n<\/tbody>\n<\/table>\n<table class=\"dv_characteristicsTable\">\n<caption>PRODUKTDETAILS<\/caption>\n<tbody>\n<tr>\n<td class=\"left\">Ausstattung<\/td>\n<td>Refuerzo de algod\u00f3n<\/td>\n<\/tr>\n<tr>\n<td class=\"left\">Instrucciones de cuidado<\/td>\n<td>Lavado a m\u00e1quina<\/td>\n<\/tr>\n<\/tbody>\n<\/table>\n<table class=\"dv_characteristicsTable\">\n<caption>MATERIAL<\/caption>\n<tbody>\n<tr>\n<td class=\"left\">Composici\u00f3n del material<\/td>\n<td>Obermaterial: 95% Baumwolle\u00a0, 5% Elasthan<\/td>\n<\/tr>\n<\/tbody>\n<\/table>","protected":false},"featured_media":79402,"comment_status":"open","ping_status":"closed","template":"","meta":{"_seopress_robots_primary_cat":"","_seopress_titles_title":"","_seopress_titles_desc":"","_seopress_robots_index":""},"product_brand":[],"product_cat":[1348,1444,1501],"product_tag":[],"class_list":{"0":"post-79280","1":"product","2":"type-product","3":"status-publish","4":"has-post-thumbnail","6":"product_cat-damen-mode","7":"product_cat-unterwaesche","8":"product_cat-slips","9":"product_shipping_class-standard-versand","11":"first","12":"instock","13":"sale","14":"taxable","15":"shipping-taxable","16":"purchasable","17":"product-type-simple"},"_links":{"self":[{"href":"https:\/\/www.soanam.de\/es\/wp-json\/wp\/v2\/product\/79280","targetHints":{"allow":["GET"]}}],"collection":[{"href":"https:\/\/www.soanam.de\/es\/wp-json\/wp\/v2\/product"}],"about":[{"href":"https:\/\/www.soanam.de\/es\/wp-json\/wp\/v2\/types\/product"}],"replies":[{"embeddable":true,"href":"https:\/\/www.soanam.de\/es\/wp-json\/wp\/v2\/comments?post=79280"}],"wp:featuredmedia":[{"embeddable":true,"href":"https:\/\/www.soanam.de\/es\/wp-json\/wp\/v2\/media\/79402"}],"wp:attachment":[{"href":"https:\/\/www.soanam.de\/es\/wp-json\/wp\/v2\/media?parent=79280"}],"wp:term":[{"taxonomy":"product_brand","embeddable":true,"href":"https:\/\/www.soanam.de\/es\/wp-json\/wp\/v2\/product_brand?post=79280"},{"taxonomy":"product_cat","embeddable":true,"href":"https:\/\/www.soanam.de\/es\/wp-json\/wp\/v2\/product_cat?post=79280"},{"taxonomy":"product_tag","embeddable":true,"href":"https:\/\/www.soanam.de\/es\/wp-json\/wp\/v2\/product_tag?post=79280"}],"curies":[{"name":"wp","href":"https:\/\/api.w.org\/{rel}","templated":true}]}}