{"id":79218,"date":"2023-12-13T22:34:59","date_gmt":"2023-12-13T21:34:59","guid":{"rendered":"https:\/\/www.soanam.de\/?post_type=product&#038;p=79218"},"modified":"2023-12-13T22:37:42","modified_gmt":"2023-12-13T21:37:42","slug":"arizona-bootcut-jeans-ultra-stretch-in-black-groesse-19","status":"publish","type":"product","link":"https:\/\/www.soanam.de\/es\/produkt\/arizona-bootcut-jeans-ultra-stretch-in-black-groesse-19\/","title":{"rendered":"Vaqueros bootcut Arizona ultra el\u00e1sticos, en negro, talla 19"},"content":{"rendered":"<p>Vaqueros de corte bootcut con tiro normal<br \/>\nTejido vaquero el\u00e1stico de alto rendimiento<br \/>\nBaby bootcut - s\u00f3lo moderadamente acampanado<\/p>\n<p>El corte bootcut de beb\u00e9: corte entallado y dobladillo de la pierna ligeramente acampanado.<br \/>\nUn corte c\u00f3modo y un tejido vaquero el\u00e1stico de alto rendimiento hacen que estos vaqueros con dise\u00f1o de 5 bolsillos sean tan c\u00f3modos.<\/p>\n<p>Material: algod\u00f3n 74%, poli\u00e9ster 24%, elastano 2%<br \/>\nInstrucciones de cuidado: Lavable a m\u00e1quina a 40<\/p>\n<p>Color: negro<br \/>\nGr\u00f6\u00dfe: EUR 19<\/p>\n<p>Cintura: 73 cm<br \/>\nPer\u00edmetro de la cadera: 88 cm<br \/>\nLongitud del pelda\u00f1o:76cm<br \/>\nLongitud total: 102 cm<\/p>","protected":false},"excerpt":{"rendered":"<table class=\"dv_characteristicsTable\">\n<tbody>\n<tr>\n<td class=\"left\">Talla<\/td>\n<td>19<\/td>\n<\/tr>\n<tr>\n<td class=\"left\">Gr\u00f6\u00dfentyp<\/td>\n<td>Kurzgr\u00f6\u00dfen<\/td>\n<\/tr>\n<tr>\n<td class=\"left\">Composici\u00f3n del material<\/td>\n<td>Obermaterial: 74% Baumwolle, 24% Polyester, 2% Elasthan<\/td>\n<\/tr>\n<tr>\n<td class=\"left\">Materialart<\/td>\n<td>Vaqueros<\/td>\n<\/tr>\n<tr>\n<td class=\"left\">Materialeigenschaften<\/td>\n<td>Stretch<\/td>\n<\/tr>\n<tr>\n<td class=\"left\">Instrucciones de cuidado<\/td>\n<td>Lavado a m\u00e1quina<\/td>\n<\/tr>\n<tr>\n<td class=\"left\">Stil<\/td>\n<td>Basic<\/td>\n<\/tr>\n<tr>\n<td class=\"left\">Color<\/td>\n<td>black<\/td>\n<\/tr>\n<tr>\n<td class=\"left\">Leibh\u00f6he<\/td>\n<td>normal<\/td>\n<\/tr>\n<tr>\n<td class=\"left\">Bundabschluss<\/td>\n<td>abgestepptes B\u00fcndchen<\/td>\n<\/tr>\n<tr>\n<td class=\"left\">Beinform<\/td>\n<td>Bootcut<\/td>\n<\/tr>\n<tr>\n<td class=\"left\">Beinabschluss<\/td>\n<td>abgestepptes B\u00fcndchen<\/td>\n<\/tr>\n<tr>\n<td class=\"left\">Schnittform L\u00e4nge<\/td>\n<td>lang<\/td>\n<\/tr>\n<tr>\n<td class=\"left\">Trabillas<\/td>\n<td>ja<\/td>\n<\/tr>\n<tr>\n<td class=\"left\">Bolsas<\/td>\n<td>Eingrifftaschen, Coinpocket, Ges\u00e4\u00dftaschen<\/td>\n<\/tr>\n<tr>\n<td class=\"left\">Verschluss<\/td>\n<td>Knopf, Rei\u00dfverschluss<\/td>\n<\/tr>\n<tr>\n<td class=\"left\">Besondere Merkmale<\/td>\n<td>Mid-Waist<\/td>\n<\/tr>\n<\/tbody>\n<\/table>","protected":false},"featured_media":79338,"comment_status":"open","ping_status":"closed","template":"","meta":{"_seopress_robots_primary_cat":"","_seopress_titles_title":"","_seopress_titles_desc":"","_seopress_robots_index":""},"product_brand":[],"product_cat":[1348,1349,1350],"product_tag":[],"class_list":{"0":"post-79218","1":"product","2":"type-product","3":"status-publish","4":"has-post-thumbnail","6":"product_cat-damen-mode","7":"product_cat-hosen-damen-mode","8":"product_cat-jeans-hosen-damen-mode","9":"product_shipping_class-standard-versand","11":"first","12":"instock","13":"taxable","14":"shipping-taxable","15":"purchasable","16":"product-type-simple"},"_links":{"self":[{"href":"https:\/\/www.soanam.de\/es\/wp-json\/wp\/v2\/product\/79218","targetHints":{"allow":["GET"]}}],"collection":[{"href":"https:\/\/www.soanam.de\/es\/wp-json\/wp\/v2\/product"}],"about":[{"href":"https:\/\/www.soanam.de\/es\/wp-json\/wp\/v2\/types\/product"}],"replies":[{"embeddable":true,"href":"https:\/\/www.soanam.de\/es\/wp-json\/wp\/v2\/comments?post=79218"}],"wp:featuredmedia":[{"embeddable":true,"href":"https:\/\/www.soanam.de\/es\/wp-json\/wp\/v2\/media\/79338"}],"wp:attachment":[{"href":"https:\/\/www.soanam.de\/es\/wp-json\/wp\/v2\/media?parent=79218"}],"wp:term":[{"taxonomy":"product_brand","embeddable":true,"href":"https:\/\/www.soanam.de\/es\/wp-json\/wp\/v2\/product_brand?post=79218"},{"taxonomy":"product_cat","embeddable":true,"href":"https:\/\/www.soanam.de\/es\/wp-json\/wp\/v2\/product_cat?post=79218"},{"taxonomy":"product_tag","embeddable":true,"href":"https:\/\/www.soanam.de\/es\/wp-json\/wp\/v2\/product_tag?post=79218"}],"curies":[{"name":"wp","href":"https:\/\/api.w.org\/{rel}","templated":true}]}}