{"id":79199,"date":"2023-12-13T22:34:30","date_gmt":"2023-12-13T21:34:30","guid":{"rendered":"https:\/\/www.soanam.de\/?post_type=product&#038;p=79199"},"modified":"2023-12-13T22:37:14","modified_gmt":"2023-12-13T21:37:14","slug":"yume-sleepwear-manta-infantil-luna-bordada-a-mano-en-azul-crema-135cm-x-100cm","status":"publish","type":"product","link":"https:\/\/www.soanam.de\/es\/produkt\/yume-sleepwear-kinderdecke-mond-handbestickt-in-blau-creme-135cm-x-100cm\/","title":{"rendered":"Manta infantil Yume Sleepwear \"Luna\", bordada a mano, en azul \/ crema (135cm x 100cm)"},"content":{"rendered":"<h3>Descripci\u00f3n de la<\/h3>\n<p>Dise\u00f1ada para so\u00f1ar, Yume es una colecci\u00f3n de exquisita ropa de dormir, distintivas mantas bordadas a mano y encantadores accesorios para ni\u00f1os inspirados en rituales asi\u00e1ticos centenarios que adoptan prendas c\u00f3modas para la transici\u00f3n del zumbido del d\u00eda a la calma de la noche.<br \/>\nYume se basa en dise\u00f1os tradicionales que han funcionado durante siglos y se adaptan a las necesidades de los ni\u00f1os y a nuestro sentido de la belleza.<br \/>\nFabricados en suave tejido de algod\u00f3n de doble capa, los productos son c\u00f3modos, bonitos y agradables, con un fino acabado.<br \/>\nEsperamos que sirvan a sus hijos como un amigo para todo durante la transici\u00f3n, a veces dif\u00edcil, de la excitaci\u00f3n del d\u00eda al sue\u00f1o reparador y les proporcionen una sensaci\u00f3n de acogedora serenidad.<br \/>\nLos productos Yume est\u00e1n hechos para durar y pueden ser usados por generaciones de ni\u00f1os.<\/p>\n<h3>Descripci\u00f3n del art\u00edculo<\/h3>\n<p>Las mantas infantiles Yume est\u00e1n confeccionadas con telas de varias capas y hechas a mano y bordadas por mujeres en una labor que lleva mucho tiempo. Los bordados simbolizan elementos de la naturaleza para los que las bordadoras (en el interior) son importantes: Soles, lunas, lluvia, arroz.<br \/>\nEl tama\u00f1o de las mantas infantiles es de 100x135 cm y tambi\u00e9n pueden utilizarse despu\u00e9s de la infancia como una gran \"bufanda de peluche\" o para abrigar las caderas. Todas las mantas se pueden lavar a m\u00e1quina hasta 40 \u00baC.<\/p>\n<h3>detalles<\/h3>\n<p>Color: azul noche \/ crema<br \/>\nMaterial: 100% Premium - algod\u00f3n multicapa<br \/>\nTama\u00f1o: 135 cm x 100 cm<br \/>\nBordado a mano<br \/>\nLavable a m\u00e1quina a 40 \u00b0C<br \/>\nFabricado en Tailandia<\/p>","protected":false},"excerpt":{"rendered":"<h3>Artikelmerkmale<\/h3>\n<p>Estado del art\u00edculo: Nuevo con etiqueta: Art\u00edculo nuevo, sin usar y sin estrenar, en su embalaje original.<\/p>\n<p>Produktart: Decke<br \/>\nL\u00e4nge: 135 cm<br \/>\nF\u00fcllmaterial: nicht zutreffend<br \/>\nMaterial: algod\u00f3n 100%<br \/>\nPflegeanleitung: Maschinenw\u00e4sche<br \/>\nColor: Azul<br \/>\nBreite: 100 cm<br \/>\nMarke: Yume<br \/>\nTama\u00f1o: 135 cm x 100 cm<\/p>","protected":false},"featured_media":79312,"comment_status":"open","ping_status":"closed","template":"","meta":{"_seopress_robots_primary_cat":"","_seopress_titles_title":"","_seopress_titles_desc":"","_seopress_robots_index":""},"product_brand":[],"product_cat":[1400],"product_tag":[],"class_list":{"0":"post-79199","1":"product","2":"type-product","3":"status-publish","4":"has-post-thumbnail","6":"product_cat-wohnzubehoer","7":"product_shipping_class-standard-versand","9":"first","10":"instock","11":"sale","12":"taxable","13":"shipping-taxable","14":"purchasable","15":"product-type-simple"},"_links":{"self":[{"href":"https:\/\/www.soanam.de\/es\/wp-json\/wp\/v2\/product\/79199","targetHints":{"allow":["GET"]}}],"collection":[{"href":"https:\/\/www.soanam.de\/es\/wp-json\/wp\/v2\/product"}],"about":[{"href":"https:\/\/www.soanam.de\/es\/wp-json\/wp\/v2\/types\/product"}],"replies":[{"embeddable":true,"href":"https:\/\/www.soanam.de\/es\/wp-json\/wp\/v2\/comments?post=79199"}],"wp:featuredmedia":[{"embeddable":true,"href":"https:\/\/www.soanam.de\/es\/wp-json\/wp\/v2\/media\/79312"}],"wp:attachment":[{"href":"https:\/\/www.soanam.de\/es\/wp-json\/wp\/v2\/media?parent=79199"}],"wp:term":[{"taxonomy":"product_brand","embeddable":true,"href":"https:\/\/www.soanam.de\/es\/wp-json\/wp\/v2\/product_brand?post=79199"},{"taxonomy":"product_cat","embeddable":true,"href":"https:\/\/www.soanam.de\/es\/wp-json\/wp\/v2\/product_cat?post=79199"},{"taxonomy":"product_tag","embeddable":true,"href":"https:\/\/www.soanam.de\/es\/wp-json\/wp\/v2\/product_tag?post=79199"}],"curies":[{"name":"wp","href":"https:\/\/api.w.org\/{rel}","templated":true}]}}