{"id":79165,"date":"2023-12-13T22:01:32","date_gmt":"2023-12-13T21:01:32","guid":{"rendered":"https:\/\/www.soanam.de\/?post_type=product&#038;p=79165"},"modified":"2023-12-13T22:36:34","modified_gmt":"2023-12-13T21:36:34","slug":"bergans-of-norway-roros-ins-3-4-pantalones-hombre-mujer-negro-talla-m","status":"publish","type":"product","link":"https:\/\/www.soanam.de\/es\/produkt\/bergans-of-norway-roros-ins-3-4-pants-maenner-frauen-schwarz-groesse-m\/","title":{"rendered":"Bergans of Norway R\u00f8ros Ins 3\/4 Pantalones, Hombre, Mujer, Negro, Talla M"},"content":{"rendered":"<h3>Descripci\u00f3n de la<\/h3>\n<p>Pantal\u00f3n aislante PrimaLoft\u00ae ligero y repelente al agua.<br \/>\nEl complemento perfecto para cualquier atuendo de monta\u00f1a para excursiones en d\u00edas especialmente fr\u00edos.<\/p>\n<p>Los pantalones R\u00f8ros Insulated 3\/4 son una capa aislante fiable que cabe en cualquier mochila gracias a su reducido tama\u00f1o. El tejido exterior Pertex, cortaviento y repelente al agua, ofrece una protecci\u00f3n \u00f3ptima frente a las inclemencias del tiempo y es especialmente c\u00f3modo de llevar. Rellenos de Primaloft\u00ae Silver Eco extremadamente ligero, proporcionan un calor acogedor incluso cuando est\u00e1n mojados, son resistentes al viento y pueden llevarse encima o debajo de una capa exterior r\u00edgida.<\/p>\n<p>La cremallera completa facilita el poner y quitar los pantalones, mientras que la cintura ajustable puede ajustarse a sus necesidades, garantizando un ajuste seguro y c\u00f3modo. La secci\u00f3n preformada de la rodilla tambi\u00e9n ofrece la mejor libertad de movimiento posible. Cuando no se usan, los pantalones R\u00f8ros Insulated 3\/4 de Bergans pueden guardarse f\u00e1cilmente en su propio bolsillo.<\/p>\n<p>Deporte y uso: Senderismo de monta\u00f1a<br \/>\nAdecuado para: Hombres, Mujeres<br \/>\nConstrucci\u00f3n: Pantalones aislantes<br \/>\nPrimaLoft\u00ae, Pertex<br \/>\nPrimaLoft\u00ae Silver Eco<br \/>\nAislamiento de fibra sint\u00e9tica<br \/>\nCaracter\u00edsticas: secado r\u00e1pido, transporte r\u00e1pido de la humedad, transpirable, cortaviento, repelente al agua, el\u00e1stico, resistente, ocupa poco espacio.<br \/>\nCaracter\u00edsticas: cremallera entera, rodillas preformadas, cintura ajustable, bolsillo(s) lateral(es) con cremallera<br \/>\nFabricaci\u00f3n: contiene materiales reciclados, impregnaci\u00f3n sin PFC<br \/>\nPorcentaje de material reciclado: poli\u00e9ster 70%<br \/>\nMaterial: Material principal: poliamida 100%<br \/>\nRelleno: poli\u00e9ster 100%<\/p>","protected":false},"excerpt":{"rendered":"<h3>Artikelmerkmale<\/h3>\n<p>Estado del art\u00edculo: Nuevo con etiqueta: Art\u00edculo nuevo, sin usar y sin estrenar, en su embalaje original.<\/p>\n<table border=\"0\" frame=\"VOID\" rules=\"NONE\" cellspacing=\"0\">\n<colgroup>\n<col width=\"131\" \/>\n<col width=\"108\" \/><\/colgroup>\n<tbody>\n<tr>\n<td align=\"LEFT\" width=\"131\" height=\"17\">Abteilung:<\/td>\n<td align=\"LEFT\" width=\"108\">Unisex<\/td>\n<\/tr>\n<tr>\n<td align=\"LEFT\" height=\"17\">Aktivit\u00e4t:<\/td>\n<td align=\"LEFT\">Wanderung<\/td>\n<\/tr>\n<tr>\n<td align=\"LEFT\" height=\"17\">Anlass:<\/td>\n<td align=\"LEFT\">Freizeit<\/td>\n<\/tr>\n<tr>\n<td align=\"LEFT\" height=\"17\">EAN:<\/td>\n<td align=\"LEFT\">7031582132912<\/td>\n<\/tr>\n<tr>\n<td align=\"LEFT\" height=\"17\">Color:<\/td>\n<td align=\"LEFT\">Negro<\/td>\n<\/tr>\n<tr>\n<td align=\"LEFT\" height=\"17\">Gewebeart:<\/td>\n<td align=\"LEFT\">Kunstfaser<\/td>\n<\/tr>\n<tr>\n<td align=\"LEFT\" height=\"17\">Gr\u00f6\u00dfe:<\/td>\n<td align=\"LEFT\">M<\/td>\n<\/tr>\n<tr>\n<td align=\"LEFT\" height=\"17\">Gr\u00f6\u00dfenkategorie:<\/td>\n<td align=\"LEFT\">Normalgr\u00f6\u00dfe<\/td>\n<\/tr>\n<tr>\n<td align=\"LEFT\" height=\"17\">Marke:<\/td>\n<td align=\"LEFT\">Bergans<\/td>\n<\/tr>\n<tr>\n<td align=\"LEFT\" height=\"17\">Material:<\/td>\n<td align=\"LEFT\">100% Poli\u00e9ster<\/td>\n<\/tr>\n<tr>\n<td align=\"LEFT\" height=\"17\">Produktart:<\/td>\n<td align=\"LEFT\">Pantalones<\/td>\n<\/tr>\n<tr>\n<td align=\"LEFT\" height=\"17\">Stil:<\/td>\n<td align=\"LEFT\">Schneehose<\/td>\n<\/tr>\n<tr>\n<td align=\"LEFT\" height=\"17\">Thema:<\/td>\n<td align=\"LEFT\">Bergwandern<\/td>\n<\/tr>\n<tr>\n<td align=\"LEFT\" height=\"17\">Verschluss:<\/td>\n<td align=\"LEFT\">Cierre de cremallera<\/td>\n<\/tr>\n<tr>\n<td align=\"LEFT\" height=\"17\">Vintage:<\/td>\n<td align=\"LEFT\">Nein<\/td>\n<\/tr>\n<tr>\n<td align=\"LEFT\" height=\"17\"><\/td>\n<td align=\"LEFT\"><\/td>\n<\/tr>\n<tr>\n<td align=\"LEFT\" height=\"17\"><strong>Ma\u00dfangaben<\/strong><\/td>\n<td align=\"LEFT\"><\/td>\n<\/tr>\n<tr>\n<td align=\"LEFT\" height=\"17\"><\/td>\n<td align=\"LEFT\"><\/td>\n<\/tr>\n<tr>\n<td align=\"LEFT\" height=\"17\">K\u00f6rpergr\u00f6\u00dfe:<\/td>\n<td align=\"LEFT\">176 \u2013 179 cm<\/td>\n<\/tr>\n<tr>\n<td align=\"LEFT\" height=\"17\">Brust:<\/td>\n<td align=\"LEFT\">97 \u2013 104 cm<\/td>\n<\/tr>\n<tr>\n<td align=\"LEFT\" height=\"17\">Taille:<\/td>\n<td align=\"LEFT\">84 \u2013 91 cm<\/td>\n<\/tr>\n<tr>\n<td align=\"LEFT\" height=\"17\">H\u00fcfte:<\/td>\n<td align=\"LEFT\">99 \u2013 105 cm<\/td>\n<\/tr>\n<tr>\n<td align=\"LEFT\" height=\"17\">Beinl\u00e4nge<\/td>\n<td align=\"LEFT\">84,5 \u2013 84,5 cm<\/td>\n<\/tr>\n<\/tbody>\n<\/table>","protected":false},"featured_media":79287,"comment_status":"open","ping_status":"closed","template":"","meta":{"_seopress_robots_primary_cat":"","_seopress_titles_title":"","_seopress_titles_desc":"","_seopress_robots_index":""},"product_brand":[],"product_cat":[1345,1346,1348,1349,1527,1566,1567,1568],"product_tag":[],"class_list":{"0":"post-79165","1":"product","2":"type-product","3":"status-publish","4":"has-post-thumbnail","6":"product_cat-herrenmode","7":"product_cat-hosen","8":"product_cat-damen-mode","9":"product_cat-hosen-damen-mode","10":"product_cat-kurze-hosen","11":"product_cat-bermudas-kurze-hosen","12":"product_cat-kurze-hosen-hosen","13":"product_cat-bermudas-kurze-hosen-hosen","14":"product_shipping_class-standard-versand","16":"first","17":"instock","18":"sale","19":"taxable","20":"shipping-taxable","21":"purchasable","22":"product-type-simple"},"_links":{"self":[{"href":"https:\/\/www.soanam.de\/es\/wp-json\/wp\/v2\/product\/79165","targetHints":{"allow":["GET"]}}],"collection":[{"href":"https:\/\/www.soanam.de\/es\/wp-json\/wp\/v2\/product"}],"about":[{"href":"https:\/\/www.soanam.de\/es\/wp-json\/wp\/v2\/types\/product"}],"replies":[{"embeddable":true,"href":"https:\/\/www.soanam.de\/es\/wp-json\/wp\/v2\/comments?post=79165"}],"wp:featuredmedia":[{"embeddable":true,"href":"https:\/\/www.soanam.de\/es\/wp-json\/wp\/v2\/media\/79287"}],"wp:attachment":[{"href":"https:\/\/www.soanam.de\/es\/wp-json\/wp\/v2\/media?parent=79165"}],"wp:term":[{"taxonomy":"product_brand","embeddable":true,"href":"https:\/\/www.soanam.de\/es\/wp-json\/wp\/v2\/product_brand?post=79165"},{"taxonomy":"product_cat","embeddable":true,"href":"https:\/\/www.soanam.de\/es\/wp-json\/wp\/v2\/product_cat?post=79165"},{"taxonomy":"product_tag","embeddable":true,"href":"https:\/\/www.soanam.de\/es\/wp-json\/wp\/v2\/product_tag?post=79165"}],"curies":[{"name":"wp","href":"https:\/\/api.w.org\/{rel}","templated":true}]}}