{"id":79130,"date":"2023-12-13T22:00:35","date_gmt":"2023-12-13T21:00:35","guid":{"rendered":"https:\/\/www.soanam.de\/?post_type=product&#038;p=79130"},"modified":"2023-12-13T22:35:33","modified_gmt":"2023-12-13T21:35:33","slug":"sujetador-deportivo-nike-swoosh-mujer-soporte-medio-1-pieza-en-negro-talla-m","status":"publish","type":"product","link":"https:\/\/www.soanam.de\/es\/produkt\/nike-swoosh-womens-medium-support-1-piece-pad-sports-bra-in-schwarz-groesse-m\/","title":{"rendered":"Sujetador deportivo Nike Swoosh de 1 pieza y sujeci\u00f3n media, negro, talla M, Mujer"},"content":{"rendered":"<p>Sujetador deportivo de Nike<br \/>\nTapicer\u00eda desmontable de una sola pieza<br \/>\nSujeci\u00f3n media para entrenamientos, spinning, cross-training, tenis y running<br \/>\nTecnolog\u00eda Dri-Fit<\/p>\n<p>El sujetador deportivo Nike Swoosh proporciona una protecci\u00f3n cl\u00e1sica y una sujeci\u00f3n media para actividades como spinning, cardio y clases de baile.<br \/>\nEl acolchado extra\u00edble se ha redise\u00f1ado para que no resbale durante los entrenamientos.<br \/>\nLa tecnolog\u00eda Dri-FIT aleja el sudor del cuerpo y garantiza un confort seco.<\/p>\n<p>Material: poli\u00e9ster 82%, elastano 18%<br \/>\nInstrucciones de cuidado: Lavar a m\u00e1quina<\/p>\n<p>Color: negro<br \/>\nDise\u00f1o: Logotipo Swoosh<br \/>\nTalla: 38<\/p>","protected":false},"excerpt":{"rendered":"<table class=\"dv_characteristicsTable\">\n<caption>MASSANGABE<\/caption>\n<tbody>\n<tr>\n<td class=\"left\">Talla<\/td>\n<td>M (38)<\/td>\n<\/tr>\n<tr>\n<td class=\"left\">Gr\u00f6\u00dfentyp<\/td>\n<td>Normalgr\u00f6\u00dfen<\/td>\n<\/tr>\n<\/tbody>\n<\/table>\n<table class=\"dv_characteristicsTable\">\n<caption>COLOR<\/caption>\n<tbody>\n<tr>\n<td class=\"left\">Color<\/td>\n<td>schwarz<\/td>\n<\/tr>\n<\/tbody>\n<\/table>\n<table class=\"dv_characteristicsTable\">\n<caption>MATERIAL<\/caption>\n<tbody>\n<tr>\n<td class=\"left\">Composici\u00f3n del material<\/td>\n<td>Obermaterial: 82% Polyester, 18% Elasthan<\/td>\n<\/tr>\n<tr>\n<td class=\"left\">Instrucciones de cuidado<\/td>\n<td>Lavado a m\u00e1quina<\/td>\n<\/tr>\n<\/tbody>\n<\/table>\n<table class=\"dv_characteristicsTable\">\n<caption>OPTIK\/STIL<\/caption>\n<tbody>\n<tr>\n<td class=\"left\">Stil<\/td>\n<td>sportlich<\/td>\n<\/tr>\n<\/tbody>\n<\/table>\n<table class=\"dv_characteristicsTable\">\n<caption>SPORTARTDETAILS<\/caption>\n<tbody>\n<tr>\n<td class=\"left\">Sportart<\/td>\n<td>Fitness<\/td>\n<\/tr>\n<\/tbody>\n<\/table>","protected":false},"featured_media":79242,"comment_status":"open","ping_status":"closed","template":"","meta":{"_seopress_robots_primary_cat":"","_seopress_titles_title":"","_seopress_titles_desc":"","_seopress_robots_index":""},"product_brand":[],"product_cat":[1348,1402,1564],"product_tag":[],"class_list":{"0":"post-79130","1":"product","2":"type-product","3":"status-publish","4":"has-post-thumbnail","6":"product_cat-damen-mode","7":"product_cat-sportbekleidung-damen-mode","8":"product_cat-sport-bhs","9":"product_shipping_class-standard-versand","11":"first","12":"instock","13":"taxable","14":"shipping-taxable","15":"purchasable","16":"product-type-simple"},"_links":{"self":[{"href":"https:\/\/www.soanam.de\/es\/wp-json\/wp\/v2\/product\/79130","targetHints":{"allow":["GET"]}}],"collection":[{"href":"https:\/\/www.soanam.de\/es\/wp-json\/wp\/v2\/product"}],"about":[{"href":"https:\/\/www.soanam.de\/es\/wp-json\/wp\/v2\/types\/product"}],"replies":[{"embeddable":true,"href":"https:\/\/www.soanam.de\/es\/wp-json\/wp\/v2\/comments?post=79130"}],"wp:featuredmedia":[{"embeddable":true,"href":"https:\/\/www.soanam.de\/es\/wp-json\/wp\/v2\/media\/79242"}],"wp:attachment":[{"href":"https:\/\/www.soanam.de\/es\/wp-json\/wp\/v2\/media?parent=79130"}],"wp:term":[{"taxonomy":"product_brand","embeddable":true,"href":"https:\/\/www.soanam.de\/es\/wp-json\/wp\/v2\/product_brand?post=79130"},{"taxonomy":"product_cat","embeddable":true,"href":"https:\/\/www.soanam.de\/es\/wp-json\/wp\/v2\/product_cat?post=79130"},{"taxonomy":"product_tag","embeddable":true,"href":"https:\/\/www.soanam.de\/es\/wp-json\/wp\/v2\/product_tag?post=79130"}],"curies":[{"name":"wp","href":"https:\/\/api.w.org\/{rel}","templated":true}]}}