{"id":79129,"date":"2023-12-13T22:00:35","date_gmt":"2023-12-13T21:00:35","guid":{"rendered":"https:\/\/www.soanam.de\/?post_type=product&#038;p=79129"},"modified":"2025-12-08T14:24:56","modified_gmt":"2025-12-08T13:24:56","slug":"goldkenn-jack-daniels-old-no-7-tennessee-whisky-chocolate-100g","status":"publish","type":"product","link":"https:\/\/www.soanam.de\/es\/produkt\/goldkenn-jack-daniels-old-no-7-tennessee-whiskey-schokolade-100g\/","title":{"rendered":"Goldkenn Jack Daniel\u00b4s [Old No. 7] Tennessee Whiskey Schokolade 100g"},"content":{"rendered":"<h3>Descripci\u00f3n de la<\/h3>\n<blockquote><p><span style=\"color: #ff0000;\">Prohibida la venta a menores de 18 a\u00f1os.<\/span><br \/>\n<span style=\"color: #ff0000;\">Al enviar su pedido, usted confirma que ha alcanzado la edad m\u00ednima legalmente requerida.<\/span><br \/>\n<span style=\"color: #ff0000;\">En caso de duda, s\u00f3lo enviaremos la mercanc\u00eda una vez comprobada la edad.<\/span><\/p><\/blockquote>\n<p>El alcohol y el chocolate forman un equipo de ensue\u00f1o. Pero cuando el mejor chocolate con leche suizo de Goldkenn se combina con el whisky original Jack Daniel's Tennesse Whiskey, no hay quien lo pare. La tableta de 100 g es un capricho de larga duraci\u00f3n del que nunca se tendr\u00e1 suficiente. La cobertura es de crujiente y suave chocolate con leche relleno de una crema l\u00edquida de Jack Daniel's.<\/p>\n<p>14,7 x 7 x 2,1 cm<br \/>\nPeso neto: 100 g<\/p>","protected":false},"excerpt":{"rendered":"<h3>Artikelmerkmale<\/h3>\n<p>Estado del art\u00edculo: Nuevo con etiqueta: Art\u00edculo nuevo, sin usar y sin estrenar, en su embalaje original.<\/p>\n<p>Hersteller: Goldkenn<br \/>\nGewicht : 100 g<br \/>\nZutatenverzeichnis:<br \/>\nZucker, Kakaomasse, Kakaobutter, Jack Daniel's Tennessee Whiskey 8,5%, Vollmilchpulver, Magermilchpulver, Butterreinfett, Emulgator: Sojalecithin, Vanille-Extrakt, Kakao mind. 37%, kann Spuren von Haseln\u00fcssen enthalten, kann Spuren von Mandeln enthalten, Kann Spuren von Pekann\u00fcssen enthalten, kann Spuren von Waln\u00fcssen enthalten, kann Spuren von Cashewn\u00fcsse enthalten, Kann Spuren von Pistazien enthalten, kann Spuren von Ei enthalten, kann Spuren von Gluten enthalten, enth\u00e4lt Alkohol<br \/>\nVerkehrsbezeichnung : Schokosnack<br \/>\nAllergene : Sojabohnen und daraus gewonnene Erzeugnisse<br \/>\nLebensmittelunternehmen : Goldkenn<br \/>\nN\u00e4hrwertdeklaration : Brennwert: 2040 KJ \/ 487 kcal,Fett: 25 g,davon ges\u00e4ttigte Fetts\u00e4uren: 15 g,Kohlenhydrate: 58 g,davon Zucker: 54 g,Eiwei\u00df: 5 g,Salz: 0,13 g<br \/>\nEAN : 7610403072509<br \/>\nHerstellernummer : 2484390001<\/p>","protected":false},"featured_media":79232,"comment_status":"open","ping_status":"closed","template":"","meta":{"_seopress_robots_primary_cat":"","_seopress_titles_title":"","_seopress_titles_desc":"","_seopress_robots_index":""},"product_brand":[],"product_cat":[1730],"product_tag":[],"class_list":{"0":"post-79129","1":"product","2":"type-product","3":"status-publish","4":"has-post-thumbnail","6":"product_cat-sonstiges-2","7":"product_shipping_class-standard-versand","9":"first","10":"instock","11":"sale","12":"taxable","13":"shipping-taxable","14":"purchasable","15":"product-type-simple"},"_links":{"self":[{"href":"https:\/\/www.soanam.de\/es\/wp-json\/wp\/v2\/product\/79129","targetHints":{"allow":["GET"]}}],"collection":[{"href":"https:\/\/www.soanam.de\/es\/wp-json\/wp\/v2\/product"}],"about":[{"href":"https:\/\/www.soanam.de\/es\/wp-json\/wp\/v2\/types\/product"}],"replies":[{"embeddable":true,"href":"https:\/\/www.soanam.de\/es\/wp-json\/wp\/v2\/comments?post=79129"}],"wp:featuredmedia":[{"embeddable":true,"href":"https:\/\/www.soanam.de\/es\/wp-json\/wp\/v2\/media\/79232"}],"wp:attachment":[{"href":"https:\/\/www.soanam.de\/es\/wp-json\/wp\/v2\/media?parent=79129"}],"wp:term":[{"taxonomy":"product_brand","embeddable":true,"href":"https:\/\/www.soanam.de\/es\/wp-json\/wp\/v2\/product_brand?post=79129"},{"taxonomy":"product_cat","embeddable":true,"href":"https:\/\/www.soanam.de\/es\/wp-json\/wp\/v2\/product_cat?post=79129"},{"taxonomy":"product_tag","embeddable":true,"href":"https:\/\/www.soanam.de\/es\/wp-json\/wp\/v2\/product_tag?post=79129"}],"curies":[{"name":"wp","href":"https:\/\/api.w.org\/{rel}","templated":true}]}}