{"id":79110,"date":"2023-12-13T22:00:09","date_gmt":"2023-12-13T21:00:09","guid":{"rendered":"https:\/\/www.soanam.de\/?post_type=product&#038;p=79110"},"modified":"2023-12-13T22:35:02","modified_gmt":"2023-12-13T21:35:02","slug":"petite-fleur-gold-conjunto-corsage-con-tanga-con-tirantes-en-negro-talla-90c-44-46","status":"publish","type":"product","link":"https:\/\/www.soanam.de\/es\/produkt\/petite-fleur-gold-set-corsage-mit-string-mit-strapshaltern-in-schwarz-groesse-90c-44-46\/","title":{"rendered":"Conjunto petite fleur gold: Cors\u00e9 con tanga con tirantes, en negro, talla 90C, 44\/46"},"content":{"rendered":"<p>Seductor conjunto compuesto por corsage y tanga de Petite Fleur Gold<br \/>\nCopas con aros moldeados para una sujeci\u00f3n \u00f3ptima<br \/>\nDe malla transparente con tirantes<br \/>\nIncluye tanga a juego con fuelle de algod\u00f3n integrado<\/p>\n<p>Fino material de malla combinado con elegantes tirantes y delicado encaje.<br \/>\nLas copas est\u00e1n confeccionadas \u00edntegramente en encaje floral ligeramente transparente y llevan un aro integrado para mayor sujeci\u00f3n. El fino ribete alrededor de la copa y el lazo decorativo en el centro delantero dan al cors\u00e9 un toque juguet\u00f3n. El cors\u00e9 termina en la parte inferior en finos tirantes que pueden ajustarse individualmente. La braguita a juego, confeccionada en un suave tejido de malla con refuerzo de algod\u00f3n integrado, completa h\u00e1bilmente el conjunto.<\/p>\n<p>Material: poliamida 90%, elastano 10%<br \/>\nInstrucciones de cuidado: Lavar a mano<\/p>\n<p>Color: negro<br \/>\nPatr\u00f3n: Blossoms<\/p>\n<p>Cuerda tama\u00f1o 44\/46<br \/>\nCorsage Gr\u00f6\u00dfe 90C<\/p>\n<p>Circunferencia bajo el pecho: 90<br \/>\nTama\u00f1o de la taza: Copa C<\/p>","protected":false},"excerpt":{"rendered":"<table class=\"dv_characteristicsTable\">\n<caption>MASSANGABE<\/caption>\n<tbody>\n<tr>\n<td class=\"left\">K\u00f6rbchengr\u00f6\u00dfe<\/td>\n<td>Cup C<\/td>\n<\/tr>\n<tr>\n<td class=\"left\">Unterbrustumfang<\/td>\n<td>90<\/td>\n<\/tr>\n<\/tbody>\n<\/table>\n<table class=\"dv_characteristicsTable\">\n<caption>COLOR<\/caption>\n<tbody>\n<tr>\n<td class=\"left\">Color<\/td>\n<td>schwarz<\/td>\n<\/tr>\n<\/tbody>\n<\/table>\n<table class=\"dv_characteristicsTable\">\n<caption>MATERIAL<\/caption>\n<tbody>\n<tr>\n<td class=\"left\">Composici\u00f3n del material<\/td>\n<td>Obermaterial: 90% Polyamid, 10% Elasthan<\/td>\n<\/tr>\n<tr>\n<td class=\"left\">Instrucciones de cuidado<\/td>\n<td>Lavar a mano<\/td>\n<\/tr>\n<\/tbody>\n<\/table>\n<table class=\"dv_characteristicsTable\">\n<caption>PRODUKTDETAILS OBERTEIL<\/caption>\n<tbody>\n<tr>\n<td class=\"left\">Art Tr\u00e4ger<\/td>\n<td>mit Tr\u00e4ger<\/td>\n<\/tr>\n<\/tbody>\n<\/table>","protected":false},"featured_media":79211,"comment_status":"open","ping_status":"closed","template":"","meta":{"_seopress_robots_primary_cat":"","_seopress_titles_title":"","_seopress_titles_desc":"","_seopress_robots_index":""},"product_brand":[],"product_cat":[1348,1444,1560],"product_tag":[],"class_list":{"0":"post-79110","1":"product","2":"type-product","3":"status-publish","4":"has-post-thumbnail","6":"product_cat-damen-mode","7":"product_cat-unterwaesche","8":"product_cat-sets","9":"product_shipping_class-standard-versand","11":"first","12":"instock","13":"sale","14":"taxable","15":"shipping-taxable","16":"purchasable","17":"product-type-simple"},"_links":{"self":[{"href":"https:\/\/www.soanam.de\/es\/wp-json\/wp\/v2\/product\/79110","targetHints":{"allow":["GET"]}}],"collection":[{"href":"https:\/\/www.soanam.de\/es\/wp-json\/wp\/v2\/product"}],"about":[{"href":"https:\/\/www.soanam.de\/es\/wp-json\/wp\/v2\/types\/product"}],"replies":[{"embeddable":true,"href":"https:\/\/www.soanam.de\/es\/wp-json\/wp\/v2\/comments?post=79110"}],"wp:featuredmedia":[{"embeddable":true,"href":"https:\/\/www.soanam.de\/es\/wp-json\/wp\/v2\/media\/79211"}],"wp:attachment":[{"href":"https:\/\/www.soanam.de\/es\/wp-json\/wp\/v2\/media?parent=79110"}],"wp:term":[{"taxonomy":"product_brand","embeddable":true,"href":"https:\/\/www.soanam.de\/es\/wp-json\/wp\/v2\/product_brand?post=79110"},{"taxonomy":"product_cat","embeddable":true,"href":"https:\/\/www.soanam.de\/es\/wp-json\/wp\/v2\/product_cat?post=79110"},{"taxonomy":"product_tag","embeddable":true,"href":"https:\/\/www.soanam.de\/es\/wp-json\/wp\/v2\/product_tag?post=79110"}],"curies":[{"name":"wp","href":"https:\/\/api.w.org\/{rel}","templated":true}]}}