{"id":79106,"date":"2023-12-13T22:00:08","date_gmt":"2023-12-13T21:00:08","guid":{"rendered":"https:\/\/www.soanam.de\/?post_type=product&#038;p=79106"},"modified":"2023-12-13T22:34:37","modified_gmt":"2023-12-13T21:34:37","slug":"lascana-babydoll-top-en-negro-talla-36-38","status":"publish","type":"product","link":"https:\/\/www.soanam.de\/es\/produkt\/lascana-babydolltop-in-schwarz-groesse-36-38\/","title":{"rendered":"Picard\u00edas LASCANA, negro, talla 36\/38"},"content":{"rendered":"<p>Camiseta de dormir con escote en V<br \/>\nEncaje en la espalda cruzada y en la parte inferior del pecho<br \/>\nCorreas ajustables para un ajuste \u00f3ptimo<br \/>\nMaterial suave y fluido en mezcla de viscosa<\/p>\n<p>Lo que m\u00e1s llama la atenci\u00f3n de este top es, por supuesto, su dise\u00f1o de alta calidad con elegante encaje en el escote pronunciado, la espalda cruzada y la inserci\u00f3n inclinada bajo el pecho. Pero no es s\u00f3lo su aspecto lo que hace que destaque. El camis\u00f3n tambi\u00e9n tiene unos elegantes tirantes estrechos que puedes ajustar t\u00fa misma para que te quede perfecto. Te encantar\u00e1 el material de viscosa el\u00e1stica, maravillosamente suave y fluido, que acaricia tu figura con suavidad y comodidad.<\/p>\n<p>Material: 95% viscosa, 5% elast\u00e1n<br \/>\nInstrucciones de cuidado: Lavar a m\u00e1quina<\/p>\n<p>Color: negro<br \/>\nPatr\u00f3n: Encaje<br \/>\nTalla: 36\/38<\/p>\n<p>Longitud total: 66 cm<\/p>","protected":false},"excerpt":{"rendered":"<table class=\"dv_characteristicsTable\">\n<tbody>\n<tr>\n<td class=\"left\">Talla<\/td>\n<td>36\/38<\/td>\n<\/tr>\n<tr>\n<td class=\"left\">Gr\u00f6\u00dfentyp<\/td>\n<td>Normalgr\u00f6\u00dfen<\/td>\n<\/tr>\n<tr>\n<td class=\"left\">Composici\u00f3n del material<\/td>\n<td>Obermaterial: 95% Viskose, 5% Elasthan<\/td>\n<\/tr>\n<tr>\n<td class=\"left\">Instrucciones de cuidado<\/td>\n<td>Lavado a m\u00e1quina<\/td>\n<\/tr>\n<tr>\n<td class=\"left\">Optik<\/td>\n<td>unifarben<\/td>\n<\/tr>\n<tr>\n<td class=\"left\">Stil<\/td>\n<td>sexy<\/td>\n<\/tr>\n<tr>\n<td class=\"left\">Color<\/td>\n<td>schwarz<\/td>\n<\/tr>\n<tr>\n<td class=\"left\">Ausschnitt<\/td>\n<td>tiefer V-Ausschnitt<\/td>\n<\/tr>\n<tr>\n<td class=\"left\">\u00c4rmel<\/td>\n<td>ohne \u00c4rmel<\/td>\n<\/tr>\n<tr>\n<td class=\"left\">Tr\u00e4gerdetails<\/td>\n<td>verstellbar<\/td>\n<\/tr>\n<tr>\n<td class=\"left\">Ajuste<\/td>\n<td>Basic<\/td>\n<\/tr>\n<tr>\n<td class=\"left\">Schnittform L\u00e4nge<\/td>\n<td>normal<\/td>\n<\/tr>\n<tr>\n<td class=\"left\">Applikationen<\/td>\n<td>Top<\/td>\n<\/tr>\n<tr>\n<td class=\"left\">Besondere Merkmale<\/td>\n<td>mit feinen Tr\u00e4gern und transparenten Spitzeneins\u00e4tzen<\/td>\n<\/tr>\n<\/tbody>\n<\/table>","protected":false},"featured_media":79205,"comment_status":"open","ping_status":"closed","template":"","meta":{"_seopress_robots_primary_cat":"","_seopress_titles_title":"","_seopress_titles_desc":"","_seopress_robots_index":""},"product_brand":[],"product_cat":[1348,1520,1521],"product_tag":[],"class_list":{"0":"post-79106","1":"product","2":"type-product","3":"status-publish","4":"has-post-thumbnail","6":"product_cat-damen-mode","7":"product_cat-nachtwaesche","8":"product_cat-einzelteile","9":"product_shipping_class-standard-versand","11":"first","12":"instock","13":"sale","14":"taxable","15":"shipping-taxable","16":"purchasable","17":"product-type-simple"},"_links":{"self":[{"href":"https:\/\/www.soanam.de\/es\/wp-json\/wp\/v2\/product\/79106","targetHints":{"allow":["GET"]}}],"collection":[{"href":"https:\/\/www.soanam.de\/es\/wp-json\/wp\/v2\/product"}],"about":[{"href":"https:\/\/www.soanam.de\/es\/wp-json\/wp\/v2\/types\/product"}],"replies":[{"embeddable":true,"href":"https:\/\/www.soanam.de\/es\/wp-json\/wp\/v2\/comments?post=79106"}],"wp:featuredmedia":[{"embeddable":true,"href":"https:\/\/www.soanam.de\/es\/wp-json\/wp\/v2\/media\/79205"}],"wp:attachment":[{"href":"https:\/\/www.soanam.de\/es\/wp-json\/wp\/v2\/media?parent=79106"}],"wp:term":[{"taxonomy":"product_brand","embeddable":true,"href":"https:\/\/www.soanam.de\/es\/wp-json\/wp\/v2\/product_brand?post=79106"},{"taxonomy":"product_cat","embeddable":true,"href":"https:\/\/www.soanam.de\/es\/wp-json\/wp\/v2\/product_cat?post=79106"},{"taxonomy":"product_tag","embeddable":true,"href":"https:\/\/www.soanam.de\/es\/wp-json\/wp\/v2\/product_tag?post=79106"}],"curies":[{"name":"wp","href":"https:\/\/api.w.org\/{rel}","templated":true}]}}