{"id":79068,"date":"2023-12-13T21:59:02","date_gmt":"2023-12-13T20:59:02","guid":{"rendered":"https:\/\/www.soanam.de\/?post_type=product&#038;p=79068"},"modified":"2023-12-13T22:01:39","modified_gmt":"2023-12-13T21:01:39","slug":"g-star-raw-3301-slim-jeans-para-hombre-en-antic-charcoal-talla-w31-l32","status":"publish","type":"product","link":"https:\/\/www.soanam.de\/es\/produkt\/g-star-raw-3301-slim-jeans-fuer-herren-in-antic-charcoal-gr-w31-l32\/","title":{"rendered":"G-STAR RAW 3301 SLIM JEANS, para hombre, en Antic Charcoal, talla W31\/L32"},"content":{"rendered":"<h3>Descripci\u00f3n de la<\/h3>\n<p>DETALLES<br \/>\nLos 3301 de G-Star son unos vaqueros de estilo neutro con un dise\u00f1o cl\u00e1sico de 5 bolsillos. Un aut\u00e9ntico b\u00e1sico en estado puro que combina detalles aut\u00e9nticos con un estilo sencillo.<\/p>\n<p><strong>SLIM FIT<\/strong><br \/>\nPreocupaciones de la Confederaci\u00f3n<br \/>\nAumento normal<br \/>\nPierna delgada desde el muslo hasta el dobladillo<br \/>\nCierre de bot\u00f3n<\/p>\n<p><strong>MATERIAL<\/strong><br \/>\nVAQUERO EL\u00c1STICO NEGRO NERO<br \/>\n98% algod\u00f3n,2% elast\u00e1n<\/p>\n<p>Estiramiento y mantenimiento de la forma fiables<br \/>\nTono \u00edndigo fuerte y brillante<br \/>\nCOLOR<br \/>\nCarb\u00f3n Antic<\/p>\n<p><strong>INSTRUCCIONES DE CUIDADO<\/strong><br \/>\n30\u00b0 ciclo de lavado normal<\/p>","protected":false},"excerpt":{"rendered":"<h3>Artikelmerkmale<\/h3>\n<p>Estado del art\u00edculo: Nuevo con etiqueta: Art\u00edculo nuevo, sin usar y sin estrenar, en su embalaje original.<\/p>\n<table border=\"0\" frame=\"VOID\" rules=\"NONE\" cellspacing=\"0\">\n<colgroup>\n<col width=\"188\" \/>\n<col width=\"216\" \/><\/colgroup>\n<tbody>\n<tr>\n<td align=\"LEFT\" width=\"188\" height=\"17\">Abteilung:<\/td>\n<td align=\"LEFT\" width=\"216\">Herren<\/td>\n<\/tr>\n<tr>\n<td align=\"LEFT\" height=\"17\">Caracter\u00edsticas especiales:<\/td>\n<td align=\"LEFT\">Stretch<\/td>\n<\/tr>\n<tr>\n<td align=\"LEFT\" height=\"17\">EAN:<\/td>\n<td align=\"LEFT\">8719768081467<\/td>\n<\/tr>\n<tr>\n<td align=\"LEFT\" height=\"17\">Color:<\/td>\n<td align=\"LEFT\">Negro<\/td>\n<\/tr>\n<tr>\n<td align=\"LEFT\" height=\"17\">Gewebeart:<\/td>\n<td align=\"LEFT\">Vaqueros<\/td>\n<\/tr>\n<tr>\n<td align=\"LEFT\" height=\"17\">Gr\u00f6\u00dfe:<\/td>\n<td align=\"LEFT\">W31<\/td>\n<\/tr>\n<tr>\n<td align=\"LEFT\" height=\"17\">Gr\u00f6\u00dfenkategorie:<\/td>\n<td align=\"LEFT\">Normalgr\u00f6\u00dfe<\/td>\n<\/tr>\n<tr>\n<td align=\"LEFT\" height=\"17\">Herstellungsland und -region:<\/td>\n<td align=\"LEFT\">Niederlande<\/td>\n<\/tr>\n<tr>\n<td align=\"LEFT\" height=\"17\">Jahreszeit:<\/td>\n<td align=\"LEFT\">Fr\u00fchling, Herbst, Sommer, Winter<\/td>\n<\/tr>\n<tr>\n<td align=\"LEFT\" height=\"17\">Marke:<\/td>\n<td align=\"LEFT\">G-Star<\/td>\n<\/tr>\n<tr>\n<td align=\"LEFT\" height=\"17\">Material:<\/td>\n<td align=\"LEFT\">Algod\u00f3n<\/td>\n<\/tr>\n<tr>\n<td align=\"LEFT\" height=\"17\">Modell:<\/td>\n<td align=\"LEFT\">3301<\/td>\n<\/tr>\n<tr>\n<td align=\"LEFT\" height=\"17\">En forma:<\/td>\n<td align=\"LEFT\">Slim<\/td>\n<\/tr>\n<tr>\n<td align=\"LEFT\" height=\"17\">Produktart:<\/td>\n<td align=\"LEFT\">Vaqueros<\/td>\n<\/tr>\n<tr>\n<td align=\"LEFT\" height=\"17\">Produktlinie:<\/td>\n<td align=\"LEFT\">G-Star 3301<\/td>\n<\/tr>\n<tr>\n<td align=\"LEFT\" height=\"17\">Schrittl\u00e4nge:<\/td>\n<td align=\"LEFT\">L32<\/td>\n<\/tr>\n<tr>\n<td align=\"LEFT\" height=\"17\">Stil:<\/td>\n<td align=\"LEFT\">Slim<\/td>\n<\/tr>\n<tr>\n<td align=\"LEFT\" height=\"17\">Taillenumfang:<\/td>\n<td align=\"LEFT\">W31<\/td>\n<\/tr>\n<tr>\n<td align=\"LEFT\" height=\"17\">Thema:<\/td>\n<td align=\"LEFT\">Basic<\/td>\n<\/tr>\n<tr>\n<td align=\"LEFT\" height=\"17\">Verschluss:<\/td>\n<td align=\"LEFT\">Knopf<\/td>\n<\/tr>\n<tr>\n<td align=\"LEFT\" height=\"17\">Vintage:<\/td>\n<td align=\"LEFT\">Nein<\/td>\n<\/tr>\n<\/tbody>\n<\/table>","protected":false},"featured_media":79168,"comment_status":"open","ping_status":"closed","template":"","meta":{"_seopress_robots_primary_cat":"","_seopress_titles_title":"","_seopress_titles_desc":"","_seopress_robots_index":""},"product_brand":[],"product_cat":[1345,1346,1347],"product_tag":[],"class_list":{"0":"post-79068","1":"product","2":"type-product","3":"status-publish","4":"has-post-thumbnail","6":"product_cat-herrenmode","7":"product_cat-hosen","8":"product_cat-jeans","9":"product_shipping_class-standard-versand","11":"first","12":"instock","13":"sale","14":"taxable","15":"shipping-taxable","16":"purchasable","17":"product-type-simple"},"_links":{"self":[{"href":"https:\/\/www.soanam.de\/es\/wp-json\/wp\/v2\/product\/79068","targetHints":{"allow":["GET"]}}],"collection":[{"href":"https:\/\/www.soanam.de\/es\/wp-json\/wp\/v2\/product"}],"about":[{"href":"https:\/\/www.soanam.de\/es\/wp-json\/wp\/v2\/types\/product"}],"replies":[{"embeddable":true,"href":"https:\/\/www.soanam.de\/es\/wp-json\/wp\/v2\/comments?post=79068"}],"wp:featuredmedia":[{"embeddable":true,"href":"https:\/\/www.soanam.de\/es\/wp-json\/wp\/v2\/media\/79168"}],"wp:attachment":[{"href":"https:\/\/www.soanam.de\/es\/wp-json\/wp\/v2\/media?parent=79068"}],"wp:term":[{"taxonomy":"product_brand","embeddable":true,"href":"https:\/\/www.soanam.de\/es\/wp-json\/wp\/v2\/product_brand?post=79068"},{"taxonomy":"product_cat","embeddable":true,"href":"https:\/\/www.soanam.de\/es\/wp-json\/wp\/v2\/product_cat?post=79068"},{"taxonomy":"product_tag","embeddable":true,"href":"https:\/\/www.soanam.de\/es\/wp-json\/wp\/v2\/product_tag?post=79068"}],"curies":[{"name":"wp","href":"https:\/\/api.w.org\/{rel}","templated":true}]}}