{"id":79029,"date":"2023-12-13T21:58:15","date_gmt":"2023-12-13T20:58:15","guid":{"rendered":"https:\/\/www.soanam.de\/?post_type=product&#038;p=79029"},"modified":"2023-12-13T22:00:39","modified_gmt":"2023-12-13T21:00:39","slug":"tommy-hilfiger-tanga-curve-en-azul-marino-talla-2xl","status":"publish","type":"product","link":"https:\/\/www.soanam.de\/es\/produkt\/tommy-hilfiger-curve-thong-in-navy-groesse-2xl\/","title":{"rendered":"Tommy Hilfiger Curve - Tanga, en azul marino, talla 2XL"},"content":{"rendered":"<p>Slips para mujer de Tommy Hilfiger<br \/>\nCorte ce\u00f1ido<br \/>\nCintura el\u00e1stica con inscripci\u00f3n de la marca<br \/>\nMezcla de algod\u00f3n con contenido el\u00e1stico<\/p>\n<p>El tanga de Tommy Hilfiger est\u00e1 confeccionado en una mezcla de algod\u00f3n el\u00e1stico.<\/p>\n<p>Se presenta en tallas grandes, corte ajustado y cintura el\u00e1stica con logotipo.<\/p>\n<p>Material: 53% algod\u00f3n, 35% modal, 12% elastano<br \/>\nInstrucciones de cuidado: Lavado a m\u00e1quina 30<\/p>\n<p>Color: azul marino<br \/>\nMotivo: Logotipo<br \/>\nTalla: 2XL<\/p>","protected":false},"excerpt":{"rendered":"<p>Slips para mujer de Tommy Hilfiger<\/p>\n<p>Mezcla de algod\u00f3n con contenido el\u00e1stico<\/p>\n<p>Corte ce\u00f1ido<\/p>\n<p>Cintura el\u00e1stica con inscripci\u00f3n de la marca<\/p>\n<p>Ziernaht<\/p>\n<p>Color: azul marino<br \/>\nMotivo: Logotipo<br \/>\nTalla: 2XL<\/p>","protected":false},"featured_media":79132,"comment_status":"open","ping_status":"closed","template":"","meta":{"_seopress_robots_primary_cat":"","_seopress_titles_title":"","_seopress_titles_desc":"","_seopress_robots_index":""},"product_brand":[],"product_cat":[1348,1444,1517],"product_tag":[],"class_list":{"0":"post-79029","1":"product","2":"type-product","3":"status-publish","4":"has-post-thumbnail","6":"product_cat-damen-mode","7":"product_cat-unterwaesche","8":"product_cat-strings","9":"product_shipping_class-standard-versand","11":"first","12":"instock","13":"sale","14":"taxable","15":"shipping-taxable","16":"purchasable","17":"product-type-simple"},"_links":{"self":[{"href":"https:\/\/www.soanam.de\/es\/wp-json\/wp\/v2\/product\/79029","targetHints":{"allow":["GET"]}}],"collection":[{"href":"https:\/\/www.soanam.de\/es\/wp-json\/wp\/v2\/product"}],"about":[{"href":"https:\/\/www.soanam.de\/es\/wp-json\/wp\/v2\/types\/product"}],"replies":[{"embeddable":true,"href":"https:\/\/www.soanam.de\/es\/wp-json\/wp\/v2\/comments?post=79029"}],"wp:featuredmedia":[{"embeddable":true,"href":"https:\/\/www.soanam.de\/es\/wp-json\/wp\/v2\/media\/79132"}],"wp:attachment":[{"href":"https:\/\/www.soanam.de\/es\/wp-json\/wp\/v2\/media?parent=79029"}],"wp:term":[{"taxonomy":"product_brand","embeddable":true,"href":"https:\/\/www.soanam.de\/es\/wp-json\/wp\/v2\/product_brand?post=79029"},{"taxonomy":"product_cat","embeddable":true,"href":"https:\/\/www.soanam.de\/es\/wp-json\/wp\/v2\/product_cat?post=79029"},{"taxonomy":"product_tag","embeddable":true,"href":"https:\/\/www.soanam.de\/es\/wp-json\/wp\/v2\/product_tag?post=79029"}],"curies":[{"name":"wp","href":"https:\/\/api.w.org\/{rel}","templated":true}]}}