{"id":79028,"date":"2023-12-13T21:58:14","date_gmt":"2023-12-13T20:58:14","guid":{"rendered":"https:\/\/www.soanam.de\/?post_type=product&#038;p=79028"},"modified":"2023-12-13T22:00:31","modified_gmt":"2023-12-13T21:00:31","slug":"tommy-hilfiger-curve-triangle-bralette-en-azul-marino-talla-3xl","status":"publish","type":"product","link":"https:\/\/www.soanam.de\/es\/produkt\/tommy-hilfiger-curve-triangel-bralette-in-navy-groesse-3xl\/","title":{"rendered":"Tommy Hilfiger Curve - Sujetador tri\u00e1ngulo, azul marino, talla 3XL"},"content":{"rendered":"<p>Sujetador talla grande de Tommy Hilfiger<br \/>\nCesta triangular no tapizada<br \/>\nCorreas ajustables inal\u00e1mbricas con logotipo<br \/>\nCierre de gancho en la parte trasera<\/p>\n<p>Confeccionado en una c\u00f3moda mezcla de algod\u00f3n org\u00e1nico, el bralette tri\u00e1ngulo de Tommy Hilfiger abraza tus curvas.<br \/>\nEl escote en V realza tu escote y los c\u00f3modos tirantes anchos y ajustables lucen el inconfundible logotipo de Hilfiger.<\/p>\n<p>Material: poliamida 48%, poli\u00e9ster 23%, lyocell 16%, elastano 13%<br \/>\nInstrucciones de cuidado: Lavar a m\u00e1quina<\/p>\n<p>Color: azul marino<br \/>\nMotivo: Logotipo<br \/>\nTalla: 3XL<\/p>\n<p>Circunferencia bajo el pecho: 86 cm<\/p>\n<p>Longitud total: 31 cm<\/p>","protected":false},"excerpt":{"rendered":"<p>V- Ausschnitt<\/p>\n<p>Riemen mit Logo<\/p>\n<p>Elastisches Unterbrustband<\/p>\n<p>Cropped-L\u00e4nge<\/p>\n<p>Corte ce\u00f1ido<\/p>\n<p>Color: azul marino<br \/>\nMotivo: Logotipo<br \/>\nTalla: 3XL<\/p>","protected":false},"featured_media":79123,"comment_status":"open","ping_status":"closed","template":"","meta":{"_seopress_robots_primary_cat":"","_seopress_titles_title":"","_seopress_titles_desc":"","_seopress_robots_index":""},"product_brand":[],"product_cat":[1348,1444,1516],"product_tag":[],"class_list":{"0":"post-79028","1":"product","2":"type-product","3":"status-publish","4":"has-post-thumbnail","6":"product_cat-damen-mode","7":"product_cat-unterwaesche","8":"product_cat-bhs","9":"product_shipping_class-standard-versand","11":"first","12":"instock","13":"sale","14":"taxable","15":"shipping-taxable","16":"purchasable","17":"product-type-simple"},"_links":{"self":[{"href":"https:\/\/www.soanam.de\/es\/wp-json\/wp\/v2\/product\/79028","targetHints":{"allow":["GET"]}}],"collection":[{"href":"https:\/\/www.soanam.de\/es\/wp-json\/wp\/v2\/product"}],"about":[{"href":"https:\/\/www.soanam.de\/es\/wp-json\/wp\/v2\/types\/product"}],"replies":[{"embeddable":true,"href":"https:\/\/www.soanam.de\/es\/wp-json\/wp\/v2\/comments?post=79028"}],"wp:featuredmedia":[{"embeddable":true,"href":"https:\/\/www.soanam.de\/es\/wp-json\/wp\/v2\/media\/79123"}],"wp:attachment":[{"href":"https:\/\/www.soanam.de\/es\/wp-json\/wp\/v2\/media?parent=79028"}],"wp:term":[{"taxonomy":"product_brand","embeddable":true,"href":"https:\/\/www.soanam.de\/es\/wp-json\/wp\/v2\/product_brand?post=79028"},{"taxonomy":"product_cat","embeddable":true,"href":"https:\/\/www.soanam.de\/es\/wp-json\/wp\/v2\/product_cat?post=79028"},{"taxonomy":"product_tag","embeddable":true,"href":"https:\/\/www.soanam.de\/es\/wp-json\/wp\/v2\/product_tag?post=79028"}],"curies":[{"name":"wp","href":"https:\/\/api.w.org\/{rel}","templated":true}]}}