{"id":79011,"date":"2023-12-13T21:57:50","date_gmt":"2023-12-13T20:57:50","guid":{"rendered":"https:\/\/www.soanam.de\/?post_type=product&#038;p=79011"},"modified":"2023-12-13T22:00:13","modified_gmt":"2023-12-13T21:00:13","slug":"camiseta-nuance-body-en-pack-de-2-en-blanco-y-turron-talla-75f","status":"publish","type":"product","link":"https:\/\/www.soanam.de\/es\/produkt\/nuance-t-shirt-body-im-2er-pack-in-weiss-und-nougat-groesse-75f\/","title":{"rendered":"Conjunto de 2 camisetas Nuance, en blanco y turr\u00f3n, talla 75F"},"content":{"rendered":"<p>Sujetador camiseta con copas moldeadas sin costuras<br \/>\nDisimula las peque\u00f1as zonas problem\u00e1ticas de la cintura y las caderas<br \/>\nPerfecto bajo ropa ajustada<br \/>\nDe microfibra de alta calidad<\/p>\n<p>Estupendo body b\u00e1sico de Nuance en un pr\u00e1ctico pack doble, caracterizado por su sencillez y comodidad.<br \/>\nLas copas moldeadas sin costuras con aros integrados proporcionan una forma natural y una sujeci\u00f3n fiable.<br \/>\nEl body se desabrocha f\u00e1cilmente en la entrepierna y tiene un suave fuelle de algod\u00f3n<\/p>\n<p>Material: 77% poliamida TACTEL\u00ae, 16% elastano LYCRA\u00ae, 7% algod\u00f3n<br \/>\nInstrucciones de cuidado: Lavar a mano<\/p>\n<p>Color: blanco, turr\u00f3n<br \/>\nPatr\u00f3n: sin<br \/>\nTalla: 75F<\/p>\n<p>Circunferencia bajo el pecho: 75<br \/>\nTama\u00f1o de la taza: Taza F<\/p>\n<p>Longitud total: 70 cm<\/p>","protected":false},"excerpt":{"rendered":"<table class=\"dv_characteristicsTable\">\n<caption>\u00a0<\/caption>\n<tbody>\n<tr>\n<td class=\"left\">K\u00f6rbchengr\u00f6\u00dfe<\/td>\n<td>Cup F<\/td>\n<\/tr>\n<tr>\n<td class=\"left\">Unterbrustumfang<\/td>\n<td>75<\/td>\n<\/tr>\n<\/tbody>\n<\/table>\n<table class=\"dv_characteristicsTable\">\n<caption>\u00a0<\/caption>\n<tbody>\n<tr>\n<td class=\"left\">Material<\/td>\n<td>77% Polyamid TACTEL\u00ae, 16% Elasthan LYCRA\u00ae, 7% Baumwolle<\/td>\n<\/tr>\n<tr>\n<td class=\"left\">Materialeigenschaften<\/td>\n<td>Lycra<\/td>\n<\/tr>\n<tr>\n<td class=\"left\">Instrucciones de cuidado<\/td>\n<td>Lavar a mano<\/td>\n<\/tr>\n<\/tbody>\n<\/table>\n<table class=\"dv_characteristicsTable\">\n<tbody>\n<tr>\n<td class=\"left\">Stil<\/td>\n<td>Basic<\/td>\n<\/tr>\n<\/tbody>\n<\/table>\n<table class=\"dv_characteristicsTable\">\n<caption>\u00a0<\/caption>\n<tbody>\n<tr>\n<td class=\"left\">Color<\/td>\n<td>turr\u00f3n<\/td>\n<\/tr>\n<tr>\n<td class=\"left\">Farbe Packst\u00fcck 2<\/td>\n<td>wei\u00df<\/td>\n<\/tr>\n<\/tbody>\n<\/table>\n<table class=\"dv_characteristicsTable\">\n<caption>\u00a0<\/caption>\n<tbody>\n<tr>\n<td class=\"left\">Ausschnitt<\/td>\n<td>eckiger Ausschnitt<\/td>\n<\/tr>\n<tr>\n<td class=\"left\">\u00c4rmel<\/td>\n<td>ohne \u00c4rmel<\/td>\n<\/tr>\n<tr>\n<td class=\"left\">Tr\u00e4ger<\/td>\n<td>mit Tr\u00e4ger<\/td>\n<\/tr>\n<tr>\n<td class=\"left\">Tr\u00e4gerdetails<\/td>\n<td>verstellbar<\/td>\n<\/tr>\n<tr>\n<td class=\"left\">Ajuste<\/td>\n<td>figurbetont<\/td>\n<\/tr>\n<\/tbody>\n<\/table>\n<table class=\"dv_characteristicsTable\">\n<caption>\u00a0<\/caption>\n<tbody>\n<tr>\n<td class=\"left\">Verschluss<\/td>\n<td>Haken &amp; \u00d6sen<\/td>\n<\/tr>\n<tr>\n<td class=\"left\">Verschlussdetails<\/td>\n<td>hinten<\/td>\n<\/tr>\n<tr>\n<td class=\"left\">Besondere Merkmale<\/td>\n<td>mit B\u00fcgel<\/td>\n<\/tr>\n<\/tbody>\n<\/table>\n<table class=\"dv_characteristicsTable\">\n<caption>\u00a0<\/caption>\n<tbody>\n<tr>\n<td class=\"left\">Cupdetails<\/td>\n<td>nahtlos vorgeformt<br \/>\nohne Schale<\/td>\n<\/tr>\n<tr>\n<td class=\"left\">B\u00fcgel<\/td>\n<td>mit B\u00fcgel<\/td>\n<\/tr>\n<\/tbody>\n<\/table>","protected":false},"featured_media":79111,"comment_status":"open","ping_status":"closed","template":"","meta":{"_seopress_robots_primary_cat":"","_seopress_titles_title":"","_seopress_titles_desc":"","_seopress_robots_index":""},"product_brand":[],"product_cat":[1348,1444,1514],"product_tag":[],"class_list":{"0":"post-79011","1":"product","2":"type-product","3":"status-publish","4":"has-post-thumbnail","6":"product_cat-damen-mode","7":"product_cat-unterwaesche","8":"product_cat-bodies","9":"product_shipping_class-standard-versand","11":"first","12":"instock","13":"sale","14":"taxable","15":"shipping-taxable","16":"purchasable","17":"product-type-simple"},"_links":{"self":[{"href":"https:\/\/www.soanam.de\/es\/wp-json\/wp\/v2\/product\/79011","targetHints":{"allow":["GET"]}}],"collection":[{"href":"https:\/\/www.soanam.de\/es\/wp-json\/wp\/v2\/product"}],"about":[{"href":"https:\/\/www.soanam.de\/es\/wp-json\/wp\/v2\/types\/product"}],"replies":[{"embeddable":true,"href":"https:\/\/www.soanam.de\/es\/wp-json\/wp\/v2\/comments?post=79011"}],"wp:featuredmedia":[{"embeddable":true,"href":"https:\/\/www.soanam.de\/es\/wp-json\/wp\/v2\/media\/79111"}],"wp:attachment":[{"href":"https:\/\/www.soanam.de\/es\/wp-json\/wp\/v2\/media?parent=79011"}],"wp:term":[{"taxonomy":"product_brand","embeddable":true,"href":"https:\/\/www.soanam.de\/es\/wp-json\/wp\/v2\/product_brand?post=79011"},{"taxonomy":"product_cat","embeddable":true,"href":"https:\/\/www.soanam.de\/es\/wp-json\/wp\/v2\/product_cat?post=79011"},{"taxonomy":"product_tag","embeddable":true,"href":"https:\/\/www.soanam.de\/es\/wp-json\/wp\/v2\/product_tag?post=79011"}],"curies":[{"name":"wp","href":"https:\/\/api.w.org\/{rel}","templated":true}]}}