{"id":78993,"date":"2023-12-13T21:57:20","date_gmt":"2023-12-13T20:57:20","guid":{"rendered":"https:\/\/www.soanam.de\/?post_type=product&#038;p=78993"},"modified":"2023-12-13T21:59:59","modified_gmt":"2023-12-13T20:59:59","slug":"body-nuance-con-encaje-blanco-talla-80d","status":"publish","type":"product","link":"https:\/\/www.soanam.de\/es\/produkt\/nuance-body-mit-spitzeneinsatz-in-weiss-groesse-80d\/","title":{"rendered":"body nuance con inserci\u00f3n de encaje, en blanco, talla 80D"},"content":{"rendered":"<p>Cuerpo con delicada inserci\u00f3n de encaje<br \/>\nCon perchas<br \/>\nCon cierre de gancho ajustable en la entrepierna<br \/>\nCon fuelle de algod\u00f3n para un ajuste c\u00f3modo<\/p>\n<p>El body de matices tiene una delicada inserci\u00f3n de encaje en la parte delantera y es liso en la trasera.<br \/>\nLos aros integrados realzan el escote.<br \/>\nEl body se abrocha en la entrepierna con un cierre de gancho.<\/p>\n<p>Material: 80% nailon, 17% elastano, 3% algod\u00f3n<br \/>\nInstrucciones de cuidado: Lavar a mano<\/p>\n<p>Color: blanco<br \/>\nPatr\u00f3n: Flores en encaje<br \/>\nTalla: 80D<\/p>\n<p>Circunferencia bajo el pecho: 80<br \/>\nTalla de copa: Copa D<\/p>\n<p>Longitud total: 73 cm<\/p>","protected":false},"excerpt":{"rendered":"<p>Colores s\u00f3lidos<br \/>\nAlgod\u00f3n<br \/>\nTop<br \/>\nCorreas ajustables<br \/>\nAgarre suave<br \/>\n\u00c4rmell\u00e4nge: \u00c4rmellos<br \/>\nPassform: Figurbetonte Passform<br \/>\nObermaterial: 80% Nylon, 17% Elasthan, 3% Baumwolle<br \/>\nElasticidad: El\u00e1stico\/estirable<\/p>","protected":false},"featured_media":79101,"comment_status":"open","ping_status":"closed","template":"","meta":{"_seopress_robots_primary_cat":"","_seopress_titles_title":"","_seopress_titles_desc":"","_seopress_robots_index":""},"product_brand":[],"product_cat":[1348,1444,1514],"product_tag":[],"class_list":{"0":"post-78993","1":"product","2":"type-product","3":"status-publish","4":"has-post-thumbnail","6":"product_cat-damen-mode","7":"product_cat-unterwaesche","8":"product_cat-bodies","9":"product_shipping_class-standard-versand","11":"first","12":"instock","13":"sale","14":"taxable","15":"shipping-taxable","16":"purchasable","17":"product-type-simple"},"_links":{"self":[{"href":"https:\/\/www.soanam.de\/es\/wp-json\/wp\/v2\/product\/78993","targetHints":{"allow":["GET"]}}],"collection":[{"href":"https:\/\/www.soanam.de\/es\/wp-json\/wp\/v2\/product"}],"about":[{"href":"https:\/\/www.soanam.de\/es\/wp-json\/wp\/v2\/types\/product"}],"replies":[{"embeddable":true,"href":"https:\/\/www.soanam.de\/es\/wp-json\/wp\/v2\/comments?post=78993"}],"wp:featuredmedia":[{"embeddable":true,"href":"https:\/\/www.soanam.de\/es\/wp-json\/wp\/v2\/media\/79101"}],"wp:attachment":[{"href":"https:\/\/www.soanam.de\/es\/wp-json\/wp\/v2\/media?parent=78993"}],"wp:term":[{"taxonomy":"product_brand","embeddable":true,"href":"https:\/\/www.soanam.de\/es\/wp-json\/wp\/v2\/product_brand?post=78993"},{"taxonomy":"product_cat","embeddable":true,"href":"https:\/\/www.soanam.de\/es\/wp-json\/wp\/v2\/product_cat?post=78993"},{"taxonomy":"product_tag","embeddable":true,"href":"https:\/\/www.soanam.de\/es\/wp-json\/wp\/v2\/product_tag?post=78993"}],"curies":[{"name":"wp","href":"https:\/\/api.w.org\/{rel}","templated":true}]}}