{"id":78990,"date":"2023-12-13T21:57:19","date_gmt":"2023-12-13T20:57:19","guid":{"rendered":"https:\/\/www.soanam.de\/?post_type=product&#038;p=78990"},"modified":"2023-12-13T21:59:50","modified_gmt":"2023-12-13T20:59:50","slug":"lisa-witt-pianote-fundamentos-10-libros-para-tocar-el-piano-espanol","status":"publish","type":"product","link":"https:\/\/www.soanam.de\/es\/produkt\/lisa-witt-pianote-foundations-10-buecher-zum-klavierspielen-englisch\/","title":{"rendered":"Lisa Witt pianote FOUNDATIONS - 10 libros para tocar el piano, Ingl\u00e9s"},"content":{"rendered":"<h3>Descripci\u00f3n de la<\/h3>\n<p>El plan de estudios completo de Pianote al alcance de su mano<\/p>\n<p>Prep\u00e1rese para abrir los \u00fanicos libros de piano que necesitar\u00e1.<\/p>\n<p>Estos 10 libros de tapa dura cubren TODO el plan de estudios de Pianote Foundations y te llevar\u00e1n desde no haber tocado nunca un piano hasta improvisar en jazz y crear tus propias y bellas progresiones de acordes y melod\u00edas.<\/p>\n<p>Los impresionantes dise\u00f1os y las im\u00e1genes en color proporcionan una claridad de aprendizaje que no se encuentra en ning\u00fan otro sitio. Cuando ves y entiendes mejor un concepto, puedes memorizarlo m\u00e1s r\u00e1pido y aplicarlo a tu propio juego.<\/p>\n<p>Tambi\u00e9n recibir\u00e1s el apoyo y la ayuda de profesores reales en cada paso del camino para asegurarte de que consigues los resultados que deseas.<\/p>\n<p>Todo lo que necesita para<br \/>\npara inspirarse, centrarse y mejorar al piano.<\/p>\n<p>Libro 1 - Bienvenido al teclado<br \/>\nLibro 2 - El pentagrama y la lectura a primera vista<br \/>\nLibro 3 - Profundizar en las competencias b\u00e1sicas<br \/>\nLibro 4 - Claves e inversiones<br \/>\nLibro 5 - Atajos de teclado para bemoles y acordes<br \/>\nLibro 6 - Entender las claves subsidiarias<br \/>\nLibro 7 - El c\u00edrculo de los quintos<br \/>\nLibro 8 - Aprender a improvisar<br \/>\nLibro 9 - Acordes de s\u00e9ptima y blues<br \/>\nLibro 10 - Introducci\u00f3n al jazz<\/p>","protected":false},"excerpt":{"rendered":"<h3>Artikelmerkmale<\/h3>\n<p>Estado del art\u00edculo: Nuevo con etiqueta: Art\u00edculo nuevo, sin usar y sin estrenar, en su embalaje original.<\/p>\n<table style=\"height: 406px;\" border=\"0\" width=\"400\" frame=\"VOID\" rules=\"NONE\" cellspacing=\"0\">\n<colgroup>\n<col width=\"133\" \/>\n<col width=\"1570\" \/><\/colgroup>\n<tbody>\n<tr>\n<td align=\"LEFT\" width=\"133\" height=\"17\">Autor:<\/td>\n<td align=\"LEFT\" width=\"1570\">Lisa Witt<\/td>\n<\/tr>\n<tr>\n<td align=\"LEFT\" height=\"17\">Caracter\u00edsticas especiales:<\/td>\n<td align=\"LEFT\">Boxset<\/td>\n<\/tr>\n<tr>\n<td align=\"LEFT\" height=\"17\">Bundesland:<\/td>\n<td align=\"LEFT\">Baden-W\u00fcrttemberg, Bayern, Berlin, Brandenburg, Bremen, Hamburg, Hessen, Mecklenburg-Vorpommern, Niedersachsen, Nordrhein-Westfalen, Rheinland-Pfalz, Saarland, Sachsen, Sachsen-Anhalt, Schleswig-Holstein, Th\u00fcringen<\/td>\n<\/tr>\n<tr>\n<td align=\"LEFT\" height=\"17\">Erscheinungsjahr:<\/td>\n<td align=\"LEFT\">2019<\/td>\n<\/tr>\n<tr>\n<td align=\"LEFT\" height=\"17\">Fach:<\/td>\n<td align=\"LEFT\">Musik<\/td>\n<\/tr>\n<tr>\n<td align=\"LEFT\" height=\"17\">Fachbereich:<\/td>\n<td align=\"LEFT\">Klavier<\/td>\n<\/tr>\n<tr>\n<td align=\"LEFT\" height=\"17\">Format:<\/td>\n<td align=\"LEFT\">Buch, Gebundene Ausgabe<\/td>\n<\/tr>\n<tr>\n<td align=\"LEFT\" height=\"17\">ISBN:<\/td>\n<td align=\"LEFT\">9781774210062<\/td>\n<\/tr>\n<tr>\n<td align=\"LEFT\" height=\"17\">Niveau:<\/td>\n<td align=\"LEFT\">Anf\u00e4nger, Zwischenstufe<\/td>\n<\/tr>\n<tr>\n<td align=\"LEFT\" height=\"17\">Produktart:<\/td>\n<td align=\"LEFT\">Arbeitshilfe<\/td>\n<\/tr>\n<tr>\n<td align=\"LEFT\" height=\"17\">Publikationsname:<\/td>\n<td align=\"LEFT\">pianote FOUNDATIONS<\/td>\n<\/tr>\n<tr>\n<td align=\"LEFT\" height=\"17\">Reihe:<\/td>\n<td align=\"LEFT\">pianote<\/td>\n<\/tr>\n<tr>\n<td align=\"LEFT\" height=\"17\">Sprache:<\/td>\n<td align=\"LEFT\">Englisch<\/td>\n<\/tr>\n<tr>\n<td align=\"LEFT\" height=\"17\">Verlag:<\/td>\n<td align=\"LEFT\">desconocido<\/td>\n<\/tr>\n<\/tbody>\n<\/table>","protected":false},"featured_media":79094,"comment_status":"open","ping_status":"closed","template":"","meta":{"_seopress_robots_primary_cat":"","_seopress_titles_title":"","_seopress_titles_desc":"","_seopress_robots_index":""},"product_brand":[],"product_cat":[1730],"product_tag":[],"class_list":{"0":"post-78990","1":"product","2":"type-product","3":"status-publish","4":"has-post-thumbnail","6":"product_cat-sonstiges-2","7":"product_shipping_class-standard-versand","9":"first","10":"instock","11":"sale","12":"taxable","13":"shipping-taxable","14":"purchasable","15":"product-type-simple"},"_links":{"self":[{"href":"https:\/\/www.soanam.de\/es\/wp-json\/wp\/v2\/product\/78990","targetHints":{"allow":["GET"]}}],"collection":[{"href":"https:\/\/www.soanam.de\/es\/wp-json\/wp\/v2\/product"}],"about":[{"href":"https:\/\/www.soanam.de\/es\/wp-json\/wp\/v2\/types\/product"}],"replies":[{"embeddable":true,"href":"https:\/\/www.soanam.de\/es\/wp-json\/wp\/v2\/comments?post=78990"}],"wp:featuredmedia":[{"embeddable":true,"href":"https:\/\/www.soanam.de\/es\/wp-json\/wp\/v2\/media\/79094"}],"wp:attachment":[{"href":"https:\/\/www.soanam.de\/es\/wp-json\/wp\/v2\/media?parent=78990"}],"wp:term":[{"taxonomy":"product_brand","embeddable":true,"href":"https:\/\/www.soanam.de\/es\/wp-json\/wp\/v2\/product_brand?post=78990"},{"taxonomy":"product_cat","embeddable":true,"href":"https:\/\/www.soanam.de\/es\/wp-json\/wp\/v2\/product_cat?post=78990"},{"taxonomy":"product_tag","embeddable":true,"href":"https:\/\/www.soanam.de\/es\/wp-json\/wp\/v2\/product_tag?post=78990"}],"curies":[{"name":"wp","href":"https:\/\/api.w.org\/{rel}","templated":true}]}}