{"id":78967,"date":"2023-12-13T21:56:51","date_gmt":"2023-12-13T20:56:51","guid":{"rendered":"https:\/\/www.soanam.de\/?post_type=product&#038;p=78967"},"modified":"2023-12-13T21:59:10","modified_gmt":"2023-12-13T20:59:10","slug":"vivance-active-tank-top-en-pack-de-3-en-negro-petroleo-blanco-talla-36-38","status":"publish","type":"product","link":"https:\/\/www.soanam.de\/es\/produkt\/vivance-active-tanktop-im-3er-pack-in-petrol-schwarz-weiss-groesse-36-38\/","title":{"rendered":"Camiseta de tirantes Vivance active en pack de 3, en gasolina, negro, blanco, talla 36\/38"},"content":{"rendered":"<p>Pack de 3 camisetas de tirantes Vivance<br \/>\nTranspirable y de f\u00e1cil cuidado<br \/>\nDe microfibra dimensionalmente estable<\/p>\n<p>Los tops de mujer, ce\u00f1idos al cuerpo y con un ajuste perfecto, est\u00e1n confeccionados con una microfibra que mantiene la forma.<br \/>\nLa fuerte combinaci\u00f3n de colores y el dise\u00f1o b\u00e1sico cl\u00e1sico hacen de los tops activos Vivance en pack de 3 el compa\u00f1ero ideal para el d\u00eda a d\u00eda.<\/p>\n<p>Material: 95% poliamida, 5% elastano LYCRA\u00ae.<br \/>\nInstrucciones de cuidado: Lavar a m\u00e1quina<\/p>\n<p>Color: gasolina, negro, blanco<br \/>\nPatr\u00f3n: sin<br \/>\nTalla: 36\/38<\/p>\n<p>Anchura del pecho: 76 cm<\/p>\n<p>Longitud total: 63 cm<\/p>","protected":false},"excerpt":{"rendered":"<table class=\"dv_characteristicsTable\">\n<tbody>\n<tr>\n<td class=\"left\">Talla<\/td>\n<td>36\/38<\/td>\n<\/tr>\n<tr>\n<td class=\"left\">Gr\u00f6\u00dfentyp<\/td>\n<td>Normalgr\u00f6\u00dfen<\/td>\n<\/tr>\n<tr>\n<td class=\"left\">Composici\u00f3n del material<\/td>\n<td>Obermaterial: 95% Polyamid, 5% Elasthan LYCRA\u00ae<\/td>\n<\/tr>\n<tr>\n<td class=\"left\">Materialart<\/td>\n<td>Single Jersey<\/td>\n<\/tr>\n<tr>\n<td class=\"left\">Instrucciones de cuidado<\/td>\n<td>Lavado a m\u00e1quina<\/td>\n<\/tr>\n<tr>\n<td class=\"left\">Color<\/td>\n<td>petrol<\/td>\n<\/tr>\n<tr>\n<td class=\"left\">Farbe Packst\u00fcck 2<\/td>\n<td>schwarz<\/td>\n<\/tr>\n<tr>\n<td class=\"left\">Farbe Packst\u00fcck 3<\/td>\n<td>wei\u00df<\/td>\n<\/tr>\n<tr>\n<td class=\"left\">\u00c4rmel<\/td>\n<td>ohne \u00c4rmel<\/td>\n<\/tr>\n<tr>\n<td class=\"left\">Besondere Merkmale<\/td>\n<td>aus weicher Microfaser<\/td>\n<\/tr>\n<\/tbody>\n<\/table>","protected":false},"featured_media":79075,"comment_status":"open","ping_status":"closed","template":"","meta":{"_seopress_robots_primary_cat":"","_seopress_titles_title":"","_seopress_titles_desc":"","_seopress_robots_index":""},"product_brand":[],"product_cat":[1348,1444,1554],"product_tag":[],"class_list":{"0":"post-78967","1":"product","2":"type-product","3":"status-publish","4":"has-post-thumbnail","6":"product_cat-damen-mode","7":"product_cat-unterwaesche","8":"product_cat-unterhemden","9":"product_shipping_class-standard-versand","11":"first","12":"instock","13":"sale","14":"taxable","15":"shipping-taxable","16":"purchasable","17":"product-type-simple"},"_links":{"self":[{"href":"https:\/\/www.soanam.de\/es\/wp-json\/wp\/v2\/product\/78967","targetHints":{"allow":["GET"]}}],"collection":[{"href":"https:\/\/www.soanam.de\/es\/wp-json\/wp\/v2\/product"}],"about":[{"href":"https:\/\/www.soanam.de\/es\/wp-json\/wp\/v2\/types\/product"}],"replies":[{"embeddable":true,"href":"https:\/\/www.soanam.de\/es\/wp-json\/wp\/v2\/comments?post=78967"}],"wp:featuredmedia":[{"embeddable":true,"href":"https:\/\/www.soanam.de\/es\/wp-json\/wp\/v2\/media\/79075"}],"wp:attachment":[{"href":"https:\/\/www.soanam.de\/es\/wp-json\/wp\/v2\/media?parent=78967"}],"wp:term":[{"taxonomy":"product_brand","embeddable":true,"href":"https:\/\/www.soanam.de\/es\/wp-json\/wp\/v2\/product_brand?post=78967"},{"taxonomy":"product_cat","embeddable":true,"href":"https:\/\/www.soanam.de\/es\/wp-json\/wp\/v2\/product_cat?post=78967"},{"taxonomy":"product_tag","embeddable":true,"href":"https:\/\/www.soanam.de\/es\/wp-json\/wp\/v2\/product_tag?post=78967"}],"curies":[{"name":"wp","href":"https:\/\/api.w.org\/{rel}","templated":true}]}}