{"id":78946,"date":"2023-12-13T21:56:24","date_gmt":"2023-12-13T20:56:24","guid":{"rendered":"https:\/\/www.soanam.de\/?post_type=product&#038;p=78946"},"modified":"2023-12-13T21:58:46","modified_gmt":"2023-12-13T20:58:46","slug":"solo-top-kira-en-pack-de-2-en-blanco-y-negro-talla-m","status":"publish","type":"product","link":"https:\/\/www.soanam.de\/es\/produkt\/only-top-kira-im-2er-pack-in-schwarz-und-weiss-groesse-m\/","title":{"rendered":"Only Top KIRA en pack de 2, en blanco y negro, talla M"},"content":{"rendered":"<p>Pack de 2 tops de Only<br \/>\nTirantes de espagueti<br \/>\nTop<br \/>\nEscote redondo<br \/>\nCorte entallado<\/p>\n<p>Los tops de mujer de Only impresionan por su ajuste ce\u00f1ido al cuerpo, muy el\u00e1stico y de gran ca\u00edda.<br \/>\nLa inserci\u00f3n de encaje hace de este b\u00e1sico algo especial.<br \/>\nLa calidad del algod\u00f3n ligeramente el\u00e1stico garantiza un tacto suave y un uso c\u00f3modo.<\/p>\n<p>Material: algod\u00f3n 100%<br \/>\nInstrucciones de cuidado: Lavar a m\u00e1quina<\/p>\n<p>Color: negro, blanco<br \/>\nPatr\u00f3n: Encaje<br \/>\nTalla: M<\/p>\n<p>Anchura de los hombros: no aplicable<br \/>\nAnchura del pecho: 68 cm<br \/>\nLongitud de las mangas: no aplicable<br \/>\nLongitud total: 67 cm<\/p>","protected":false},"excerpt":{"rendered":"<p><span class=\"a-list-item\">Top in zwei Farben<\/span><\/p>\n<p><span class=\"a-list-item\">Top mit Spitze<\/span><\/p>\n<p><span class=\"a-list-item\">Kragenform: Rundhals<\/span><\/p>\n<p><span class=\"a-list-item\">Sin mangas<\/span><\/p>\n<p><span class=\"a-list-item\">100% Algod\u00f3n<\/span><\/p>\n<p><span class=\"a-list-item\">Slim Fit<\/span><\/p>\n<p><span class=\"a-list-item\">Pflegehinweis: Maschinenw\u00e4sche, halbe Ladung, kurzer Schleudergang bei 30 \u00b0C<\/span><\/p>\n<div class=\"a-row a-expander-container a-expander-inline-container\">\n<div class=\"a-expander-content a-expander-extend-content a-expander-content-expanded\" aria-expanded=\"true\">\n<p><span class=\"a-list-item\">Model: ONLKIRA LACE SINGLET 2 PACK NOOS<\/span><\/p>\n<p><span class=\"a-list-item\">Model: Onlkira Lace Singlet 2 Pack Noos<\/span><\/p>\n<\/div>\n<\/div>","protected":false},"featured_media":79054,"comment_status":"open","ping_status":"closed","template":"","meta":{"_seopress_robots_primary_cat":"","_seopress_titles_title":"","_seopress_titles_desc":"","_seopress_robots_index":""},"product_brand":[],"product_cat":[1348,1458,1459],"product_tag":[],"class_list":{"0":"post-78946","1":"product","2":"type-product","3":"status-publish","4":"has-post-thumbnail","6":"product_cat-damen-mode","7":"product_cat-shirts-damen-mode","8":"product_cat-tops-shirts-damen-mode","9":"product_shipping_class-standard-versand","11":"first","12":"instock","13":"sale","14":"taxable","15":"shipping-taxable","16":"purchasable","17":"product-type-simple"},"_links":{"self":[{"href":"https:\/\/www.soanam.de\/es\/wp-json\/wp\/v2\/product\/78946","targetHints":{"allow":["GET"]}}],"collection":[{"href":"https:\/\/www.soanam.de\/es\/wp-json\/wp\/v2\/product"}],"about":[{"href":"https:\/\/www.soanam.de\/es\/wp-json\/wp\/v2\/types\/product"}],"replies":[{"embeddable":true,"href":"https:\/\/www.soanam.de\/es\/wp-json\/wp\/v2\/comments?post=78946"}],"wp:featuredmedia":[{"embeddable":true,"href":"https:\/\/www.soanam.de\/es\/wp-json\/wp\/v2\/media\/79054"}],"wp:attachment":[{"href":"https:\/\/www.soanam.de\/es\/wp-json\/wp\/v2\/media?parent=78946"}],"wp:term":[{"taxonomy":"product_brand","embeddable":true,"href":"https:\/\/www.soanam.de\/es\/wp-json\/wp\/v2\/product_brand?post=78946"},{"taxonomy":"product_cat","embeddable":true,"href":"https:\/\/www.soanam.de\/es\/wp-json\/wp\/v2\/product_cat?post=78946"},{"taxonomy":"product_tag","embeddable":true,"href":"https:\/\/www.soanam.de\/es\/wp-json\/wp\/v2\/product_tag?post=78946"}],"curies":[{"name":"wp","href":"https:\/\/api.w.org\/{rel}","templated":true}]}}