{"id":78927,"date":"2023-12-13T21:56:00","date_gmt":"2023-12-13T20:56:00","guid":{"rendered":"https:\/\/www.soanam.de\/?post_type=product&#038;p=78927"},"modified":"2023-12-13T21:58:25","modified_gmt":"2023-12-13T20:58:25","slug":"clipper-pantalones-largos-exclusivos-en-jeans-azul-moteado-talla-5","status":"publish","type":"product","link":"https:\/\/www.soanam.de\/es\/produkt\/clipper-exclusive-lange-unterhose-in-jeansblau-meliert-groesse-5\/","title":{"rendered":"Calzoncillos largos Clipper Exclusive, en azul vaquero, jaspeados, talla 5"},"content":{"rendered":"<p>Pantalones largos de Clipper Exclusive<br \/>\nCon abertura y suave cintura el\u00e1stica<br \/>\nCintura y perneras de color azul marino<br \/>\nDe algod\u00f3n puro<\/p>\n<p>No es necesario bajarse los pantalones gracias a su pr\u00e1ctica abertura.<br \/>\nEl sofisticado aspecto moteado pone acentos urbanos, mientras que los ribetes oscuros y las costuras decorativas a\u00f1aden un atractivo vintage.<br \/>\nLos pu\u00f1os el\u00e1sticos a\u00f1aden comodidad al suave material el\u00e1stico.<\/p>\n<p>Material: algod\u00f3n 100%<br \/>\nInstrucciones de cuidado: Lavar a m\u00e1quina<\/p>\n<p>Color: azul vaquero, moteado<br \/>\nPatr\u00f3n: sin<br \/>\nTama\u00f1o: 5<\/p>\n<p>Longitud del pelda\u00f1o: 69 cm<br \/>\nLongitud total: 102 cm<\/p>","protected":false},"excerpt":{"rendered":"<table class=\"dv_characteristicsTable\">\n<tbody>\n<tr>\n<td class=\"left\">Talla<\/td>\n<td>5<\/td>\n<\/tr>\n<tr>\n<td class=\"left\">Gr\u00f6\u00dfentyp<\/td>\n<td>Normalgr\u00f6\u00dfen<\/td>\n<\/tr>\n<\/tbody>\n<\/table>\n<table class=\"dv_characteristicsTable\">\n<caption>COLOR<\/caption>\n<tbody>\n<tr>\n<td class=\"left\">Color<\/td>\n<td>marina<\/td>\n<\/tr>\n<\/tbody>\n<\/table>\n<table class=\"dv_characteristicsTable\">\n<caption>PRODUKTDETAILS<\/caption>\n<tbody>\n<tr>\n<td class=\"left\">Instrucciones de cuidado<\/td>\n<td>Lavado a m\u00e1quina<\/td>\n<\/tr>\n<\/tbody>\n<\/table>\n<table class=\"dv_characteristicsTable\">\n<caption>PASSFORM\/SCHNITT<\/caption>\n<tbody>\n<tr>\n<td class=\"left\">Beinform<\/td>\n<td>eng anliegend<\/td>\n<\/tr>\n<tr>\n<td class=\"left\">Beinabschluss<\/td>\n<td>angesetztes B\u00fcndchen<\/td>\n<\/tr>\n<tr>\n<td class=\"left\">Bundabschluss<\/td>\n<td>angesetztes B\u00fcndchen<\/td>\n<\/tr>\n<tr>\n<td class=\"left\">Ajuste<\/td>\n<td>k\u00f6rpernah<\/td>\n<\/tr>\n<\/tbody>\n<\/table>\n<table class=\"dv_characteristicsTable\">\n<caption>OPTIK\/STIL<\/caption>\n<tbody>\n<tr>\n<td class=\"left\">Optik<\/td>\n<td>meliert<\/td>\n<\/tr>\n<\/tbody>\n<\/table>\n<table class=\"dv_characteristicsTable\">\n<caption>MATERIAL<\/caption>\n<tbody>\n<tr>\n<td class=\"left\">Composici\u00f3n del material<\/td>\n<td>Obermaterial: 100% Baumwolle<\/td>\n<\/tr>\n<tr>\n<td class=\"left\">Materialeigenschaften<\/td>\n<td>dehnbar<\/td>\n<\/tr>\n<\/tbody>\n<\/table>","protected":false},"featured_media":79039,"comment_status":"open","ping_status":"closed","template":"","meta":{"_seopress_robots_primary_cat":"","_seopress_titles_title":"","_seopress_titles_desc":"","_seopress_robots_index":""},"product_brand":[],"product_cat":[1345,1549,1551],"product_tag":[],"class_list":{"0":"post-78927","1":"product","2":"type-product","3":"status-publish","4":"has-post-thumbnail","6":"product_cat-herrenmode","7":"product_cat-unterwaesche-herrenmode","8":"product_cat-lange-unterhosen","9":"product_shipping_class-standard-versand","11":"first","12":"instock","13":"sale","14":"taxable","15":"shipping-taxable","16":"purchasable","17":"product-type-simple"},"_links":{"self":[{"href":"https:\/\/www.soanam.de\/es\/wp-json\/wp\/v2\/product\/78927","targetHints":{"allow":["GET"]}}],"collection":[{"href":"https:\/\/www.soanam.de\/es\/wp-json\/wp\/v2\/product"}],"about":[{"href":"https:\/\/www.soanam.de\/es\/wp-json\/wp\/v2\/types\/product"}],"replies":[{"embeddable":true,"href":"https:\/\/www.soanam.de\/es\/wp-json\/wp\/v2\/comments?post=78927"}],"wp:featuredmedia":[{"embeddable":true,"href":"https:\/\/www.soanam.de\/es\/wp-json\/wp\/v2\/media\/79039"}],"wp:attachment":[{"href":"https:\/\/www.soanam.de\/es\/wp-json\/wp\/v2\/media?parent=78927"}],"wp:term":[{"taxonomy":"product_brand","embeddable":true,"href":"https:\/\/www.soanam.de\/es\/wp-json\/wp\/v2\/product_brand?post=78927"},{"taxonomy":"product_cat","embeddable":true,"href":"https:\/\/www.soanam.de\/es\/wp-json\/wp\/v2\/product_cat?post=78927"},{"taxonomy":"product_tag","embeddable":true,"href":"https:\/\/www.soanam.de\/es\/wp-json\/wp\/v2\/product_tag?post=78927"}],"curies":[{"name":"wp","href":"https:\/\/api.w.org\/{rel}","templated":true}]}}