{"id":78884,"date":"2023-12-13T21:55:07","date_gmt":"2023-12-13T20:55:07","guid":{"rendered":"https:\/\/www.soanam.de\/?post_type=product&#038;p=78884"},"modified":"2023-12-13T21:57:25","modified_gmt":"2023-12-13T20:57:25","slug":"blusa-camisera-lascana-en-blanco-talla-36","status":"publish","type":"product","link":"https:\/\/www.soanam.de\/es\/produkt\/lascana-hemdbluse-in-weiss-groesse-36\/","title":{"rendered":"Blusa camisera LASCANA, en blanco, talla 36"},"content":{"rendered":"<p>Blusa camisera de Lascana con botones forrados<br \/>\nFruncido de moda en el hombro y el canes\u00fa<br \/>\nTapeta de botones completa<br \/>\nForma oversize informal<br \/>\nCorte ligeramente m\u00e1s largo por detr\u00e1s<br \/>\nViscosa tejida<\/p>\n<p>Los modernos volantes en el canes\u00fa de los hombros y la tapeta de botones tono sobre tono de la blusa de mujer con corte informal oversize, que es m\u00e1s larga por detr\u00e1s que por delante, resultan visualmente atractivos.<br \/>\nEl cuello cl\u00e1sico y los pu\u00f1os camiseros en las mangas completan el magn\u00edfico aspecto de esta blusa camisera.<\/p>\n<p>Material: viscosa 100%<br \/>\nInstrucciones de cuidado: Lavar a m\u00e1quina<\/p>\n<p>Color: blanco<br \/>\nPatr\u00f3n: sin<br \/>\nTalla: 36<\/p>\n<p>Anchura de los hombros: 42 cm<br \/>\nAnchura del pecho: 114 cm<br \/>\nLongitud de la manga: 61 cm<br \/>\nLongitud total: 74 cm<\/p>","protected":false},"excerpt":{"rendered":"<table class=\"dv_characteristicsTable\">\n<tbody>\n<tr>\n<td class=\"left\">Talla<\/td>\n<td>36<\/td>\n<\/tr>\n<tr>\n<td class=\"left\">Gr\u00f6\u00dfentyp<\/td>\n<td>Normalgr\u00f6\u00dfen<\/td>\n<\/tr>\n<tr>\n<td class=\"left\">Composici\u00f3n del material<\/td>\n<td>Obermaterial: 100% Viskose<\/td>\n<\/tr>\n<tr>\n<td class=\"left\">Materialart<\/td>\n<td>Web<\/td>\n<\/tr>\n<tr>\n<td class=\"left\">Instrucciones de cuidado<\/td>\n<td>Lavado a m\u00e1quina<\/td>\n<\/tr>\n<tr>\n<td class=\"left\">Optik<\/td>\n<td>unifarben<\/td>\n<\/tr>\n<tr>\n<td class=\"left\">Stil<\/td>\n<td>modisch<\/td>\n<\/tr>\n<tr>\n<td class=\"left\">Color<\/td>\n<td>creme<\/td>\n<\/tr>\n<tr>\n<td class=\"left\">Kragen<\/td>\n<td>Blusenkragen<\/td>\n<\/tr>\n<tr>\n<td class=\"left\">\u00c4rmel<\/td>\n<td>Manga larga<\/td>\n<\/tr>\n<tr>\n<td class=\"left\">\u00c4rmelabschluss<\/td>\n<td>1-Knopf-Manschette<\/td>\n<\/tr>\n<tr>\n<td class=\"left\">Rumpfabschluss<\/td>\n<td>abgerundeter Saum<\/td>\n<\/tr>\n<tr>\n<td class=\"left\">Ajuste<\/td>\n<td>figurumspielend<\/td>\n<\/tr>\n<tr>\n<td class=\"left\">Schnittdetails<\/td>\n<td>hinten l\u00e4nger geschnitten<\/td>\n<\/tr>\n<tr>\n<td class=\"left\">Schnittform L\u00e4nge<\/td>\n<td>Po-bedeckend<\/td>\n<\/tr>\n<tr>\n<td class=\"left\">Applikationen<\/td>\n<td>Stoff\u00fcberzogene Kn\u00f6pfe<\/td>\n<\/tr>\n<tr>\n<td class=\"left\">Verschluss<\/td>\n<td>Tapeta de botones<\/td>\n<\/tr>\n<tr>\n<td class=\"left\">Verschlussdetails<\/td>\n<td>durchgehend<\/td>\n<\/tr>\n<tr>\n<td class=\"left\">Besondere Merkmale<\/td>\n<td>mit bezogenen Kn\u00f6pfen<\/td>\n<\/tr>\n<\/tbody>\n<\/table>","protected":false},"featured_media":78994,"comment_status":"open","ping_status":"closed","template":"","meta":{"_seopress_robots_primary_cat":"","_seopress_titles_title":"","_seopress_titles_desc":"","_seopress_robots_index":""},"product_brand":[],"product_cat":[1348,1414,1415],"product_tag":[],"class_list":{"0":"post-78884","1":"product","2":"type-product","3":"status-publish","4":"has-post-thumbnail","6":"product_cat-damen-mode","7":"product_cat-blusen","8":"product_cat-langarm","9":"product_shipping_class-standard-versand","11":"first","12":"instock","13":"sale","14":"taxable","15":"shipping-taxable","16":"purchasable","17":"product-type-simple"},"_links":{"self":[{"href":"https:\/\/www.soanam.de\/es\/wp-json\/wp\/v2\/product\/78884","targetHints":{"allow":["GET"]}}],"collection":[{"href":"https:\/\/www.soanam.de\/es\/wp-json\/wp\/v2\/product"}],"about":[{"href":"https:\/\/www.soanam.de\/es\/wp-json\/wp\/v2\/types\/product"}],"replies":[{"embeddable":true,"href":"https:\/\/www.soanam.de\/es\/wp-json\/wp\/v2\/comments?post=78884"}],"wp:featuredmedia":[{"embeddable":true,"href":"https:\/\/www.soanam.de\/es\/wp-json\/wp\/v2\/media\/78994"}],"wp:attachment":[{"href":"https:\/\/www.soanam.de\/es\/wp-json\/wp\/v2\/media?parent=78884"}],"wp:term":[{"taxonomy":"product_brand","embeddable":true,"href":"https:\/\/www.soanam.de\/es\/wp-json\/wp\/v2\/product_brand?post=78884"},{"taxonomy":"product_cat","embeddable":true,"href":"https:\/\/www.soanam.de\/es\/wp-json\/wp\/v2\/product_cat?post=78884"},{"taxonomy":"product_tag","embeddable":true,"href":"https:\/\/www.soanam.de\/es\/wp-json\/wp\/v2\/product_tag?post=78884"}],"curies":[{"name":"wp","href":"https:\/\/api.w.org\/{rel}","templated":true}]}}