{"id":78819,"date":"2023-12-13T21:53:52","date_gmt":"2023-12-13T20:53:52","guid":{"rendered":"https:\/\/www.soanam.de\/?post_type=product&#038;p=78819"},"modified":"2023-12-13T21:55:56","modified_gmt":"2023-12-13T20:55:56","slug":"allegra-032-el-emocionante-juego-de-cartas-para-2-6-jugadores-a-partir-de-8-anos","status":"publish","type":"product","link":"https:\/\/www.soanam.de\/es\/produkt\/allegra-032-das-spannende-kartenablegespiel-fuer-2-6-spieler-ab-8-jahre\/","title":{"rendered":"Allegra 032 - El emocionante juego de cartas para 2-6 jugadores, mayores de 8 a\u00f1os"},"content":{"rendered":"<h3>Descripci\u00f3n del producto<\/h3>\n<p>Cada jugador revela su despliegue de cartas turno a turno e intenta cambiar las cartas altas por las bajas, conseguir 3 iguales y optimizar todo para tener el menor n\u00famero de puntos al final de la ronda.<\/p>\n<p>ALLEGRA es \"semi-cooperativo\", es decir, juegas con y contra los dem\u00e1s, porque adem\u00e1s de las 12 cartas de tu propia pantalla, tambi\u00e9n est\u00e1n las 3 cartas de la columna de la derecha de tu vecino de la izquierda.<br \/>\nGracias a la inusual \"regla de los golpes\", todos los jugadores participan en el juego al mismo tiempo.<br \/>\nTop comunicativo<br \/>\nEspecialmente adecuado como juego de cartas para familias y amigos.<\/p>\n<p><strong>Advertencia<\/strong><br \/>\nAtenci\u00f3n. No apto para ni\u00f1os menores de tres a\u00f1os. Peligro de asfixia por ingesti\u00f3n de piezas peque\u00f1as.<\/p>","protected":false},"excerpt":{"rendered":"<p>Artikelmerkmale<\/p>\n<p>Artikelzustand: Neu - Neuer, unbenutzter und nicht ge\u00f6ffneter Artikel in der Originalverpackung<\/p>\n<table dir=\"ltr\" border=\"1\" cellspacing=\"0\" cellpadding=\"0\">\n<colgroup>\n<col width=\"203\" \/>\n<col width=\"240\" \/><\/colgroup>\n<tbody>\n<tr>\n<td data-sheets-value=\"{&quot;1&quot;:2,&quot;2&quot;:&quot;Altersempfehlung:&quot;}\">Altersempfehlung:<\/td>\n<td data-sheets-value=\"{&quot;1&quot;:2,&quot;2&quot;:&quot;8-11 Jahre&quot;}\">8-11 Jahre<\/td>\n<\/tr>\n<tr>\n<td data-sheets-value=\"{&quot;1&quot;:2,&quot;2&quot;:&quot;Autor:&quot;}\">Autor:<\/td>\n<td data-sheets-value=\"{&quot;1&quot;:2,&quot;2&quot;:&quot;Bella Lucca&quot;}\">Bella Lucca<\/td>\n<\/tr>\n<tr>\n<td data-sheets-value=\"{&quot;1&quot;:2,&quot;2&quot;:&quot;Erscheinungsjahr:&quot;}\">Erscheinungsjahr:<\/td>\n<td data-sheets-value=\"{&quot;1&quot;:3,&quot;3&quot;:2020}\">2020<\/td>\n<\/tr>\n<tr>\n<td data-sheets-value=\"{&quot;1&quot;:2,&quot;2&quot;:&quot;Format:&quot;}\">Format:<\/td>\n<td data-sheets-value=\"{&quot;1&quot;:2,&quot;2&quot;:&quot;Game&quot;}\">Game<\/td>\n<\/tr>\n<tr>\n<td data-sheets-value=\"{&quot;1&quot;:2,&quot;2&quot;:&quot;Illustrator:&quot;}\">Illustrator:<\/td>\n<td data-sheets-value=\"{&quot;1&quot;:2,&quot;2&quot;:&quot;Drei Hasen Werkstatt&quot;}\">Drei Hasen Werkstatt<\/td>\n<\/tr>\n<tr>\n<td data-sheets-value=\"{&quot;1&quot;:2,&quot;2&quot;:&quot;Marke:&quot;}\">Marke:<\/td>\n<td data-sheets-value=\"{&quot;1&quot;:2,&quot;2&quot;:&quot;Drei Hasen in der Abendsonne GmbH&quot;}\">Drei Hasen in der Abendsonne GmbH<\/td>\n<\/tr>\n<tr>\n<td data-sheets-value=\"{&quot;1&quot;:2,&quot;2&quot;:&quot;Material:&quot;}\">Material:<\/td>\n<td data-sheets-value=\"{&quot;1&quot;:2,&quot;2&quot;:&quot;Pappe&quot;}\">Pappe<\/td>\n<\/tr>\n<tr>\n<td data-sheets-value=\"{&quot;1&quot;:2,&quot;2&quot;:&quot;Minimale Spieleranzahl:&quot;}\">Minimale Spieleranzahl:<\/td>\n<td data-sheets-value=\"{&quot;1&quot;:2,&quot;2&quot;:&quot;2 Spieler&quot;}\">2 Spieler<\/td>\n<\/tr>\n<tr>\n<td data-sheets-value=\"{&quot;1&quot;:2,&quot;2&quot;:&quot;Spielart:&quot;}\">Spielart:<\/td>\n<td data-sheets-value=\"{&quot;1&quot;:2,&quot;2&quot;:&quot;Legespiel&quot;}\">Legespiel<\/td>\n<\/tr>\n<tr>\n<td data-sheets-value=\"{&quot;1&quot;:2,&quot;2&quot;:&quot;Sprache:&quot;}\">Sprache:<\/td>\n<td data-sheets-value=\"{&quot;1&quot;:2,&quot;2&quot;:&quot;Deutsch&quot;}\">Alem\u00e1n<\/td>\n<\/tr>\n<tr>\n<td data-sheets-value=\"{&quot;1&quot;:2,&quot;2&quot;:&quot;Thema:&quot;}\">Thema:<\/td>\n<td data-sheets-value=\"{&quot;1&quot;:2,&quot;2&quot;:&quot;Karten&quot;}\">Karten<\/td>\n<\/tr>\n<tr>\n<td data-sheets-value=\"{&quot;1&quot;:2,&quot;2&quot;:&quot;Titel: &quot;}\">Titel:<\/td>\n<td data-sheets-value=\"{&quot;1&quot;:2,&quot;2&quot;:&quot;Allegra&quot;}\">Allegra<\/td>\n<\/tr>\n<tr>\n<td data-sheets-value=\"{&quot;1&quot;:2,&quot;2&quot;:&quot;Verlag:&quot;}\">Verlag:<\/td>\n<td data-sheets-value=\"{&quot;1&quot;:2,&quot;2&quot;:&quot;Drei Hasen Abendsonne&quot;}\">Drei Hasen Abendsonne<\/td>\n<\/tr>\n<\/tbody>\n<\/table>","protected":false},"featured_media":78919,"comment_status":"open","ping_status":"closed","template":"","meta":{"_seopress_robots_primary_cat":"","_seopress_titles_title":"","_seopress_titles_desc":"","_seopress_robots_index":""},"product_brand":[],"product_cat":[1435],"product_tag":[],"class_list":{"0":"post-78819","1":"product","2":"type-product","3":"status-publish","4":"has-post-thumbnail","6":"product_cat-spielzeug","7":"product_shipping_class-standard-versand","9":"first","10":"instock","11":"sale","12":"taxable","13":"shipping-taxable","14":"purchasable","15":"product-type-simple"},"_links":{"self":[{"href":"https:\/\/www.soanam.de\/es\/wp-json\/wp\/v2\/product\/78819","targetHints":{"allow":["GET"]}}],"collection":[{"href":"https:\/\/www.soanam.de\/es\/wp-json\/wp\/v2\/product"}],"about":[{"href":"https:\/\/www.soanam.de\/es\/wp-json\/wp\/v2\/types\/product"}],"replies":[{"embeddable":true,"href":"https:\/\/www.soanam.de\/es\/wp-json\/wp\/v2\/comments?post=78819"}],"wp:featuredmedia":[{"embeddable":true,"href":"https:\/\/www.soanam.de\/es\/wp-json\/wp\/v2\/media\/78919"}],"wp:attachment":[{"href":"https:\/\/www.soanam.de\/es\/wp-json\/wp\/v2\/media?parent=78819"}],"wp:term":[{"taxonomy":"product_brand","embeddable":true,"href":"https:\/\/www.soanam.de\/es\/wp-json\/wp\/v2\/product_brand?post=78819"},{"taxonomy":"product_cat","embeddable":true,"href":"https:\/\/www.soanam.de\/es\/wp-json\/wp\/v2\/product_cat?post=78819"},{"taxonomy":"product_tag","embeddable":true,"href":"https:\/\/www.soanam.de\/es\/wp-json\/wp\/v2\/product_tag?post=78819"}],"curies":[{"name":"wp","href":"https:\/\/api.w.org\/{rel}","templated":true}]}}