{"id":78815,"date":"2023-12-13T21:53:50","date_gmt":"2023-12-13T20:53:50","guid":{"rendered":"https:\/\/www.soanam.de\/?post_type=product&#038;p=78815"},"modified":"2023-12-13T21:55:42","modified_gmt":"2023-12-13T20:55:42","slug":"heros-chain-building-blocks-snake-juego-de-11-piezas-de-madera-de-haya-a-partir-de-18-meses","status":"publish","type":"product","link":"https:\/\/www.soanam.de\/es\/produkt\/heros-kettenbausteine-schlange-11tlg-set-aus-buchenholz-ab-18-monate\/","title":{"rendered":"Cadena de bloques de construcci\u00f3n HEROS serpiente, juego de 11 piezas de madera de haya, a partir de 18 meses"},"content":{"rendered":"<h3>Descripci\u00f3n del producto<\/h3>\n<p>Con el innovador sistema de bloques de construcci\u00f3n en cadena HEROS, la conexi\u00f3n enchufable apta para ni\u00f1os crea fant\u00e1sticas estructuras y figuras. La combinaci\u00f3n de tacos redondos y la forma redonda de los bloques de construcci\u00f3n crea uniones firmes y ventajas decisivas para construir y jugar. Los bloques de construcci\u00f3n de la cadena Heros se pueden girar y mover en cualquier momento sin perder su estabilidad. La serpiente se monta paso a paso con las instrucciones adjuntas. Los ni\u00f1os tambi\u00e9n pueden dejar volar su imaginaci\u00f3n y crear sus propias estructuras. El juego consta de once piezas y es apto para ni\u00f1os a partir de 18 meses gracias a la conexi\u00f3n para ni\u00f1os.<\/p>\n<p>- Juego de 11 piezas<br \/>\n- Material madera de haya (FSC\u00ae 100%)<br \/>\n- Conexiones enchufables sencillas<br \/>\n- Fomenta la creatividad<\/p>\n<p><strong>ATENCI\u00d3N <\/strong><\/p>\n<p>No apto para ni\u00f1os menores de 18 meses.<\/p>","protected":false},"excerpt":{"rendered":"<h3>Artikelmerkmale<\/h3>\n<p>Artikelzustand: Neu - Neuer, unbenutzter und unbesch\u00e4digter Artikel in der unge\u00f6ffneten Verpackung<\/p>\n<table dir=\"ltr\" border=\"1\" cellspacing=\"0\" cellpadding=\"0\">\n<colgroup>\n<col width=\"203\" \/>\n<col width=\"203\" \/><\/colgroup>\n<tbody>\n<tr>\n<td data-sheets-value=\"{&quot;1&quot;:2,&quot;2&quot;:&quot;Altersempfehlung:&quot;}\">Altersempfehlung:<\/td>\n<td data-sheets-value=\"{&quot;1&quot;:2,&quot;2&quot;:&quot;Ab 18 Monaten&quot;}\">Ab 18 Monaten<\/td>\n<\/tr>\n<tr>\n<td data-sheets-value=\"{&quot;1&quot;:2,&quot;2&quot;:&quot;EAN:&quot;}\">EAN:<\/td>\n<td data-sheets-value=\"{&quot;1&quot;:3,&quot;3&quot;:4051902400005}\">4051902400005<\/td>\n<\/tr>\n<tr>\n<td data-sheets-value=\"{&quot;1&quot;:2,&quot;2&quot;:&quot;F\u00f6rdert die:&quot;}\">F\u00f6rdert die:<\/td>\n<td data-sheets-value=\"{&quot;1&quot;:2,&quot;2&quot;:&quot;Motorik&quot;}\">Motorik<\/td>\n<\/tr>\n<tr>\n<td data-sheets-value=\"{&quot;1&quot;:2,&quot;2&quot;:&quot;Form:&quot;}\">Form:<\/td>\n<td data-sheets-value=\"{&quot;1&quot;:2,&quot;2&quot;:&quot;Schlange&quot;}\">Schlange<\/td>\n<\/tr>\n<tr>\n<td data-sheets-value=\"{&quot;1&quot;:2,&quot;2&quot;:&quot;F\u00fcr Jungen &amp; M\u00e4dchen:&quot;}\">F\u00fcr Jungen &amp; M\u00e4dchen:<\/td>\n<td data-sheets-value=\"{&quot;1&quot;:2,&quot;2&quot;:&quot;Ja&quot;}\">Ja<\/td>\n<\/tr>\n<tr>\n<td data-sheets-value=\"{&quot;1&quot;:2,&quot;2&quot;:&quot;Herstellernummer:&quot;}\">Herstellernummer:<\/td>\n<td data-sheets-value=\"{&quot;1&quot;:3,&quot;3&quot;:100040000}\">100040000<\/td>\n<\/tr>\n<tr>\n<td data-sheets-value=\"{&quot;1&quot;:2,&quot;2&quot;:&quot;Herstellungsland und -region:&quot;}\">Herstellungsland und -region:<\/td>\n<td data-sheets-value=\"{&quot;1&quot;:2,&quot;2&quot;:&quot;Deutschland&quot;}\">Alemania<\/td>\n<\/tr>\n<tr>\n<td data-sheets-value=\"{&quot;1&quot;:2,&quot;2&quot;:&quot;Marke:&quot;}\">Marke:<\/td>\n<td data-sheets-value=\"{&quot;1&quot;:2,&quot;2&quot;:&quot;Heros&quot;}\">H\u00e9roes<\/td>\n<\/tr>\n<tr>\n<td data-sheets-value=\"{&quot;1&quot;:2,&quot;2&quot;:&quot;Material:&quot;}\">Material:<\/td>\n<td data-sheets-value=\"{&quot;1&quot;:2,&quot;2&quot;:&quot;Buchenholz&quot;}\">Buchenholz<\/td>\n<\/tr>\n<tr>\n<td data-sheets-value=\"{&quot;1&quot;:2,&quot;2&quot;:&quot;Modifizierter Artikel:&quot;}\">Modifizierter Artikel:<\/td>\n<td data-sheets-value=\"{&quot;1&quot;:2,&quot;2&quot;:&quot;Nein&quot;}\">Nein<\/td>\n<\/tr>\n<tr>\n<td data-sheets-value=\"{&quot;1&quot;:2,&quot;2&quot;:&quot;Toy Award:&quot;}\">Toy Award:<\/td>\n<td data-sheets-value=\"{&quot;1&quot;:3,&quot;3&quot;:2014}\">2014<\/td>\n<\/tr>\n<tr>\n<td data-sheets-value=\"{&quot;1&quot;:2,&quot;2&quot;:&quot;Umbaubar:&quot;}\">Umbaubar:<\/td>\n<td data-sheets-value=\"{&quot;1&quot;:2,&quot;2&quot;:&quot;Ja&quot;}\">Ja<\/td>\n<\/tr>\n<\/tbody>\n<\/table>","protected":false},"featured_media":78909,"comment_status":"open","ping_status":"closed","template":"","meta":{"_seopress_robots_primary_cat":"","_seopress_titles_title":"","_seopress_titles_desc":"","_seopress_robots_index":""},"product_brand":[],"product_cat":[1435,1436],"product_tag":[],"class_list":{"0":"post-78815","1":"product","2":"type-product","3":"status-publish","4":"has-post-thumbnail","6":"product_cat-spielzeug","7":"product_cat-lernspiele","8":"product_shipping_class-standard-versand","10":"first","11":"instock","12":"sale","13":"taxable","14":"shipping-taxable","15":"purchasable","16":"product-type-simple"},"_links":{"self":[{"href":"https:\/\/www.soanam.de\/es\/wp-json\/wp\/v2\/product\/78815","targetHints":{"allow":["GET"]}}],"collection":[{"href":"https:\/\/www.soanam.de\/es\/wp-json\/wp\/v2\/product"}],"about":[{"href":"https:\/\/www.soanam.de\/es\/wp-json\/wp\/v2\/types\/product"}],"replies":[{"embeddable":true,"href":"https:\/\/www.soanam.de\/es\/wp-json\/wp\/v2\/comments?post=78815"}],"wp:featuredmedia":[{"embeddable":true,"href":"https:\/\/www.soanam.de\/es\/wp-json\/wp\/v2\/media\/78909"}],"wp:attachment":[{"href":"https:\/\/www.soanam.de\/es\/wp-json\/wp\/v2\/media?parent=78815"}],"wp:term":[{"taxonomy":"product_brand","embeddable":true,"href":"https:\/\/www.soanam.de\/es\/wp-json\/wp\/v2\/product_brand?post=78815"},{"taxonomy":"product_cat","embeddable":true,"href":"https:\/\/www.soanam.de\/es\/wp-json\/wp\/v2\/product_cat?post=78815"},{"taxonomy":"product_tag","embeddable":true,"href":"https:\/\/www.soanam.de\/es\/wp-json\/wp\/v2\/product_tag?post=78815"}],"curies":[{"name":"wp","href":"https:\/\/api.w.org\/{rel}","templated":true}]}}