{"id":78739,"date":"2023-12-13T21:25:39","date_gmt":"2023-12-13T20:25:39","guid":{"rendered":"https:\/\/www.soanam.de\/?post_type=product&#038;p=78739"},"modified":"2023-12-13T21:54:18","modified_gmt":"2023-12-13T20:54:18","slug":"seidensticker-klassische-bluse-schwarze-rose-in-weiss-groesse-40","status":"publish","type":"product","link":"https:\/\/www.soanam.de\/es\/produkt\/seidensticker-klassische-bluse-schwarze-rose-in-weiss-groesse-40\/","title":{"rendered":"Seidensticker Klassische Bluse Schwarze Rose , in Wei\u00df, Gr\u00f6\u00dfe 40"},"content":{"rendered":"<p>Basic-Bluse von SEIDENSTICKER<br \/>\nFigurbetont geschnitten<br \/>\nManga larga<br \/>\nDe algod\u00f3n puro<\/p>\n<p>Der unifarbene Basic-Look der Baumwollbluse besteht aus formenden Abn\u00e4hern und der typischen schwarzen Rose auf der Vorderseite.<br \/>\nVervollst\u00e4ndigende Details bilden der moderne Hemd-Kragen und die vorne offen bleibenden Manschetten.<\/p>\n<p>Material: algod\u00f3n 100%<br \/>\nInstrucciones de cuidado: Lavado suave<\/p>\n<p>Color: blanco<br \/>\nPatr\u00f3n: sin<br \/>\nTalla: 40<\/p>\n<p>Anchura de los hombros: 42 cm<br \/>\nAnchura del pecho: 94 cm<br \/>\nLongitud de la manga: 62 cm<br \/>\nLongitud total: 70 cm<\/p>","protected":false},"excerpt":{"rendered":"<table class=\"dv_characteristicsTable\">\n<tbody>\n<tr>\n<td class=\"left\">Talla<\/td>\n<td>40<\/td>\n<\/tr>\n<tr>\n<td class=\"left\">Gr\u00f6\u00dfentyp<\/td>\n<td>Normalgr\u00f6\u00dfen<\/td>\n<\/tr>\n<tr>\n<td class=\"left\">Composici\u00f3n del material<\/td>\n<td>100% Algod\u00f3n<\/td>\n<\/tr>\n<tr>\n<td class=\"left\">Instrucciones de cuidado<\/td>\n<td>Schonw\u00e4sche<\/td>\n<\/tr>\n<tr>\n<td class=\"left\">Herstellerfarbbezeichnung<\/td>\n<td>wei\u00df (0001)<\/td>\n<\/tr>\n<tr>\n<td class=\"left\">Color<\/td>\n<td>wei\u00df<\/td>\n<\/tr>\n<tr>\n<td class=\"left\">Ajuste<\/td>\n<td>slim fit<\/td>\n<\/tr>\n<tr>\n<td class=\"left\">Herstellerpassform<\/td>\n<td>Slim<\/td>\n<\/tr>\n<\/tbody>\n<\/table>\n<p>&nbsp;<\/p>","protected":false},"featured_media":78842,"comment_status":"open","ping_status":"closed","template":"","meta":{"_seopress_robots_primary_cat":"","_seopress_titles_title":"","_seopress_titles_desc":"","_seopress_robots_index":""},"product_brand":[],"product_cat":[1348,1414,1415],"product_tag":[],"class_list":{"0":"post-78739","1":"product","2":"type-product","3":"status-publish","4":"has-post-thumbnail","6":"product_cat-damen-mode","7":"product_cat-blusen","8":"product_cat-langarm","9":"product_shipping_class-standard-versand","11":"first","12":"instock","13":"sale","14":"taxable","15":"shipping-taxable","16":"purchasable","17":"product-type-simple"},"_links":{"self":[{"href":"https:\/\/www.soanam.de\/es\/wp-json\/wp\/v2\/product\/78739","targetHints":{"allow":["GET"]}}],"collection":[{"href":"https:\/\/www.soanam.de\/es\/wp-json\/wp\/v2\/product"}],"about":[{"href":"https:\/\/www.soanam.de\/es\/wp-json\/wp\/v2\/types\/product"}],"replies":[{"embeddable":true,"href":"https:\/\/www.soanam.de\/es\/wp-json\/wp\/v2\/comments?post=78739"}],"wp:featuredmedia":[{"embeddable":true,"href":"https:\/\/www.soanam.de\/es\/wp-json\/wp\/v2\/media\/78842"}],"wp:attachment":[{"href":"https:\/\/www.soanam.de\/es\/wp-json\/wp\/v2\/media?parent=78739"}],"wp:term":[{"taxonomy":"product_brand","embeddable":true,"href":"https:\/\/www.soanam.de\/es\/wp-json\/wp\/v2\/product_brand?post=78739"},{"taxonomy":"product_cat","embeddable":true,"href":"https:\/\/www.soanam.de\/es\/wp-json\/wp\/v2\/product_cat?post=78739"},{"taxonomy":"product_tag","embeddable":true,"href":"https:\/\/www.soanam.de\/es\/wp-json\/wp\/v2\/product_tag?post=78739"}],"curies":[{"name":"wp","href":"https:\/\/api.w.org\/{rel}","templated":true}]}}