{"id":78674,"date":"2023-12-13T21:24:13","date_gmt":"2023-12-13T20:24:13","guid":{"rendered":"https:\/\/www.soanam.de\/?post_type=product&#038;p=78674"},"modified":"2023-12-13T21:26:40","modified_gmt":"2023-12-13T20:26:40","slug":"rosemarie-marschner-das-maedchen-am-klavier-taschenbuch-deutsch-2013","status":"publish","type":"product","link":"https:\/\/www.soanam.de\/es\/produkt\/rosemarie-marschner-das-maedchen-am-klavier-taschenbuch-deutsch-2013\/","title":{"rendered":"Rosemarie Marschner \u201cDas M\u00e4dchen am Klavier\u201d Taschenbuch Deutsch 2013"},"content":{"rendered":"<h3>Descripci\u00f3n del producto<\/h3>\n<p>Als man dem Klavierlehrer und Musikalienh\u00e4ndler Friedrich Wieck seine Zweitgeborene Clara entgegenh\u00e4lt, bewundert er begeistert die \u00bbKlaviertatzen\u00ab des S\u00e4uglings. \u00bbDu wirst sie alle \u00fcberfl\u00fcgeln, meine s\u00fc\u00dfe Clara!\u00ab, fl\u00fcstert er. Ehrgeizig und mitunter tyrannisch verfolgt Vater Wieck den Plan, aus seiner Clara ein musikalisches Wunderkind zu machen, und sie hat sowohl die Begabung als auch den Willen dazu. Mit acht Jahren tritt sie zum ersten Mal \u00f6ffentlich auf, mit zw\u00f6lf Jahren spielt sie in Paris.<\/p>\n<p>Sie ist eine Virtuosin am Klavier, hat Erfolg in den Salons, wird schnell ber\u00fchmt, reist mit ihrem Vater wochenlang durchs Land. Als Clara sechzehn ist, verliebt sie sich in einen Klaviersch\u00fcler ihres Vaters, von dessen charmantem Rebellentum sie begeistert ist: Robert Schumann. Vater Wieck ist strikt gegen diese Verbindung, doch inzwischen plagen ihn auch andere Sorgen: Clara ist kein Kind mehr \u2013 und damit auch kein Wunderkind ...<\/p>\n<p><strong>Detalles del producto<\/strong><br \/>\nHerausgeber \u200f : \u200e dtv Verlagsgesellschaft<br \/>\nErscheinungsjahr : Originalausgabe 2013<br \/>\nIdioma : Alem\u00e1n<br \/>\nEinband : Taschenbuch, Broschiert<br \/>\nSeitenzahl \u200f : \u200e 509 Seiten<br \/>\nISBN-10 \u200f : \u200e 3423249447<br \/>\nISBN-13 \u200f : \u200e 978-3423249447<\/p>","protected":false},"excerpt":{"rendered":"<h3>Artikelmerkmale<\/h3>\n<p>Artikelzustand: Neu - Neues, ungelesenes, ungebrauchtes Buch in makellosem Zustand<\/p>\n<table dir=\"ltr\" style=\"height: 463px;\" border=\"1\" width=\"456\" cellspacing=\"0\" cellpadding=\"0\">\n<colgroup>\n<col width=\"203\" \/>\n<col width=\"400\" \/><\/colgroup>\n<tbody>\n<tr>\n<td data-sheets-value=\"{&quot;1&quot;:2,&quot;2&quot;:&quot;Anzahl der Seiten:&quot;}\">Anzahl der Seiten:<\/td>\n<td data-sheets-value=\"{&quot;1&quot;:2,&quot;2&quot;:&quot;508 Seiten&quot;}\">508 Seiten<\/td>\n<\/tr>\n<tr>\n<td data-sheets-value=\"{&quot;1&quot;:2,&quot;2&quot;:&quot;Autor:&quot;}\">Autor:<\/td>\n<td data-sheets-value=\"{&quot;1&quot;:2,&quot;2&quot;:&quot;Rosemarie Marschner&quot;}\">Rosemarie Marschner<\/td>\n<\/tr>\n<tr>\n<td data-sheets-value=\"{&quot;1&quot;:2,&quot;2&quot;:&quot;Besonderheiten:&quot;}\">Caracter\u00edsticas especiales:<\/td>\n<td data-sheets-value=\"{&quot;1&quot;:2,&quot;2&quot;:&quot;Broschiert&quot;}\">Broschiert<\/td>\n<\/tr>\n<tr>\n<td data-sheets-value=\"{&quot;1&quot;:2,&quot;2&quot;:&quot;Buchreihe:&quot;}\">Buchreihe:<\/td>\n<td data-sheets-value=\"{&quot;1&quot;:2,&quot;2&quot;:&quot;Dtv, Dtv- Premium&quot;}\">Dtv, Dtv- Premium<\/td>\n<\/tr>\n<tr>\n<td data-sheets-value=\"{&quot;1&quot;:2,&quot;2&quot;:&quot;Buchtitel:&quot;}\">Buchtitel:<\/td>\n<td data-sheets-value=\"{&quot;1&quot;:2,&quot;2&quot;:&quot;Das M\u00e4dchen am Klavier&quot;}\">Das M\u00e4dchen am Klavier<\/td>\n<\/tr>\n<tr>\n<td data-sheets-value=\"{&quot;1&quot;:2,&quot;2&quot;:&quot;Erscheinungsjahr:&quot;}\">Erscheinungsjahr:<\/td>\n<td data-sheets-value=\"{&quot;1&quot;:3,&quot;3&quot;:2013}\">2013<\/td>\n<\/tr>\n<tr>\n<td data-sheets-value=\"{&quot;1&quot;:2,&quot;2&quot;:&quot;Format:&quot;}\">Format:<\/td>\n<td data-sheets-value=\"{&quot;1&quot;:2,&quot;2&quot;:&quot;Taschenbuch&quot;}\">R\u00fastica<\/td>\n<\/tr>\n<tr>\n<td data-sheets-value=\"{&quot;1&quot;:2,&quot;2&quot;:&quot;Genre:&quot;}\">Genre:<\/td>\n<td data-sheets-value=\"{&quot;1&quot;:2,&quot;2&quot;:&quot;Historische Romane&quot;}\">Historische Romane<\/td>\n<\/tr>\n<tr>\n<td data-sheets-value=\"{&quot;1&quot;:2,&quot;2&quot;:&quot;Herstellungsland und -region:&quot;}\">Herstellungsland und -region:<\/td>\n<td data-sheets-value=\"{&quot;1&quot;:2,&quot;2&quot;:&quot;Deutschland&quot;}\">Alemania<\/td>\n<\/tr>\n<tr>\n<td data-sheets-value=\"{&quot;1&quot;:2,&quot;2&quot;:&quot;ISBN:&quot;}\">ISBN:<\/td>\n<td data-sheets-value=\"{&quot;1&quot;:3,&quot;3&quot;:9783423249447}\">9783423249447<\/td>\n<\/tr>\n<tr>\n<td data-sheets-value=\"{&quot;1&quot;:2,&quot;2&quot;:&quot;Literarische Gattung:&quot;}\">Literarische Gattung:<\/td>\n<td data-sheets-value=\"{&quot;1&quot;:2,&quot;2&quot;:&quot;Belletristik&quot;}\">Belletristik<\/td>\n<\/tr>\n<tr>\n<td data-sheets-value=\"{&quot;1&quot;:2,&quot;2&quot;:&quot;Produktart:&quot;}\">Produktart:<\/td>\n<td data-sheets-value=\"{&quot;1&quot;:2,&quot;2&quot;:&quot;Roman&quot;}\">Roman<\/td>\n<\/tr>\n<tr>\n<td data-sheets-value=\"{&quot;1&quot;:2,&quot;2&quot;:&quot;Sprache:&quot;}\">Sprache:<\/td>\n<td data-sheets-value=\"{&quot;1&quot;:2,&quot;2&quot;:&quot;Deutsch&quot;}\">Alem\u00e1n<\/td>\n<\/tr>\n<tr>\n<td data-sheets-value=\"{&quot;1&quot;:2,&quot;2&quot;:&quot;Thematik:&quot;}\">Thematik:<\/td>\n<td data-sheets-value=\"{&quot;1&quot;:2,&quot;2&quot;:&quot;Clara Schumann&quot;}\">Clara Schumann<\/td>\n<\/tr>\n<tr>\n<td data-sheets-value=\"{&quot;1&quot;:2,&quot;2&quot;:&quot;Verlag:&quot;}\">Verlag:<\/td>\n<td data-sheets-value=\"{&quot;1&quot;:2,&quot;2&quot;:&quot;Dtv Verlagsgesellschaft, Dtv Verlagsgesellschaft Mbh &amp; Co. Kg&quot;}\">Dtv Verlagsgesellschaft, Dtv Verlagsgesellschaft Mbh &amp; Co. Kg<\/td>\n<\/tr>\n<tr>\n<td data-sheets-value=\"{&quot;1&quot;:2,&quot;2&quot;:&quot;Zielgruppe:&quot;}\">Zielgruppe:<\/td>\n<td data-sheets-value=\"{&quot;1&quot;:2,&quot;2&quot;:&quot;Jugendliche, Erwachsene&quot;}\">Jugendliche, Erwachsene<\/td>\n<\/tr>\n<\/tbody>\n<\/table>","protected":false},"featured_media":78771,"comment_status":"open","ping_status":"closed","template":"","meta":{"_seopress_robots_primary_cat":"","_seopress_titles_title":"","_seopress_titles_desc":"","_seopress_robots_index":""},"product_brand":[],"product_cat":[1428,1429,1434,1451,1452],"product_tag":[],"class_list":{"0":"post-78674","1":"product","2":"type-product","3":"status-publish","4":"has-post-thumbnail","6":"product_cat-buecher","7":"product_cat-jugend","8":"product_cat-erwachsene","9":"product_cat-romane","10":"product_cat-romane-jugend","11":"product_shipping_class-standard-versand","13":"first","14":"instock","15":"taxable","16":"shipping-taxable","17":"purchasable","18":"product-type-simple"},"_links":{"self":[{"href":"https:\/\/www.soanam.de\/es\/wp-json\/wp\/v2\/product\/78674","targetHints":{"allow":["GET"]}}],"collection":[{"href":"https:\/\/www.soanam.de\/es\/wp-json\/wp\/v2\/product"}],"about":[{"href":"https:\/\/www.soanam.de\/es\/wp-json\/wp\/v2\/types\/product"}],"replies":[{"embeddable":true,"href":"https:\/\/www.soanam.de\/es\/wp-json\/wp\/v2\/comments?post=78674"}],"wp:featuredmedia":[{"embeddable":true,"href":"https:\/\/www.soanam.de\/es\/wp-json\/wp\/v2\/media\/78771"}],"wp:attachment":[{"href":"https:\/\/www.soanam.de\/es\/wp-json\/wp\/v2\/media?parent=78674"}],"wp:term":[{"taxonomy":"product_brand","embeddable":true,"href":"https:\/\/www.soanam.de\/es\/wp-json\/wp\/v2\/product_brand?post=78674"},{"taxonomy":"product_cat","embeddable":true,"href":"https:\/\/www.soanam.de\/es\/wp-json\/wp\/v2\/product_cat?post=78674"},{"taxonomy":"product_tag","embeddable":true,"href":"https:\/\/www.soanam.de\/es\/wp-json\/wp\/v2\/product_tag?post=78674"}],"curies":[{"name":"wp","href":"https:\/\/api.w.org\/{rel}","templated":true}]}}