{"id":78653,"date":"2023-12-13T21:23:46","date_gmt":"2023-12-13T20:23:46","guid":{"rendered":"https:\/\/www.soanam.de\/?post_type=product&#038;p=78653"},"modified":"2023-12-13T21:26:30","modified_gmt":"2023-12-13T20:26:30","slug":"leslii-damenohrringe-ohrhaenger-formen-mix-aus-metalllegierung-laenge-45cm","status":"publish","type":"product","link":"https:\/\/www.soanam.de\/es\/produkt\/leslii-damenohrringe-ohrhaenger-formen-mix-aus-metalllegierung-laenge-45cm\/","title":{"rendered":"Leslii - Pendientes de se\u00f1ora, pendientes, forma mixta de aleaci\u00f3n de metal, longitud 4,5 cm"},"content":{"rendered":"<h3>Descripci\u00f3n del producto<\/h3>\n<p>Ohrringe - ein kleines Schmuckst\u00fcck gro\u00df im Trend<\/p>\n<p>Ohrringe werden als das Trendaccessoire in der Fashion-Branche gefeiert. Und das Beste daran: sie kommen in unz\u00e4hligen Varianten daher. So ist dieses kleine Schmuckst\u00fcck, von filigran-dezent \u00fcber klassisch, bis hin zu auff\u00e4llig und cool, ein t\u00e4glicher Begleiter vieler Frauen.<\/p>\n<p>Modische Ohrh\u00e4nger, f\u00fcr ein gelungenes Outfit.<\/p>\n<p>L\u00e4nge: 4,5cm<br \/>\nColor: plata<br \/>\nMaterial: Metalllegierung<br \/>\nForm: aus verschieden gro\u00dfen Ringen<\/p>\n<p>Trendige Modeschmuck-Ohrringe. An dem silberfarbenen Ohrstecker sind verschieden gro\u00dfe Ringe befestigt.<br \/>\nHochwertiger Modeschmuck f\u00fcr jeden Anlass, egal ob zur Arbeit oder zu einer Feier, diese Ohrringe passen immer.<\/p>","protected":false},"excerpt":{"rendered":"<h3>Artikelmerkmale<\/h3>\n<p>Artikelzustand: Neu mit Etikett - Neuer, unbenutzter und nicht getragener Artikel in der Originalverpackung<\/p>\n<table dir=\"ltr\" border=\"1\" cellspacing=\"0\" cellpadding=\"0\">\n<colgroup>\n<col width=\"203\" \/>\n<col width=\"207\" \/><\/colgroup>\n<tbody>\n<tr>\n<td data-sheets-value=\"{&quot;1&quot;:2,&quot;2&quot;:&quot;EAN:&quot;}\">EAN:<\/td>\n<td data-sheets-value=\"{&quot;1&quot;:3,&quot;3&quot;:4250980390295}\">4250980390295<\/td>\n<\/tr>\n<tr>\n<td data-sheets-value=\"{&quot;1&quot;:2,&quot;2&quot;:&quot;Farbe:&quot;}\">Color:<\/td>\n<td data-sheets-value=\"{&quot;1&quot;:2,&quot;2&quot;:&quot;Silber&quot;}\">plata<\/td>\n<\/tr>\n<tr>\n<td data-sheets-value=\"{&quot;1&quot;:2,&quot;2&quot;:&quot;Geschlecht:&quot;}\">Geschlecht:<\/td>\n<td data-sheets-value=\"{&quot;1&quot;:2,&quot;2&quot;:&quot;Damen&quot;}\">Damen<\/td>\n<\/tr>\n<tr>\n<td data-sheets-value=\"{&quot;1&quot;:2,&quot;2&quot;:&quot;L\u00e4nge:&quot;}\">L\u00e4nge:<\/td>\n<td data-sheets-value=\"{&quot;1&quot;:3,&quot;3&quot;:4.5}\">4,5<\/td>\n<\/tr>\n<tr>\n<td data-sheets-value=\"{&quot;1&quot;:2,&quot;2&quot;:&quot;Marke:&quot;}\">Marke:<\/td>\n<td data-sheets-value=\"{&quot;1&quot;:2,&quot;2&quot;:&quot;Leslii&quot;}\">Leslii<\/td>\n<\/tr>\n<tr>\n<td data-sheets-value=\"{&quot;1&quot;:2,&quot;2&quot;:&quot;Material:&quot;}\">Material:<\/td>\n<td data-sheets-value=\"{&quot;1&quot;:2,&quot;2&quot;:&quot;Metall&quot;}\">Metall<\/td>\n<\/tr>\n<tr>\n<td data-sheets-value=\"{&quot;1&quot;:2,&quot;2&quot;:&quot;Metall:&quot;}\">Metall:<\/td>\n<td data-sheets-value=\"{&quot;1&quot;:2,&quot;2&quot;:&quot;Metalllegierung&quot;}\">Metalllegierung<\/td>\n<\/tr>\n<tr>\n<td data-sheets-value=\"{&quot;1&quot;:2,&quot;2&quot;:&quot;Ohrbereich:&quot;}\">Ohrbereich:<\/td>\n<td data-sheets-value=\"{&quot;1&quot;:2,&quot;2&quot;:&quot;Ohrl\u00e4ppchen&quot;}\">Ohrl\u00e4ppchen<\/td>\n<\/tr>\n<tr>\n<td data-sheets-value=\"{&quot;1&quot;:2,&quot;2&quot;:&quot;Produktart:&quot;}\">Produktart:<\/td>\n<td data-sheets-value=\"{&quot;1&quot;:2,&quot;2&quot;:&quot;Ohrringe&quot;}\">Pendientes<\/td>\n<\/tr>\n<tr>\n<td data-sheets-value=\"{&quot;1&quot;:2,&quot;2&quot;:&quot;Stil:&quot;}\">Stil:<\/td>\n<td data-sheets-value=\"{&quot;1&quot;:2,&quot;2&quot;:&quot;H\u00e4nger&quot;}\">H\u00e4nger<\/td>\n<\/tr>\n<tr>\n<td data-sheets-value=\"{&quot;1&quot;:2,&quot;2&quot;:&quot;Thema:&quot;}\">Thema:<\/td>\n<td data-sheets-value=\"{&quot;1&quot;:2,&quot;2&quot;:&quot;Statement&quot;}\">Statement<\/td>\n<\/tr>\n<tr>\n<td data-sheets-value=\"{&quot;1&quot;:2,&quot;2&quot;:&quot;Verschluss:&quot;}\">Verschluss:<\/td>\n<td data-sheets-value=\"{&quot;1&quot;:2,&quot;2&quot;:&quot;Butterfly-Verschluss&quot;}\">Butterfly-Verschluss<\/td>\n<\/tr>\n<\/tbody>\n<\/table>","protected":false},"featured_media":78765,"comment_status":"open","ping_status":"closed","template":"","meta":{"_seopress_robots_primary_cat":"","_seopress_titles_title":"","_seopress_titles_desc":"","_seopress_robots_index":""},"product_brand":[],"product_cat":[1502,1503,1504],"product_tag":[],"class_list":{"0":"post-78653","1":"product","2":"type-product","3":"status-publish","4":"has-post-thumbnail","6":"product_cat-schmuck","7":"product_cat-modeschmuck","8":"product_cat-ohrringe","9":"product_shipping_class-standard-versand","11":"first","12":"instock","13":"sale","14":"taxable","15":"shipping-taxable","16":"purchasable","17":"product-type-simple"},"_links":{"self":[{"href":"https:\/\/www.soanam.de\/es\/wp-json\/wp\/v2\/product\/78653","targetHints":{"allow":["GET"]}}],"collection":[{"href":"https:\/\/www.soanam.de\/es\/wp-json\/wp\/v2\/product"}],"about":[{"href":"https:\/\/www.soanam.de\/es\/wp-json\/wp\/v2\/types\/product"}],"replies":[{"embeddable":true,"href":"https:\/\/www.soanam.de\/es\/wp-json\/wp\/v2\/comments?post=78653"}],"wp:featuredmedia":[{"embeddable":true,"href":"https:\/\/www.soanam.de\/es\/wp-json\/wp\/v2\/media\/78765"}],"wp:attachment":[{"href":"https:\/\/www.soanam.de\/es\/wp-json\/wp\/v2\/media?parent=78653"}],"wp:term":[{"taxonomy":"product_brand","embeddable":true,"href":"https:\/\/www.soanam.de\/es\/wp-json\/wp\/v2\/product_brand?post=78653"},{"taxonomy":"product_cat","embeddable":true,"href":"https:\/\/www.soanam.de\/es\/wp-json\/wp\/v2\/product_cat?post=78653"},{"taxonomy":"product_tag","embeddable":true,"href":"https:\/\/www.soanam.de\/es\/wp-json\/wp\/v2\/product_tag?post=78653"}],"curies":[{"name":"wp","href":"https:\/\/api.w.org\/{rel}","templated":true}]}}