{"id":78512,"date":"2023-12-13T21:21:02","date_gmt":"2023-12-13T20:21:02","guid":{"rendered":"https:\/\/www.soanam.de\/?post_type=product&#038;p=78512"},"modified":"2023-12-13T21:23:06","modified_gmt":"2023-12-13T20:23:06","slug":"vivance-3-4-arm-shirt-mit-manschetten-in-beere-groesse-36-38","status":"publish","type":"product","link":"https:\/\/www.soanam.de\/es\/produkt\/vivance-3-4-arm-shirt-mit-manschetten-in-beere-groesse-36-38\/","title":{"rendered":"Vivance 3\/4-Arm-Shirt mit Manschetten, in Beere, Gr\u00f6\u00dfe 36\/38"},"content":{"rendered":"<p>Vivance Shirt mit Rundhalsausschnitt<br \/>\nMangas 3\/4 con pu\u00f1os a la moda y botones dorados<br \/>\nCon dobladillo el\u00e1stico<br \/>\nTejido de viscosa suave y el\u00e1stico<\/p>\n<p>Esta camisa de cuello redondo de Vivance presenta mangas de tres cuartos con pu\u00f1os de dise\u00f1o elegante y un bot\u00f3n brillante al final.<br \/>\nEl suave y fluido tejido de viscosa el\u00e1stica se ha dise\u00f1ado con una forma b\u00e1sica cl\u00e1sica y queda maravillosamente suelto gracias al dobladillo el\u00e1stico.<\/p>\n<p>Material: 95% viscosa LENZING\u2122 ECOVERO\u2122, 5% elastano.<br \/>\nInstrucciones de cuidado: Lavar a m\u00e1quina<\/p>\n<p>Color: baya<br \/>\nPatr\u00f3n: sin<br \/>\nTalla: 36\/38<\/p>\n<p>Schulterbreite: 74cnm<br \/>\nAnchura del pecho: 94 cm<br \/>\nLongitud de la manga: 46 cm<br \/>\nLongitud total: 61 cm<\/p>\n<p>Este nuevo art\u00edculo es una devoluci\u00f3n de un cliente sin etiqueta.<\/p>","protected":false},"excerpt":{"rendered":"<table class=\"dv_characteristicsTable\">\n<tbody>\n<tr>\n<td class=\"left\">Talla<\/td>\n<td>36\/38<\/td>\n<\/tr>\n<tr>\n<td class=\"left\">Gr\u00f6\u00dfentyp<\/td>\n<td>Normalgr\u00f6\u00dfen<\/td>\n<\/tr>\n<tr>\n<td class=\"left\">Composici\u00f3n del material<\/td>\n<td>Obermaterial: 95% Viskose LENZING\u2122 ECOVERO\u2122, 5% Elasthan<\/td>\n<\/tr>\n<tr>\n<td class=\"left\">Instrucciones de cuidado<\/td>\n<td>Lavado a m\u00e1quina<\/td>\n<\/tr>\n<tr>\n<td class=\"left\">Color<\/td>\n<td>beere<\/td>\n<\/tr>\n<tr>\n<td class=\"left\">\u00c4rmel<\/td>\n<td>3\/4-\u00c4rmel<\/td>\n<\/tr>\n<tr>\n<td class=\"left\">Rumpfabschluss<\/td>\n<td>elastischer Bund<\/td>\n<\/tr>\n<tr>\n<td class=\"left\">Besondere Merkmale<\/td>\n<td>mit modischen Manschetten und goldfarbenen Kn\u00f6pfen<\/td>\n<\/tr>\n<\/tbody>\n<\/table>","protected":false},"featured_media":78594,"comment_status":"open","ping_status":"closed","template":"","meta":{"_seopress_robots_primary_cat":"","_seopress_titles_title":"","_seopress_titles_desc":"","_seopress_robots_index":""},"product_brand":[],"product_cat":[1348,1456,1479],"product_tag":[],"class_list":{"0":"post-78512","1":"product","2":"type-product","3":"status-publish","4":"has-post-thumbnail","6":"product_cat-damen-mode","7":"product_cat-pullover-sweater","8":"product_cat-langarmshirts","9":"product_shipping_class-standard-versand","11":"first","12":"instock","13":"sale","14":"taxable","15":"shipping-taxable","16":"purchasable","17":"product-type-simple"},"_links":{"self":[{"href":"https:\/\/www.soanam.de\/es\/wp-json\/wp\/v2\/product\/78512","targetHints":{"allow":["GET"]}}],"collection":[{"href":"https:\/\/www.soanam.de\/es\/wp-json\/wp\/v2\/product"}],"about":[{"href":"https:\/\/www.soanam.de\/es\/wp-json\/wp\/v2\/types\/product"}],"replies":[{"embeddable":true,"href":"https:\/\/www.soanam.de\/es\/wp-json\/wp\/v2\/comments?post=78512"}],"wp:featuredmedia":[{"embeddable":true,"href":"https:\/\/www.soanam.de\/es\/wp-json\/wp\/v2\/media\/78594"}],"wp:attachment":[{"href":"https:\/\/www.soanam.de\/es\/wp-json\/wp\/v2\/media?parent=78512"}],"wp:term":[{"taxonomy":"product_brand","embeddable":true,"href":"https:\/\/www.soanam.de\/es\/wp-json\/wp\/v2\/product_brand?post=78512"},{"taxonomy":"product_cat","embeddable":true,"href":"https:\/\/www.soanam.de\/es\/wp-json\/wp\/v2\/product_cat?post=78512"},{"taxonomy":"product_tag","embeddable":true,"href":"https:\/\/www.soanam.de\/es\/wp-json\/wp\/v2\/product_tag?post=78512"}],"curies":[{"name":"wp","href":"https:\/\/api.w.org\/{rel}","templated":true}]}}