{"id":78387,"date":"2023-12-13T21:18:29","date_gmt":"2023-12-13T20:18:29","guid":{"rendered":"https:\/\/www.soanam.de\/?post_type=product&#038;p=78387"},"modified":"2023-12-13T21:20:45","modified_gmt":"2023-12-13T20:20:45","slug":"hailys-t-shirt-ss-p-tp-bella-in-white-groesse-m","status":"publish","type":"product","link":"https:\/\/www.soanam.de\/es\/produkt\/hailys-t-shirt-ss-p-tp-bella-in-white-groesse-m\/","title":{"rendered":"Camiseta Hailys SS P TP Bella, en blanco, talla M"},"content":{"rendered":"<p>Damen T-Shirt von Hailys<br \/>\nCoole Street Fashion und Party Style<br \/>\nCorte normal<br \/>\nMit Glitzerdruck auf der Brust<br \/>\nEscote redondo<br \/>\nHecho de una suave mezcla de algod\u00f3n<\/p>\n<p>Das Rundhalsshirt mit angesagtem Glitterprint vorn hat einen l\u00e4ssigen Schnitt, kurze \u00c4rmel und die Baumwollmischung garantiert ein bequemes und leichtes Tragegef\u00fchl.<br \/>\nDas gute Preis-\/ Leistungsverh\u00e4ltnis erfreut den Geldbeutel der haupts\u00e4chlich jungen Kundschaft und Kernzielgruppe der jungen Frauen.<\/p>\n<p>Material: poli\u00e9ster 65%, viscosa 35%<br \/>\nInstrucciones de cuidado: Lavar a m\u00e1quina<\/p>\n<p>Color: blanco<br \/>\nMuster: Glitzerdruck<br \/>\nTalla: M<\/p>\n<p>Anchura de los hombros: 43 cm<br \/>\nAnchura del pecho: 100 cm<br \/>\n\u00c4rmell\u00e4nge:9cm<br \/>\nLongitud total: 66 cm<\/p>","protected":false},"excerpt":{"rendered":"<p>Talla: M<br \/>\nColor: blanco<br \/>\nArtikel-Nummer: AY-87108<br \/>\nMarke: Hailys<br \/>\nMaterial: 65%Polyester, 35%Viscose<br \/>\nPflegehinweis: Maschinenw\u00e4sche<br \/>\nDetails: Glitzerprint<\/p>","protected":false},"featured_media":78498,"comment_status":"open","ping_status":"closed","template":"","meta":{"_seopress_robots_primary_cat":"","_seopress_titles_title":"","_seopress_titles_desc":"","_seopress_robots_index":""},"product_brand":[],"product_cat":[1348,1458,1477],"product_tag":[],"class_list":{"0":"post-78387","1":"product","2":"type-product","3":"status-publish","4":"has-post-thumbnail","6":"product_cat-damen-mode","7":"product_cat-shirts-damen-mode","8":"product_cat-t-shirts-shirts-damen-mode","9":"product_shipping_class-standard-versand","11":"first","12":"instock","13":"taxable","14":"shipping-taxable","15":"purchasable","16":"product-type-simple"},"_links":{"self":[{"href":"https:\/\/www.soanam.de\/es\/wp-json\/wp\/v2\/product\/78387","targetHints":{"allow":["GET"]}}],"collection":[{"href":"https:\/\/www.soanam.de\/es\/wp-json\/wp\/v2\/product"}],"about":[{"href":"https:\/\/www.soanam.de\/es\/wp-json\/wp\/v2\/types\/product"}],"replies":[{"embeddable":true,"href":"https:\/\/www.soanam.de\/es\/wp-json\/wp\/v2\/comments?post=78387"}],"wp:featuredmedia":[{"embeddable":true,"href":"https:\/\/www.soanam.de\/es\/wp-json\/wp\/v2\/media\/78498"}],"wp:attachment":[{"href":"https:\/\/www.soanam.de\/es\/wp-json\/wp\/v2\/media?parent=78387"}],"wp:term":[{"taxonomy":"product_brand","embeddable":true,"href":"https:\/\/www.soanam.de\/es\/wp-json\/wp\/v2\/product_brand?post=78387"},{"taxonomy":"product_cat","embeddable":true,"href":"https:\/\/www.soanam.de\/es\/wp-json\/wp\/v2\/product_cat?post=78387"},{"taxonomy":"product_tag","embeddable":true,"href":"https:\/\/www.soanam.de\/es\/wp-json\/wp\/v2\/product_tag?post=78387"}],"curies":[{"name":"wp","href":"https:\/\/api.w.org\/{rel}","templated":true}]}}