{"id":78348,"date":"2023-12-13T21:17:04","date_gmt":"2023-12-13T20:17:04","guid":{"rendered":"https:\/\/www.soanam.de\/?post_type=product&#038;p=78348"},"modified":"2023-12-13T21:20:17","modified_gmt":"2023-12-13T20:20:17","slug":"hugo-boss-camisa-masculina-resort-efab-straight-fit-en-rojo-nude-talla-s","status":"publish","type":"product","link":"https:\/\/www.soanam.de\/es\/produkt\/hugo-boss-herren-resorthemd-efab-straight-fit-in-rot-nude-gr-s\/","title":{"rendered":"HUGO BOSS Herren Resorthemd EFAB Straight Fit, in Rot\/Nude, Gr. S"},"content":{"rendered":"<h3>Descripci\u00f3n de la<\/h3>\n<p><strong>detalles<\/strong><\/p>\n<p>Passform laut Hersteller: Straight Fit<br \/>\nCuello con solapa<br \/>\nOhne R\u00fcckenpasse<br \/>\nBrusttasche<br \/>\nGlatte Knopfleiste<br \/>\nSeitenschlitze am Saum<br \/>\nMotiv-Print allover<\/p>\n<p><strong>Ajuste y dimensiones<\/strong><br \/>\nMa\u00dfe bei Gr\u00f6\u00dfe M:<\/p>\n<p>R\u00fcckenl\u00e4nge: 80 cm<br \/>\n\u00c4rmell\u00e4nge: 30 cm<br \/>\nTaillenweite: 110 cm<\/p>\n<p><strong>Material y cuidado<\/strong><br \/>\nMaterial: viscosa 100%<br \/>\nPflegehinweise: Professionelle Trockenreinigung empfohlen<\/p>","protected":false},"excerpt":{"rendered":"<h3>Artikelmerkmale<\/h3>\n<p>Estado del art\u00edculo: Nuevo con etiqueta: Art\u00edculo nuevo, sin usar y sin estrenar, en su embalaje original.<\/p>\n<table border=\"0\" frame=\"VOID\" rules=\"NONE\" cellspacing=\"0\">\n<colgroup>\n<col width=\"116\" \/>\n<col width=\"152\" \/><\/colgroup>\n<tbody>\n<tr>\n<td align=\"LEFT\" width=\"116\" height=\"18\">Abteilung:<\/td>\n<td align=\"LEFT\" width=\"152\">Herren<\/td>\n<\/tr>\n<tr>\n<td align=\"LEFT\" height=\"18\">Anlass:<\/td>\n<td align=\"LEFT\">Business, Freizeit<\/td>\n<\/tr>\n<tr>\n<td align=\"LEFT\" height=\"18\">\u00c4rmell\u00e4nge:<\/td>\n<td align=\"LEFT\">Manga corta<\/td>\n<\/tr>\n<tr>\n<td align=\"LEFT\" height=\"18\">Ausschnitt:<\/td>\n<td align=\"LEFT\">Kragen<\/td>\n<\/tr>\n<tr>\n<td align=\"LEFT\" height=\"18\">Caracter\u00edsticas especiales:<\/td>\n<td align=\"LEFT\">Motiv Print<\/td>\n<\/tr>\n<tr>\n<td align=\"LEFT\" height=\"18\">Charakter:<\/td>\n<td align=\"LEFT\">ohne<\/td>\n<\/tr>\n<tr>\n<td align=\"LEFT\" height=\"18\">Color:<\/td>\n<td align=\"LEFT\">Rojo<\/td>\n<\/tr>\n<tr>\n<td align=\"LEFT\" height=\"18\">Gewebeart:<\/td>\n<td align=\"LEFT\">Viskose<\/td>\n<\/tr>\n<tr>\n<td align=\"LEFT\" height=\"18\">Gr\u00f6\u00dfe:<\/td>\n<td align=\"LEFT\">S<\/td>\n<\/tr>\n<tr>\n<td align=\"LEFT\" height=\"18\">Gr\u00f6\u00dfenkategorie:<\/td>\n<td align=\"LEFT\">Normalgr\u00f6\u00dfe<\/td>\n<\/tr>\n<tr>\n<td align=\"LEFT\" height=\"18\">Kragenart:<\/td>\n<td align=\"LEFT\">Cuello con solapa<\/td>\n<\/tr>\n<tr>\n<td align=\"LEFT\" height=\"18\">Marke:<\/td>\n<td align=\"LEFT\">HUGO BOSS<\/td>\n<\/tr>\n<tr>\n<td align=\"LEFT\" height=\"18\">Material:<\/td>\n<td align=\"LEFT\">Viskose<\/td>\n<\/tr>\n<tr>\n<td align=\"LEFT\" height=\"18\">Patr\u00f3n:<\/td>\n<td align=\"LEFT\">Allover Print<\/td>\n<\/tr>\n<tr>\n<td align=\"LEFT\" height=\"18\">En forma:<\/td>\n<td align=\"LEFT\">Straight Fit<\/td>\n<\/tr>\n<tr>\n<td align=\"LEFT\" height=\"18\">Produktart:<\/td>\n<td align=\"LEFT\">Gekn\u00f6pftes Hemd<\/td>\n<\/tr>\n<tr>\n<td align=\"LEFT\" height=\"18\">Thema:<\/td>\n<td align=\"LEFT\">Modern<\/td>\n<\/tr>\n<tr>\n<td align=\"LEFT\" height=\"18\">Vintage:<\/td>\n<td align=\"LEFT\">Nein<\/td>\n<\/tr>\n<\/tbody>\n<\/table>","protected":false},"featured_media":78456,"comment_status":"open","ping_status":"closed","template":"","meta":{"_seopress_robots_primary_cat":"","_seopress_titles_title":"","_seopress_titles_desc":"","_seopress_robots_index":""},"product_brand":[],"product_cat":[1345,1497,1498],"product_tag":[],"class_list":{"0":"post-78348","1":"product","2":"type-product","3":"status-publish","4":"has-post-thumbnail","6":"product_cat-herrenmode","7":"product_cat-hemden","8":"product_cat-kurzarm","9":"product_shipping_class-standard-versand","11":"first","12":"instock","13":"sale","14":"taxable","15":"shipping-taxable","16":"purchasable","17":"product-type-simple"},"_links":{"self":[{"href":"https:\/\/www.soanam.de\/es\/wp-json\/wp\/v2\/product\/78348","targetHints":{"allow":["GET"]}}],"collection":[{"href":"https:\/\/www.soanam.de\/es\/wp-json\/wp\/v2\/product"}],"about":[{"href":"https:\/\/www.soanam.de\/es\/wp-json\/wp\/v2\/types\/product"}],"replies":[{"embeddable":true,"href":"https:\/\/www.soanam.de\/es\/wp-json\/wp\/v2\/comments?post=78348"}],"wp:featuredmedia":[{"embeddable":true,"href":"https:\/\/www.soanam.de\/es\/wp-json\/wp\/v2\/media\/78456"}],"wp:attachment":[{"href":"https:\/\/www.soanam.de\/es\/wp-json\/wp\/v2\/media?parent=78348"}],"wp:term":[{"taxonomy":"product_brand","embeddable":true,"href":"https:\/\/www.soanam.de\/es\/wp-json\/wp\/v2\/product_brand?post=78348"},{"taxonomy":"product_cat","embeddable":true,"href":"https:\/\/www.soanam.de\/es\/wp-json\/wp\/v2\/product_cat?post=78348"},{"taxonomy":"product_tag","embeddable":true,"href":"https:\/\/www.soanam.de\/es\/wp-json\/wp\/v2\/product_tag?post=78348"}],"curies":[{"name":"wp","href":"https:\/\/api.w.org\/{rel}","templated":true}]}}