{"id":78310,"date":"2023-12-13T21:16:08","date_gmt":"2023-12-13T20:16:08","guid":{"rendered":"https:\/\/www.soanam.de\/?post_type=product&#038;p=78310"},"modified":"2023-12-13T21:19:29","modified_gmt":"2023-12-13T20:19:29","slug":"roesch-stoffmaske-fuer-erwachsene-weiss-mit-bluemchen-1-stk","status":"publish","type":"product","link":"https:\/\/www.soanam.de\/es\/produkt\/roesch-stoffmaske-fuer-erwachsene-weiss-mit-bluemchen-1-stk\/","title":{"rendered":"M\u00e1scara de tela R\u00f6sch para adultos, blanca con flores, 1 ud."},"content":{"rendered":"<h3>Descripci\u00f3n del producto<\/h3>\n<p>Kann Speichel\u00fcbertragung auf andere Personen verhindern<br \/>\nKann die Wahrscheinlichkeit des ins Gesicht Fassens verringern<br \/>\nWiederverwendbare Mund- und Nasenmaske<br \/>\nBei 60 Grad waschbar<\/p>\n<p>Die R\u00f6sch Mund- und Nasenmaske f\u00fcr Erwachsene Bl\u00fcmchen ist eine dreilagige und wiederverwendbare Mund- und Nasenmaske aus 100% Baumwolle. Die Maske kann verhindern, dass infekti\u00f6se Speicheltropfen durch Husten und Niesen auf eine andere Person verspr\u00fcht werden und verringert die Wahrscheinlichkeit, sich ins Gesicht zu fassen.<\/p>\n<p><strong>Warnhinweise<\/strong><br \/>\nKein medizinisches Produkt, Maske vor dem Tragen waschen<\/p>\n<p><strong>Material<\/strong><br \/>\nOberstoff: 100% Baumwolle, Einlage (Vlies): 85% Polyamid \/ 15% Polyester<\/p>","protected":false},"excerpt":{"rendered":"<h3>Artikelmerkmale<\/h3>\n<p>Artikelzustand: Neu - Neuer, unbenutzter und unbesch\u00e4digter Artikel in der unge\u00f6ffneten Verpackung<\/p>\n<table dir=\"ltr\" border=\"1\" cellspacing=\"0\" cellpadding=\"0\">\n<colgroup>\n<col width=\"203\" \/>\n<col width=\"365\" \/><\/colgroup>\n<tbody>\n<tr>\n<td data-sheets-value=\"{&quot;1&quot;:2,&quot;2&quot;:&quot;EAN:&quot;}\">EAN:<\/td>\n<td data-sheets-value=\"{&quot;1&quot;:3,&quot;3&quot;:4054856415569}\">4054856415569<\/td>\n<\/tr>\n<tr>\n<td data-sheets-value=\"{&quot;1&quot;:2,&quot;2&quot;:&quot;Herstellernummer:&quot;}\">Herstellernummer:<\/td>\n<td data-sheets-value=\"{&quot;1&quot;:3,&quot;3&quot;:1779780}\">1779780<\/td>\n<\/tr>\n<tr>\n<td data-sheets-value=\"{&quot;1&quot;:2,&quot;2&quot;:&quot;Herstellungsland und -region:&quot;}\">Herstellungsland und -region:<\/td>\n<td data-sheets-value=\"{&quot;1&quot;:2,&quot;2&quot;:&quot;Deutschland&quot;}\">Alemania<\/td>\n<\/tr>\n<tr>\n<td data-sheets-value=\"{&quot;1&quot;:2,&quot;2&quot;:&quot;Marke:&quot;}\">Marke:<\/td>\n<td data-sheets-value=\"{&quot;1&quot;:2,&quot;2&quot;:&quot;R\u00f6sch&quot;}\">R\u00f6sch<\/td>\n<\/tr>\n<tr>\n<td data-sheets-value=\"{&quot;1&quot;:2,&quot;2&quot;:&quot;Modifizierter Artikel:&quot;}\">Modifizierter Artikel:<\/td>\n<td data-sheets-value=\"{&quot;1&quot;:2,&quot;2&quot;:&quot;Nein&quot;}\">Nein<\/td>\n<\/tr>\n<\/tbody>\n<\/table>","protected":false},"featured_media":78433,"comment_status":"open","ping_status":"closed","template":"","meta":{"_seopress_robots_primary_cat":"","_seopress_titles_title":"","_seopress_titles_desc":"","_seopress_robots_index":""},"product_brand":[],"product_cat":[1348,1357,1496],"product_tag":[],"class_list":{"0":"post-78310","1":"product","2":"type-product","3":"status-publish","4":"has-post-thumbnail","6":"product_cat-damen-mode","7":"product_cat-accessoires","8":"product_cat-mund-nasen-schutz","9":"product_shipping_class-standard-versand","11":"first","12":"instock","13":"sale","14":"taxable","15":"shipping-taxable","16":"purchasable","17":"product-type-simple"},"_links":{"self":[{"href":"https:\/\/www.soanam.de\/es\/wp-json\/wp\/v2\/product\/78310","targetHints":{"allow":["GET"]}}],"collection":[{"href":"https:\/\/www.soanam.de\/es\/wp-json\/wp\/v2\/product"}],"about":[{"href":"https:\/\/www.soanam.de\/es\/wp-json\/wp\/v2\/types\/product"}],"replies":[{"embeddable":true,"href":"https:\/\/www.soanam.de\/es\/wp-json\/wp\/v2\/comments?post=78310"}],"wp:featuredmedia":[{"embeddable":true,"href":"https:\/\/www.soanam.de\/es\/wp-json\/wp\/v2\/media\/78433"}],"wp:attachment":[{"href":"https:\/\/www.soanam.de\/es\/wp-json\/wp\/v2\/media?parent=78310"}],"wp:term":[{"taxonomy":"product_brand","embeddable":true,"href":"https:\/\/www.soanam.de\/es\/wp-json\/wp\/v2\/product_brand?post=78310"},{"taxonomy":"product_cat","embeddable":true,"href":"https:\/\/www.soanam.de\/es\/wp-json\/wp\/v2\/product_cat?post=78310"},{"taxonomy":"product_tag","embeddable":true,"href":"https:\/\/www.soanam.de\/es\/wp-json\/wp\/v2\/product_tag?post=78310"}],"curies":[{"name":"wp","href":"https:\/\/api.w.org\/{rel}","templated":true}]}}