{"id":78288,"date":"2023-12-13T21:15:38","date_gmt":"2023-12-13T20:15:38","guid":{"rendered":"https:\/\/www.soanam.de\/?post_type=product&#038;p=78288"},"modified":"2023-12-13T21:19:03","modified_gmt":"2023-12-13T20:19:03","slug":"lisa-jackson-nancy-bush-niemand-wird-dein-flehen-hoeren-gebundene-ausgabe","status":"publish","type":"product","link":"https:\/\/www.soanam.de\/es\/produkt\/lisa-jackson-nancy-bush-niemand-wird-dein-flehen-hoeren-gebundene-ausgabe\/","title":{"rendered":"Lisa Jackson, Nancy Bush \"Nadie escuchar\u00e1 tu s\u00faplica\" Hardcover"},"content":{"rendered":"<h3>Descripci\u00f3n del producto<\/h3>\n<p>Als im Irrgarten der Schule St. Elizabeth ein Skelett gefunden wird, sind die Mitglieder ihrer ehemaligen Clique fest davon \u00fcberzeugt, dass es sich um Jessie Brentwood handelt, welche vor zwanzig Jahren pl\u00f6tzlich verschwand. Alle, au\u00dfer Detective McNally, gingen davon aus, dass sie ausgerissen war. Nun rollt McNally den Fall wieder auf und muss nebenher auch noch die Anschl\u00e4ge auf die Mitglieder aus Jessies ehemaliger Clique aufkl\u00e4ren.<\/p>\n<p>Welches Geheimnis h\u00fctete Jessie? Und welche Rolle spielt Becca Sutcliff, die sich damals in die Clique dr\u00e4ngte und seit dem Auftauchen des Skeletts seltsame Visionen hat?<\/p>\n<p><strong>Detalles del producto<\/strong><br \/>\nHerausgeber \u200f : \u200e Weltbild Verlag (1. Januar 2011)<br \/>\nEncuadernaci\u00f3n: Tapa dura<br \/>\nSprache : Deutsch<br \/>\nBuchreihe: Colony #1<br \/>\nErscheinungsjahr : 2011<br \/>\nSeitenzahl : 512<br \/>\nISBN-10 \u200f : \u200e 3868006710<br \/>\nISBN-13 \u200f : \u200e 978-3868006711<\/p>","protected":false},"excerpt":{"rendered":"<h3>Artikelmerkmale<\/h3>\n<p>Artikelzustand: Neu - Neues, ungelesenes, ungebrauchtes Buch in makellosem Zustand<\/p>\n<table dir=\"ltr\" border=\"1\" cellspacing=\"0\" cellpadding=\"0\">\n<colgroup>\n<col width=\"203\" \/>\n<col width=\"365\" \/><\/colgroup>\n<tbody>\n<tr>\n<td data-sheets-value=\"{&quot;1&quot;:2,&quot;2&quot;:&quot;Autor:&quot;}\">Autor:<\/td>\n<td data-sheets-value=\"{&quot;1&quot;:2,&quot;2&quot;:&quot;Nancy Bush, Lisa Jackson&quot;}\">Nancy Bush, Lisa Jackson<\/td>\n<\/tr>\n<tr>\n<td data-sheets-value=\"{&quot;1&quot;:2,&quot;2&quot;:&quot;Besonderheiten:&quot;}\">Caracter\u00edsticas especiales:<\/td>\n<td data-sheets-value=\"{&quot;1&quot;:2,&quot;2&quot;:&quot;Schutzumschlag&quot;}\">Schutzumschlag<\/td>\n<\/tr>\n<tr>\n<td data-sheets-value=\"{&quot;1&quot;:2,&quot;2&quot;:&quot;Buchreihe:&quot;}\">Buchreihe:<\/td>\n<td data-sheets-value=\"{&quot;1&quot;:2,&quot;2&quot;:&quot;Colony #1&quot;}\">Colony #1<\/td>\n<\/tr>\n<tr>\n<td data-sheets-value=\"{&quot;1&quot;:2,&quot;2&quot;:&quot;Buchtitel:&quot;}\">Buchtitel:<\/td>\n<td data-sheets-value=\"{&quot;1&quot;:2,&quot;2&quot;:&quot;Niemand wird dein Flehen h\u00f6ren&quot;}\">Niemand wird dein Flehen h\u00f6ren<\/td>\n<\/tr>\n<tr>\n<td data-sheets-value=\"{&quot;1&quot;:2,&quot;2&quot;:&quot;Erscheinungsjahr:&quot;}\">Erscheinungsjahr:<\/td>\n<td data-sheets-value=\"{&quot;1&quot;:3,&quot;3&quot;:2011}\">2011<\/td>\n<\/tr>\n<tr>\n<td data-sheets-value=\"{&quot;1&quot;:2,&quot;2&quot;:&quot;Format:&quot;}\">Format:<\/td>\n<td data-sheets-value=\"{&quot;1&quot;:2,&quot;2&quot;:&quot;Gebundene Ausgabe&quot;}\">Edici\u00f3n de tapa dura<\/td>\n<\/tr>\n<tr>\n<td data-sheets-value=\"{&quot;1&quot;:2,&quot;2&quot;:&quot;Genre:&quot;}\">Genre:<\/td>\n<td data-sheets-value=\"{&quot;1&quot;:2,&quot;2&quot;:&quot;Krimis &amp; Thriller&quot;}\">Krimis &amp; Thriller<\/td>\n<\/tr>\n<tr>\n<td data-sheets-value=\"{&quot;1&quot;:2,&quot;2&quot;:&quot;Herstellungsland und -region:&quot;}\">Herstellungsland und -region:<\/td>\n<td data-sheets-value=\"{&quot;1&quot;:2,&quot;2&quot;:&quot;Deutschland&quot;}\">Alemania<\/td>\n<\/tr>\n<tr>\n<td data-sheets-value=\"{&quot;1&quot;:2,&quot;2&quot;:&quot;ISBN:&quot;}\">ISBN:<\/td>\n<td data-sheets-value=\"{&quot;1&quot;:3,&quot;3&quot;:9783868006711}\">9783868006711<\/td>\n<\/tr>\n<tr>\n<td data-sheets-value=\"{&quot;1&quot;:2,&quot;2&quot;:&quot;Literarische Gattung:&quot;}\">Literarische Gattung:<\/td>\n<td data-sheets-value=\"{&quot;1&quot;:2,&quot;2&quot;:&quot;Belletristik&quot;}\">Belletristik<\/td>\n<\/tr>\n<tr>\n<td data-sheets-value=\"{&quot;1&quot;:2,&quot;2&quot;:&quot;Produktart:&quot;}\">Produktart:<\/td>\n<td data-sheets-value=\"{&quot;1&quot;:2,&quot;2&quot;:&quot;Roman&quot;}\">Roman<\/td>\n<\/tr>\n<tr>\n<td data-sheets-value=\"{&quot;1&quot;:2,&quot;2&quot;:&quot;Sprache:&quot;}\">Sprache:<\/td>\n<td data-sheets-value=\"{&quot;1&quot;:2,&quot;2&quot;:&quot;Deutsch&quot;}\">Alem\u00e1n<\/td>\n<\/tr>\n<tr>\n<td data-sheets-value=\"{&quot;1&quot;:2,&quot;2&quot;:&quot;Thematik:&quot;}\">Thematik:<\/td>\n<td data-sheets-value=\"{&quot;1&quot;:2,&quot;2&quot;:&quot;Mord&quot;}\">Mord<\/td>\n<\/tr>\n<tr>\n<td data-sheets-value=\"{&quot;1&quot;:2,&quot;2&quot;:&quot;Verlag:&quot;}\">Verlag:<\/td>\n<td data-sheets-value=\"{&quot;1&quot;:2,&quot;2&quot;:&quot;Weltbild Verlag&quot;}\">Weltbild Verlag<\/td>\n<\/tr>\n<tr>\n<td data-sheets-value=\"{&quot;1&quot;:2,&quot;2&quot;:&quot;Zielgruppe:&quot;}\">Zielgruppe:<\/td>\n<td data-sheets-value=\"{&quot;1&quot;:2,&quot;2&quot;:&quot;Jugendliche, Erwachsene&quot;}\">Jugendliche, Erwachsene<\/td>\n<\/tr>\n<\/tbody>\n<\/table>","protected":false},"featured_media":78412,"comment_status":"open","ping_status":"closed","template":"","meta":{"_seopress_robots_primary_cat":"","_seopress_titles_title":"","_seopress_titles_desc":"","_seopress_robots_index":""},"product_brand":[],"product_cat":[1428,1429,1434,1451,1452],"product_tag":[],"class_list":{"0":"post-78288","1":"product","2":"type-product","3":"status-publish","4":"has-post-thumbnail","6":"product_cat-buecher","7":"product_cat-jugend","8":"product_cat-erwachsene","9":"product_cat-romane","10":"product_cat-romane-jugend","11":"product_shipping_class-standard-versand","13":"first","14":"instock","15":"taxable","16":"shipping-taxable","17":"purchasable","18":"product-type-simple"},"_links":{"self":[{"href":"https:\/\/www.soanam.de\/es\/wp-json\/wp\/v2\/product\/78288","targetHints":{"allow":["GET"]}}],"collection":[{"href":"https:\/\/www.soanam.de\/es\/wp-json\/wp\/v2\/product"}],"about":[{"href":"https:\/\/www.soanam.de\/es\/wp-json\/wp\/v2\/types\/product"}],"replies":[{"embeddable":true,"href":"https:\/\/www.soanam.de\/es\/wp-json\/wp\/v2\/comments?post=78288"}],"wp:featuredmedia":[{"embeddable":true,"href":"https:\/\/www.soanam.de\/es\/wp-json\/wp\/v2\/media\/78412"}],"wp:attachment":[{"href":"https:\/\/www.soanam.de\/es\/wp-json\/wp\/v2\/media?parent=78288"}],"wp:term":[{"taxonomy":"product_brand","embeddable":true,"href":"https:\/\/www.soanam.de\/es\/wp-json\/wp\/v2\/product_brand?post=78288"},{"taxonomy":"product_cat","embeddable":true,"href":"https:\/\/www.soanam.de\/es\/wp-json\/wp\/v2\/product_cat?post=78288"},{"taxonomy":"product_tag","embeddable":true,"href":"https:\/\/www.soanam.de\/es\/wp-json\/wp\/v2\/product_tag?post=78288"}],"curies":[{"name":"wp","href":"https:\/\/api.w.org\/{rel}","templated":true}]}}