{"id":78266,"date":"2023-12-13T21:14:58","date_gmt":"2023-12-13T20:14:58","guid":{"rendered":"https:\/\/www.soanam.de\/?post_type=product&#038;p=78266"},"modified":"2023-12-13T21:18:42","modified_gmt":"2023-12-13T20:18:42","slug":"zapatillas-de-deporte-para-mujer-by-billi-bi-sport-3660-459-en-burdeos-beige-rosa-gr-39","status":"publish","type":"product","link":"https:\/\/www.soanam.de\/es\/produkt\/damen-sport-schuhe-von-billi-bi-sport-3660-459-in-bordeaux-beige-rose-gr-39\/","title":{"rendered":"Zapatillas de deporte para mujer de \"Billi Bi\" Sport 3660-459 en Burdeos \/ Beige \/ Rosa, talla 39"},"content":{"rendered":"<h3>Descripci\u00f3n de la<\/h3>\n<p>Zapatillas de billi bi. Se abrochan con un cierre de cordones. Mezcla armoniosa de colores. Muy ligeras. Leng\u00fceta y tal\u00f3n dorados. Zapatillas deportivas en una combinaci\u00f3n de ante burdeos y rosa y malla nude con un detalle decorativo en charol dorado en la parte trasera. La zapatilla se ata con cordones de tela rosa y tiene puntera redondeada y detalles deportivos de goma blanca en la suela.<\/p>\n<p><strong>Material:<\/strong><\/p>\n<p>Familia de colores: Bordo, Beige, Rosa<br \/>\nMotivo: Multicolor<br \/>\nMaterial exterior: cuero liso 50% piel de vaca\/tejido textil 50% piel de becerro<br \/>\nMaterial del forro: piel 100% vacuno\/piel de becerro<br \/>\nPlantilla: piel 100% vacuno\/piel de becerro<br \/>\nSuela: caucho 100%<br \/>\nPuntera: Redonda<br \/>\nCierre: cord\u00f3n<br \/>\nForma del tal\u00f3n: Est\u00e1ndar<br \/>\nAltura del tac\u00f3n: 4 cm<\/p>","protected":false},"excerpt":{"rendered":"<h3>Artikelmerkmale<\/h3>\n<p>Estado del art\u00edculo: Nuevo con etiqueta: Art\u00edculo nuevo, sin usar y sin estrenar, en su embalaje original.<\/p>\n<table border=\"0\" frame=\"VOID\" rules=\"NONE\" cellspacing=\"0\">\n<colgroup>\n<col width=\"133\" \/>\n<col width=\"170\" \/><\/colgroup>\n<tbody>\n<tr>\n<td align=\"LEFT\" width=\"133\" height=\"18\">Abteilung:<\/td>\n<td align=\"LEFT\" width=\"170\">Damen<\/td>\n<\/tr>\n<tr>\n<td align=\"LEFT\" height=\"18\">Akzente:<\/td>\n<td align=\"LEFT\">Ohne<\/td>\n<\/tr>\n<tr>\n<td align=\"LEFT\" height=\"18\">Anlass:<\/td>\n<td align=\"LEFT\">Freizeit<\/td>\n<\/tr>\n<tr>\n<td align=\"LEFT\" height=\"18\">AU-Schuhgr\u00f6\u00dfe:<\/td>\n<td align=\"LEFT\">AU 8,5<\/td>\n<\/tr>\n<tr>\n<td align=\"LEFT\" height=\"18\">Caracter\u00edsticas especiales:<\/td>\n<td align=\"LEFT\">Anti-Rutsch, Atmungsaktiv<\/td>\n<\/tr>\n<tr>\n<td align=\"LEFT\" height=\"18\">Charakter:<\/td>\n<td align=\"LEFT\">ohne<\/td>\n<\/tr>\n<tr>\n<td align=\"LEFT\" height=\"17\">EAN:<\/td>\n<td align=\"LEFT\">5711215562300<\/td>\n<\/tr>\n<tr>\n<td align=\"LEFT\" height=\"18\">Erscheinungsjahr:<\/td>\n<td align=\"LEFT\">2019<\/td>\n<\/tr>\n<tr>\n<td align=\"LEFT\" height=\"18\">EU-Schuhgr\u00f6\u00dfe:<\/td>\n<td align=\"LEFT\">EUR 39<\/td>\n<\/tr>\n<tr>\n<td align=\"LEFT\" height=\"18\">Color:<\/td>\n<td align=\"LEFT\">Rosa<\/td>\n<\/tr>\n<tr>\n<td align=\"LEFT\" height=\"18\">Futtermaterial:<\/td>\n<td align=\"LEFT\">Stoff<\/td>\n<\/tr>\n<tr>\n<td align=\"LEFT\" height=\"18\">Gr\u00f6\u00dfe:<\/td>\n<td align=\"LEFT\">39<\/td>\n<\/tr>\n<tr>\n<td align=\"LEFT\" height=\"18\">Gr\u00f6\u00dfenkategorie:<\/td>\n<td align=\"LEFT\">Normale Weite<\/td>\n<\/tr>\n<tr>\n<td align=\"LEFT\" height=\"18\">Herstellernummer:<\/td>\n<td align=\"LEFT\">ohne Angabe<\/td>\n<\/tr>\n<tr>\n<td align=\"LEFT\" height=\"18\">Herstellungsjahr:<\/td>\n<td align=\"LEFT\">2010-2019<\/td>\n<\/tr>\n<tr>\n<td align=\"LEFT\" height=\"18\">Individualisiert:<\/td>\n<td align=\"LEFT\">Nein<\/td>\n<\/tr>\n<tr>\n<td align=\"LEFT\" height=\"18\">Innensohlenmaterial:<\/td>\n<td align=\"LEFT\">Stoff<\/td>\n<\/tr>\n<tr>\n<td align=\"LEFT\" height=\"18\">Laufsohlenmaterial:<\/td>\n<td align=\"LEFT\">Goma<\/td>\n<\/tr>\n<tr>\n<td align=\"LEFT\" height=\"18\">Marke:<\/td>\n<td align=\"LEFT\">Billi Bi<\/td>\n<\/tr>\n<tr>\n<td align=\"LEFT\" height=\"18\">Modell:<\/td>\n<td align=\"LEFT\">Sport<\/td>\n<\/tr>\n<tr>\n<td align=\"LEFT\" height=\"18\">Material superior:<\/td>\n<td align=\"LEFT\">Piel<\/td>\n<\/tr>\n<tr>\n<td align=\"LEFT\" height=\"18\">Produktart:<\/td>\n<td align=\"LEFT\">Sportschuh<\/td>\n<\/tr>\n<tr>\n<td align=\"LEFT\" height=\"18\">Produktlinie:<\/td>\n<td align=\"LEFT\">Sport<\/td>\n<\/tr>\n<tr>\n<td align=\"LEFT\" height=\"18\">Schuhweite:<\/td>\n<td align=\"LEFT\">F<\/td>\n<\/tr>\n<tr>\n<td align=\"LEFT\" height=\"18\">Stil:<\/td>\n<td align=\"LEFT\">Sneaker<\/td>\n<\/tr>\n<tr>\n<td align=\"LEFT\" height=\"18\">Thema:<\/td>\n<td align=\"LEFT\">Rosen<\/td>\n<\/tr>\n<tr>\n<td align=\"LEFT\" height=\"18\">UK-Schuhgr\u00f6\u00dfe:<\/td>\n<td align=\"LEFT\">UK 6<\/td>\n<\/tr>\n<tr>\n<td align=\"LEFT\" height=\"18\">US-Schuhgr\u00f6\u00dfe:<\/td>\n<td align=\"LEFT\">US 8,5<\/td>\n<\/tr>\n<tr>\n<td align=\"LEFT\" height=\"18\">Verschluss:<\/td>\n<td align=\"LEFT\">Schn\u00fcrung<\/td>\n<\/tr>\n<tr>\n<td align=\"LEFT\" height=\"18\">Vintage:<\/td>\n<td align=\"LEFT\">Nein<\/td>\n<\/tr>\n<\/tbody>\n<\/table>","protected":false},"featured_media":78390,"comment_status":"open","ping_status":"closed","template":"","meta":{"_seopress_robots_primary_cat":"","_seopress_titles_title":"","_seopress_titles_desc":"","_seopress_robots_index":""},"product_brand":[],"product_cat":[1348,1360,1367],"product_tag":[],"class_list":{"0":"post-78266","1":"product","2":"type-product","3":"status-publish","4":"has-post-thumbnail","6":"product_cat-damen-mode","7":"product_cat-schuhe","8":"product_cat-sneakers","9":"product_shipping_class-standard-versand","11":"first","12":"instock","13":"sale","14":"taxable","15":"shipping-taxable","16":"purchasable","17":"product-type-simple"},"_links":{"self":[{"href":"https:\/\/www.soanam.de\/es\/wp-json\/wp\/v2\/product\/78266","targetHints":{"allow":["GET"]}}],"collection":[{"href":"https:\/\/www.soanam.de\/es\/wp-json\/wp\/v2\/product"}],"about":[{"href":"https:\/\/www.soanam.de\/es\/wp-json\/wp\/v2\/types\/product"}],"replies":[{"embeddable":true,"href":"https:\/\/www.soanam.de\/es\/wp-json\/wp\/v2\/comments?post=78266"}],"wp:featuredmedia":[{"embeddable":true,"href":"https:\/\/www.soanam.de\/es\/wp-json\/wp\/v2\/media\/78390"}],"wp:attachment":[{"href":"https:\/\/www.soanam.de\/es\/wp-json\/wp\/v2\/media?parent=78266"}],"wp:term":[{"taxonomy":"product_brand","embeddable":true,"href":"https:\/\/www.soanam.de\/es\/wp-json\/wp\/v2\/product_brand?post=78266"},{"taxonomy":"product_cat","embeddable":true,"href":"https:\/\/www.soanam.de\/es\/wp-json\/wp\/v2\/product_cat?post=78266"},{"taxonomy":"product_tag","embeddable":true,"href":"https:\/\/www.soanam.de\/es\/wp-json\/wp\/v2\/product_tag?post=78266"}],"curies":[{"name":"wp","href":"https:\/\/api.w.org\/{rel}","templated":true}]}}