{"id":78184,"date":"2023-12-13T21:13:08","date_gmt":"2023-12-13T20:13:08","guid":{"rendered":"https:\/\/www.soanam.de\/?post_type=product&#038;p=78184"},"modified":"2023-12-13T21:15:52","modified_gmt":"2023-12-13T20:15:52","slug":"lotta-olsson-maria-nilsson-thore-un-amigo-unico-y-la-gran-suerte-edicion-tapa-dura-2012","status":"publish","type":"product","link":"https:\/\/www.soanam.de\/es\/produkt\/lotta-olsson-maria-nilsson-thore-ein-einzigartiger-freund-und-das-ganz-ganz-grosse-glueck-gebundene-ausgabe-2012\/","title":{"rendered":"Lotta Olsson, Maria Nilsson Thore - \"Un amigo \u00fanico y la felicidad muy, muy grande\" Hardback edici\u00f3n 2012"},"content":{"rendered":"<h3>Descripci\u00f3n del producto<\/h3>\n<p>\u00bfEres raro? \u00a1Pues ponte en contacto! El gran oso hormiguero y su amigo, el peque\u00f1o lir\u00f3n, reciben cartas de todo el mundo. El oso hormiguero, al principio infeliz, pronto se da cuenta de que hay animales a\u00fan m\u00e1s raros que \u00e9l. Nunca se lo habr\u00eda imaginado. Y casi pasa por alto algo a\u00fan m\u00e1s importante: Cada uno de los animales tiene una caracter\u00edstica muy especial que le hace ser lo que es. \u00a1Qu\u00e9 bien que existas, oso hormiguero! Un libro maravilloso para leer en voz alta y para leerlo uno mismo.<\/p>\n<p><strong>Detalles del producto<\/strong><br \/>\nEditor : Arena<br \/>\nAutor : Lotta Olsson<br \/>\nIlustrador : Maria Nilsson Thore<br \/>\nT\u00edtulo original : \"Konstiga Djur\"<br \/>\nA\u00f1o de publicaci\u00f3n : 2012<br \/>\nIdioma : Alem\u00e1n<br \/>\nEncuadernaci\u00f3n : Tapa dura<br \/>\nN\u00famero de p\u00e1ginas : 112 p\u00e1ginas<br \/>\nISBN-10 : 3401099779<br \/>\nISBN-13 : 978-3401099774<br \/>\nIlustraciones : ilustrado en color<br \/>\nAltersempfehlung : 4 - 6 Jahre<br \/>\nPeso del art\u00edculo : 381 g<\/p>","protected":false},"excerpt":{"rendered":"<h3>Artikelmerkmale<\/h3>\n<p>Artikelzustand: Neu - Neues, ungelesenes, ungebrauchtes Buch in makellosem Zustand<\/p>\n<table dir=\"ltr\" border=\"1\" cellspacing=\"0\" cellpadding=\"0\">\n<colgroup>\n<col width=\"203\" \/>\n<col width=\"365\" \/><\/colgroup>\n<tbody>\n<tr>\n<td data-sheets-value=\"{&quot;1&quot;:2,&quot;2&quot;:&quot;Autor:&quot;}\">Autor:<\/td>\n<td data-sheets-value=\"{&quot;1&quot;:2,&quot;2&quot;:&quot;Lotta Olsson, Maria Nilsson Thore&quot;}\">Lotta Olsson, Maria Nilsson Thore<\/td>\n<\/tr>\n<tr>\n<td data-sheets-value=\"{&quot;1&quot;:2,&quot;2&quot;:&quot;Besonderheiten:&quot;}\">Caracter\u00edsticas especiales:<\/td>\n<td data-sheets-value=\"{&quot;1&quot;:2,&quot;2&quot;:&quot;Illustriert&quot;}\">Illustriert<\/td>\n<\/tr>\n<tr>\n<td data-sheets-value=\"{&quot;1&quot;:2,&quot;2&quot;:&quot;Buchtitel:&quot;}\">Buchtitel:<\/td>\n<td data-sheets-value=\"{&quot;1&quot;:2,&quot;2&quot;:&quot;Ein einzigartiger Freund und das ganz, ganz gro\u00dfe&quot;}\">Ein einzigartiger Freund und das ganz, ganz gro\u00dfe<\/td>\n<\/tr>\n<tr>\n<td data-sheets-value=\"{&quot;1&quot;:2,&quot;2&quot;:&quot;Erscheinungsjahr:&quot;}\">Erscheinungsjahr:<\/td>\n<td data-sheets-value=\"{&quot;1&quot;:3,&quot;3&quot;:2012}\">2012<\/td>\n<\/tr>\n<tr>\n<td data-sheets-value=\"{&quot;1&quot;:2,&quot;2&quot;:&quot;Format:&quot;}\">Format:<\/td>\n<td data-sheets-value=\"{&quot;1&quot;:2,&quot;2&quot;:&quot;Gebundene Ausgabe&quot;}\">Edici\u00f3n de tapa dura<\/td>\n<\/tr>\n<tr>\n<td data-sheets-value=\"{&quot;1&quot;:2,&quot;2&quot;:&quot;Genre:&quot;}\">Genre:<\/td>\n<td data-sheets-value=\"{&quot;1&quot;:2,&quot;2&quot;:&quot;Kinder- &amp; Jugendliteratur&quot;}\">Kinder- &amp; Jugendliteratur<\/td>\n<\/tr>\n<tr>\n<td data-sheets-value=\"{&quot;1&quot;:2,&quot;2&quot;:&quot;Herstellungsland und -region:&quot;}\">Herstellungsland und -region:<\/td>\n<td data-sheets-value=\"{&quot;1&quot;:2,&quot;2&quot;:&quot;Deutschland&quot;}\">Alemania<\/td>\n<\/tr>\n<tr>\n<td data-sheets-value=\"{&quot;1&quot;:2,&quot;2&quot;:&quot;ISBN:&quot;}\">ISBN:<\/td>\n<td data-sheets-value=\"{&quot;1&quot;:3,&quot;3&quot;:9783401099774}\">9783401099774<\/td>\n<\/tr>\n<tr>\n<td data-sheets-value=\"{&quot;1&quot;:2,&quot;2&quot;:&quot;Literarische Gattung:&quot;}\">Literarische Gattung:<\/td>\n<td data-sheets-value=\"{&quot;1&quot;:2,&quot;2&quot;:&quot;Belletristik&quot;}\">Belletristik<\/td>\n<\/tr>\n<tr>\n<td data-sheets-value=\"{&quot;1&quot;:2,&quot;2&quot;:&quot;Produktart:&quot;}\">Produktart:<\/td>\n<td data-sheets-value=\"{&quot;1&quot;:2,&quot;2&quot;:&quot;Kinderbuch&quot;}\">Kinderbuch<\/td>\n<\/tr>\n<tr>\n<td data-sheets-value=\"{&quot;1&quot;:2,&quot;2&quot;:&quot;Sprache:&quot;}\">Sprache:<\/td>\n<td data-sheets-value=\"{&quot;1&quot;:2,&quot;2&quot;:&quot;Deutsch&quot;}\">Alem\u00e1n<\/td>\n<\/tr>\n<tr>\n<td data-sheets-value=\"{&quot;1&quot;:2,&quot;2&quot;:&quot;Thematik:&quot;}\">Thematik:<\/td>\n<td data-sheets-value=\"{&quot;1&quot;:2,&quot;2&quot;:&quot;Tiere&quot;}\">Tiere<\/td>\n<\/tr>\n<tr>\n<td data-sheets-value=\"{&quot;1&quot;:2,&quot;2&quot;:&quot;Verlag:&quot;}\">Verlag:<\/td>\n<td data-sheets-value=\"{&quot;1&quot;:2,&quot;2&quot;:&quot;Arena&quot;}\">Arena<\/td>\n<\/tr>\n<tr>\n<td data-sheets-value=\"{&quot;1&quot;:2,&quot;2&quot;:&quot;Zielgruppe:&quot;}\">Zielgruppe:<\/td>\n<td data-sheets-value=\"{&quot;1&quot;:2,&quot;2&quot;:&quot;4-8 Jahre&quot;}\">4-6 Jahre<\/td>\n<\/tr>\n<\/tbody>\n<\/table>","protected":false},"featured_media":78298,"comment_status":"open","ping_status":"closed","template":"","meta":{"_seopress_robots_primary_cat":"","_seopress_titles_title":"","_seopress_titles_desc":"","_seopress_robots_index":""},"product_brand":[],"product_cat":[1428,1431,1432,1441],"product_tag":[],"class_list":{"0":"post-78184","1":"product","2":"type-product","3":"status-publish","4":"has-post-thumbnail","6":"product_cat-buecher","7":"product_cat-kinder","8":"product_cat-bilderbuecher","9":"product_cat-geschichten","10":"product_shipping_class-standard-versand","12":"first","13":"instock","14":"taxable","15":"shipping-taxable","16":"purchasable","17":"product-type-simple"},"_links":{"self":[{"href":"https:\/\/www.soanam.de\/es\/wp-json\/wp\/v2\/product\/78184","targetHints":{"allow":["GET"]}}],"collection":[{"href":"https:\/\/www.soanam.de\/es\/wp-json\/wp\/v2\/product"}],"about":[{"href":"https:\/\/www.soanam.de\/es\/wp-json\/wp\/v2\/types\/product"}],"replies":[{"embeddable":true,"href":"https:\/\/www.soanam.de\/es\/wp-json\/wp\/v2\/comments?post=78184"}],"wp:featuredmedia":[{"embeddable":true,"href":"https:\/\/www.soanam.de\/es\/wp-json\/wp\/v2\/media\/78298"}],"wp:attachment":[{"href":"https:\/\/www.soanam.de\/es\/wp-json\/wp\/v2\/media?parent=78184"}],"wp:term":[{"taxonomy":"product_brand","embeddable":true,"href":"https:\/\/www.soanam.de\/es\/wp-json\/wp\/v2\/product_brand?post=78184"},{"taxonomy":"product_cat","embeddable":true,"href":"https:\/\/www.soanam.de\/es\/wp-json\/wp\/v2\/product_cat?post=78184"},{"taxonomy":"product_tag","embeddable":true,"href":"https:\/\/www.soanam.de\/es\/wp-json\/wp\/v2\/product_tag?post=78184"}],"curies":[{"name":"wp","href":"https:\/\/api.w.org\/{rel}","templated":true}]}}