{"id":78140,"date":"2023-12-13T21:12:15","date_gmt":"2023-12-13T20:12:15","guid":{"rendered":"https:\/\/www.soanam.de\/?post_type=product&#038;p=78140"},"modified":"2023-12-13T21:14:44","modified_gmt":"2023-12-13T20:14:44","slug":"kangaroos-t-shirt-zweifarbig-in-rosa-mint-groesse-152-158","status":"publish","type":"product","link":"https:\/\/www.soanam.de\/es\/produkt\/kangaroos-t-shirt-zweifarbig-in-rosa-mint-groesse-152-158\/","title":{"rendered":"Camiseta KangaROOS, bicolor, en rosa-menta, talla 152\/158"},"content":{"rendered":"<p>T-Shirt f\u00fcr M\u00e4dchen von Kangaroos<br \/>\nMit R\u00fcckendruck und Logodruck vorne<br \/>\nFarbverlauf Optik<br \/>\nBasicform in weicher Jersey Qualit\u00e4t<\/p>\n<p>Ein sch\u00f6nes M\u00e4dchen T-Shirt von Kangaroos in Dip-Dye-Optik mit schmalen Kontraststreifen an den \u00c4rmeln, gro\u00dfem R\u00fcckendruck und kleinem Markenprint vorn.<br \/>\nDie superweiche und nachhaltige Qualit\u00e4t macht das Basicshirt mit Rundhalsausschnitt so bequem.<\/p>\n<p>Material: algod\u00f3n 100%<br \/>\nInstrucciones de cuidado: Lavar a m\u00e1quina<\/p>\n<p>Farbe: rosa, mint<br \/>\nEstampado: Logotipo<br \/>\nGr\u00f6\u00dfe: 152\/158<\/p>\n<p>Anchura de los hombros: 39 cm<br \/>\nAnchura del pecho: 94 cm<br \/>\n\u00c4rmell\u00e4nge: 19cm<br \/>\nLongitud total: 64 cm<\/p>","protected":false},"excerpt":{"rendered":"<table class=\"dv_characteristicsTable\">\n<tbody>\n<tr>\n<td class=\"left\">Talla<\/td>\n<td>152\/158<\/td>\n<\/tr>\n<tr>\n<td class=\"left\">Gr\u00f6\u00dfentyp<\/td>\n<td>Normalgr\u00f6\u00dfen<\/td>\n<\/tr>\n<tr>\n<td class=\"left\">Composici\u00f3n del material<\/td>\n<td>Obermaterial: 100% Baumwolle<\/td>\n<\/tr>\n<tr>\n<td class=\"left\">Materialart<\/td>\n<td>Jersey<\/td>\n<\/tr>\n<tr>\n<td class=\"left\">Instrucciones de cuidado<\/td>\n<td>Lavado a m\u00e1quina<\/td>\n<\/tr>\n<tr>\n<td class=\"left\">Optik<\/td>\n<td>mehrfarbig, bedruckt<\/td>\n<\/tr>\n<tr>\n<td class=\"left\">Color<\/td>\n<td>rosa, mint<\/td>\n<\/tr>\n<tr>\n<td class=\"left\">Ausschnitt<\/td>\n<td>Rundhals<\/td>\n<\/tr>\n<tr>\n<td class=\"left\">\u00c4rmel<\/td>\n<td>Manga corta<\/td>\n<\/tr>\n<tr>\n<td class=\"left\">\u00c4rmelabschluss<\/td>\n<td>abgesteppte Kante<\/td>\n<\/tr>\n<tr>\n<td class=\"left\">Rumpfabschluss<\/td>\n<td>abgesteppte Kante<\/td>\n<\/tr>\n<tr>\n<td class=\"left\">Ajuste<\/td>\n<td>bequem<\/td>\n<\/tr>\n<tr>\n<td class=\"left\">Schnittform L\u00e4nge<\/td>\n<td>h\u00fcftbedeckend<\/td>\n<\/tr>\n<tr>\n<td class=\"left\">Applikationen<\/td>\n<td>Logodruck<\/td>\n<\/tr>\n<tr>\n<td class=\"left\">Besondere Merkmale<\/td>\n<td>in bequemer Weite<\/td>\n<\/tr>\n<\/tbody>\n<\/table>","protected":false},"featured_media":78255,"comment_status":"open","ping_status":"closed","template":"","meta":{"_seopress_robots_primary_cat":"","_seopress_titles_title":"","_seopress_titles_desc":"","_seopress_robots_index":""},"product_brand":[],"product_cat":[1351,1425,1426],"product_tag":[],"class_list":{"0":"post-78140","1":"product","2":"type-product","3":"status-publish","4":"has-post-thumbnail","6":"product_cat-kindermode","7":"product_cat-shirts-kindermode","8":"product_cat-t-shirts","9":"product_shipping_class-standard-versand","11":"first","12":"instock","13":"taxable","14":"shipping-taxable","15":"purchasable","16":"product-type-simple"},"_links":{"self":[{"href":"https:\/\/www.soanam.de\/es\/wp-json\/wp\/v2\/product\/78140","targetHints":{"allow":["GET"]}}],"collection":[{"href":"https:\/\/www.soanam.de\/es\/wp-json\/wp\/v2\/product"}],"about":[{"href":"https:\/\/www.soanam.de\/es\/wp-json\/wp\/v2\/types\/product"}],"replies":[{"embeddable":true,"href":"https:\/\/www.soanam.de\/es\/wp-json\/wp\/v2\/comments?post=78140"}],"wp:featuredmedia":[{"embeddable":true,"href":"https:\/\/www.soanam.de\/es\/wp-json\/wp\/v2\/media\/78255"}],"wp:attachment":[{"href":"https:\/\/www.soanam.de\/es\/wp-json\/wp\/v2\/media?parent=78140"}],"wp:term":[{"taxonomy":"product_brand","embeddable":true,"href":"https:\/\/www.soanam.de\/es\/wp-json\/wp\/v2\/product_brand?post=78140"},{"taxonomy":"product_cat","embeddable":true,"href":"https:\/\/www.soanam.de\/es\/wp-json\/wp\/v2\/product_cat?post=78140"},{"taxonomy":"product_tag","embeddable":true,"href":"https:\/\/www.soanam.de\/es\/wp-json\/wp\/v2\/product_tag?post=78140"}],"curies":[{"name":"wp","href":"https:\/\/api.w.org\/{rel}","templated":true}]}}