{"id":78137,"date":"2023-12-13T21:12:14","date_gmt":"2023-12-13T20:12:14","guid":{"rendered":"https:\/\/www.soanam.de\/?post_type=product&#038;p=78137"},"modified":"2023-12-13T21:14:28","modified_gmt":"2023-12-13T20:14:28","slug":"on-mens-running-shoes-cloudswift-running-shoes-black-rock-black-talla-45","status":"publish","type":"product","link":"https:\/\/www.soanam.de\/es\/produkt\/on-herren-laufschuhe-cloudswift-running-shoes-black-rock-schwarz-groesse-45\/","title":{"rendered":"Zapatillas Hombre ON Cloudswift, Zapatillas Correr, Negro\/Roca, Negro, Talla 45"},"content":{"rendered":"<h3>Descripci\u00f3n de la<\/h3>\n<p>Si quieres correr por la ciudad, tienes que ser capaz de soportar cierta tensi\u00f3n. Eso no es problema con las Cloudswift. La tecnolog\u00eda CloudTec\u00ae con Helion\u2122 Superfoam garantiza el m\u00e1ximo rendimiento en superficies duras y te protege de los impactos. Eso es amortiguaci\u00f3n sin concesiones, con una parte superior de la zapatilla especialmente desarrollada para ello. Desde una carrera r\u00e1pida de 5 km a la hora de comer, pasando por los desplazamientos por la ciudad, hasta las largas carreras de los domingos, notar\u00e1s la diferencia en cuanto salgas a la calle con las Cloudswift.<\/p>\n<p>La construcci\u00f3n transpirable del calcet\u00edn, hecha de malla especialmente desarrollada, mantiene los pies frescos, incluso cuando suben las temperaturas en la carretera. La banda lateral mec\u00e1nica de TPU es estable pero el\u00e1stica. Proporciona una sujeci\u00f3n suave en el mediopi\u00e9 cuando esprintas por la ciudad. Tambi\u00e9n puedes atarte los cordones aqu\u00ed.<\/p>\n<p>La amortiguaci\u00f3n CloudTec\u00ae con Helion\u2122 Superfoam proporciona a la Cloudswift su amortiguaci\u00f3n sin concesiones. Helion\u2122 se desarroll\u00f3 para el running urbano. La Superfoam combina bajo peso con alta recuperaci\u00f3n de energ\u00eda y durabilidad. Es resistente a la temperatura, ofreciendo el mismo rendimiento inigualable en climas c\u00e1lidos y fr\u00edos.<\/p>\n<p><strong>Material<\/strong>Malla, sint\u00e9tico, caucho<\/p>","protected":false},"excerpt":{"rendered":"<h3>Artikelmerkmale<\/h3>\n<p>Estado del art\u00edculo: Nuevo con etiqueta: Art\u00edculo nuevo, sin usar y sin estrenar, en su embalaje original.<\/p>\n<table border=\"0\" frame=\"VOID\" rules=\"NONE\" cellspacing=\"0\">\n<colgroup>\n<col width=\"116\" \/>\n<col width=\"152\" \/><\/colgroup>\n<tbody>\n<tr>\n<td align=\"LEFT\" width=\"116\" height=\"18\">Abteilung:<\/td>\n<td align=\"LEFT\" width=\"152\">Herren<\/td>\n<\/tr>\n<tr>\n<td align=\"LEFT\" height=\"18\">Aktivit\u00e4t:<\/td>\n<td align=\"LEFT\">Freizeit, Laufen &amp; Joggen<\/td>\n<\/tr>\n<tr>\n<td align=\"LEFT\" height=\"18\">Anlass:<\/td>\n<td align=\"LEFT\">Freizeit, Sport<\/td>\n<\/tr>\n<tr>\n<td align=\"LEFT\" height=\"18\">AU-Schuhgr\u00f6\u00dfe:<\/td>\n<td align=\"LEFT\">ohne Angabe<\/td>\n<\/tr>\n<tr>\n<td align=\"LEFT\" height=\"18\">Charakter Familie:<\/td>\n<td align=\"LEFT\">ohne<\/td>\n<\/tr>\n<tr>\n<td align=\"LEFT\" height=\"18\">Charakter:<\/td>\n<td align=\"LEFT\">ohne<\/td>\n<\/tr>\n<tr>\n<td align=\"LEFT\" height=\"18\">EAN:<\/td>\n<td align=\"LEFT\">nichtzutreffend<\/td>\n<\/tr>\n<tr>\n<td align=\"LEFT\" height=\"18\">Erscheinungsjahr:<\/td>\n<td align=\"LEFT\">2020<\/td>\n<\/tr>\n<tr>\n<td align=\"LEFT\" height=\"18\">EU-Schuhgr\u00f6\u00dfe:<\/td>\n<td align=\"LEFT\">EUR 45<\/td>\n<\/tr>\n<tr>\n<td align=\"LEFT\" height=\"18\">Color:<\/td>\n<td align=\"LEFT\">Negro<\/td>\n<\/tr>\n<tr>\n<td align=\"LEFT\" height=\"18\">Futtermaterial:<\/td>\n<td align=\"LEFT\">Stoff<\/td>\n<\/tr>\n<tr>\n<td align=\"LEFT\" height=\"18\">Geschlecht:<\/td>\n<td align=\"LEFT\">M\u00e4nner<\/td>\n<\/tr>\n<tr>\n<td align=\"LEFT\" height=\"18\">Herstellerfarbe:<\/td>\n<td align=\"LEFT\">Black \/ Rock<\/td>\n<\/tr>\n<tr>\n<td align=\"LEFT\" height=\"18\">Herstellernummer:<\/td>\n<td align=\"LEFT\">ohne Angabe<\/td>\n<\/tr>\n<tr>\n<td align=\"LEFT\" height=\"18\">Individualisiert:<\/td>\n<td align=\"LEFT\">Nein<\/td>\n<\/tr>\n<tr>\n<td align=\"LEFT\" height=\"18\">Innensohlenmaterial:<\/td>\n<td align=\"LEFT\">Sint\u00e9tico<\/td>\n<\/tr>\n<tr>\n<td align=\"LEFT\" height=\"18\">Jahreszeit:<\/td>\n<td align=\"LEFT\">Ganzj\u00e4hrig<\/td>\n<\/tr>\n<tr>\n<td align=\"LEFT\" height=\"18\">Laufsohlenmaterial:<\/td>\n<td align=\"LEFT\">Goma<\/td>\n<\/tr>\n<tr>\n<td align=\"LEFT\" height=\"18\">Marke:<\/td>\n<td align=\"LEFT\">En<\/td>\n<\/tr>\n<tr>\n<td align=\"LEFT\" height=\"18\">Modell:<\/td>\n<td align=\"LEFT\">ON Cloudswift<\/td>\n<\/tr>\n<tr>\n<td align=\"LEFT\" height=\"18\">Material superior:<\/td>\n<td align=\"LEFT\">Mesh - Synthetik<\/td>\n<\/tr>\n<tr>\n<td align=\"LEFT\" height=\"18\">Produktart:<\/td>\n<td align=\"LEFT\">Sportschuh<\/td>\n<\/tr>\n<tr>\n<td align=\"LEFT\" height=\"18\">Produktlinie:<\/td>\n<td align=\"LEFT\">Cloudswift<\/td>\n<\/tr>\n<tr>\n<td align=\"LEFT\" height=\"18\">Schuhschaft-Typ:<\/td>\n<td align=\"LEFT\">Low Top<\/td>\n<\/tr>\n<tr>\n<td align=\"LEFT\" height=\"18\">Schuhweite:<\/td>\n<td align=\"LEFT\">F<\/td>\n<\/tr>\n<tr>\n<td align=\"LEFT\" height=\"18\">Stil:<\/td>\n<td align=\"LEFT\">Laufschuhe<\/td>\n<\/tr>\n<tr>\n<td align=\"LEFT\" height=\"18\">Thema:<\/td>\n<td align=\"LEFT\">Sport<\/td>\n<\/tr>\n<tr>\n<td align=\"LEFT\" height=\"18\">UK-Schuhgr\u00f6\u00dfe:<\/td>\n<td align=\"LEFT\">UK 10,5<\/td>\n<\/tr>\n<tr>\n<td align=\"LEFT\" height=\"18\">US-Schuhgr\u00f6\u00dfe:<\/td>\n<td align=\"LEFT\">US 11<\/td>\n<\/tr>\n<tr>\n<td align=\"LEFT\" height=\"18\">Verschluss:<\/td>\n<td align=\"LEFT\">Schn\u00fcrung<\/td>\n<\/tr>\n<tr>\n<td align=\"LEFT\" height=\"18\">Vintage:<\/td>\n<td align=\"LEFT\">Nein<\/td>\n<\/tr>\n<\/tbody>\n<\/table>","protected":false},"featured_media":78237,"comment_status":"open","ping_status":"closed","template":"","meta":{"_seopress_robots_primary_cat":"","_seopress_titles_title":"","_seopress_titles_desc":"","_seopress_robots_index":""},"product_brand":[],"product_cat":[1345,1393,1394],"product_tag":[],"class_list":{"0":"post-78137","1":"product","2":"type-product","3":"status-publish","4":"has-post-thumbnail","6":"product_cat-herrenmode","7":"product_cat-schuhe-herrenmode","8":"product_cat-sneakers-schuhe-herrenmode","9":"product_shipping_class-standard-versand","11":"first","12":"instock","13":"sale","14":"taxable","15":"shipping-taxable","16":"purchasable","17":"product-type-simple"},"_links":{"self":[{"href":"https:\/\/www.soanam.de\/es\/wp-json\/wp\/v2\/product\/78137","targetHints":{"allow":["GET"]}}],"collection":[{"href":"https:\/\/www.soanam.de\/es\/wp-json\/wp\/v2\/product"}],"about":[{"href":"https:\/\/www.soanam.de\/es\/wp-json\/wp\/v2\/types\/product"}],"replies":[{"embeddable":true,"href":"https:\/\/www.soanam.de\/es\/wp-json\/wp\/v2\/comments?post=78137"}],"wp:featuredmedia":[{"embeddable":true,"href":"https:\/\/www.soanam.de\/es\/wp-json\/wp\/v2\/media\/78237"}],"wp:attachment":[{"href":"https:\/\/www.soanam.de\/es\/wp-json\/wp\/v2\/media?parent=78137"}],"wp:term":[{"taxonomy":"product_brand","embeddable":true,"href":"https:\/\/www.soanam.de\/es\/wp-json\/wp\/v2\/product_brand?post=78137"},{"taxonomy":"product_cat","embeddable":true,"href":"https:\/\/www.soanam.de\/es\/wp-json\/wp\/v2\/product_cat?post=78137"},{"taxonomy":"product_tag","embeddable":true,"href":"https:\/\/www.soanam.de\/es\/wp-json\/wp\/v2\/product_tag?post=78137"}],"curies":[{"name":"wp","href":"https:\/\/api.w.org\/{rel}","templated":true}]}}