{"id":78038,"date":"2023-12-13T21:05:30","date_gmt":"2023-12-13T20:05:30","guid":{"rendered":"https:\/\/www.soanam.de\/?post_type=product&#038;p=78038"},"modified":"2023-12-13T21:12:32","modified_gmt":"2023-12-13T20:12:32","slug":"camisa-levis-classic-v-en-gris-talla-xl","status":"publish","type":"product","link":"https:\/\/www.soanam.de\/es\/produkt\/levis-klassisches-v-shirt-in-grau-groesse-xl\/","title":{"rendered":"Camiseta Levi's Classic V, en gris, talla XL"},"content":{"rendered":"<p>Camiseta cl\u00e1sica de hombre de LEVIS<br \/>\nCon cuello en V<br \/>\nCorte estrecho<br \/>\nDe suave algod\u00f3n<\/p>\n<p>Esta camiseta b\u00e1sica de Levi's, con escote en pico y un peque\u00f1o logotipo en el pecho, tiene un corte ce\u00f1ido a la figura, pero sigue resultando informal y, adem\u00e1s, es muy c\u00f3moda gracias a su agradable tejido de punto.<\/p>\n<p>Material: algod\u00f3n 100%<br \/>\nInstrucciones de cuidado: Lavar a m\u00e1quina<\/p>\n<p>Color: gris<br \/>\nMotivo: Logotipo<br \/>\nTalla: XL<\/p>\n<p>Anchura de los hombros: 48 cm<br \/>\nAnchura del pecho: 120 cm<br \/>\nLongitud de la manga: 23 cm<br \/>\nLongitud total: 75 cm<\/p>","protected":false},"excerpt":{"rendered":"<table class=\"dv_characteristicsTable\">\n<tbody>\n<tr>\n<td class=\"left\">Talla<\/td>\n<td>XL<\/td>\n<\/tr>\n<tr>\n<td class=\"left\">Gr\u00f6\u00dfentyp<\/td>\n<td>Normalgr\u00f6\u00dfen<\/td>\n<\/tr>\n<tr>\n<td class=\"left\">Composici\u00f3n del material<\/td>\n<td>Obermaterial: 100% Baumwolle<\/td>\n<\/tr>\n<tr>\n<td class=\"left\">Instrucciones de cuidado<\/td>\n<td>Lavado a m\u00e1quina<\/td>\n<\/tr>\n<tr>\n<td class=\"left\">Stil<\/td>\n<td>casual<\/td>\n<\/tr>\n<tr>\n<td class=\"left\">Color<\/td>\n<td>grau<\/td>\n<\/tr>\n<tr>\n<td class=\"left\">Ausschnitt<\/td>\n<td>Cuello en V<\/td>\n<\/tr>\n<tr>\n<td class=\"left\">\u00c4rmel<\/td>\n<td>Manga corta<\/td>\n<\/tr>\n<tr>\n<td class=\"left\">Ajuste<\/td>\n<td>schmal<\/td>\n<\/tr>\n<tr>\n<td class=\"left\">Applikationen<\/td>\n<td>Logotipo bordado<\/td>\n<\/tr>\n<tr>\n<td class=\"left\">Besondere Merkmale<\/td>\n<td>in klassischer Form<\/td>\n<\/tr>\n<\/tbody>\n<\/table>","protected":false},"featured_media":78154,"comment_status":"open","ping_status":"closed","template":"","meta":{"_seopress_robots_primary_cat":"","_seopress_titles_title":"","_seopress_titles_desc":"","_seopress_robots_index":""},"product_brand":[],"product_cat":[1345,1475,1478],"product_tag":[],"class_list":{"0":"post-78038","1":"product","2":"type-product","3":"status-publish","4":"has-post-thumbnail","6":"product_cat-herrenmode","7":"product_cat-shirts-herrenmode","8":"product_cat-t-shirts-shirts-herrenmode","9":"product_shipping_class-standard-versand","11":"first","12":"instock","13":"taxable","14":"shipping-taxable","15":"purchasable","16":"product-type-simple"},"_links":{"self":[{"href":"https:\/\/www.soanam.de\/es\/wp-json\/wp\/v2\/product\/78038","targetHints":{"allow":["GET"]}}],"collection":[{"href":"https:\/\/www.soanam.de\/es\/wp-json\/wp\/v2\/product"}],"about":[{"href":"https:\/\/www.soanam.de\/es\/wp-json\/wp\/v2\/types\/product"}],"replies":[{"embeddable":true,"href":"https:\/\/www.soanam.de\/es\/wp-json\/wp\/v2\/comments?post=78038"}],"wp:featuredmedia":[{"embeddable":true,"href":"https:\/\/www.soanam.de\/es\/wp-json\/wp\/v2\/media\/78154"}],"wp:attachment":[{"href":"https:\/\/www.soanam.de\/es\/wp-json\/wp\/v2\/media?parent=78038"}],"wp:term":[{"taxonomy":"product_brand","embeddable":true,"href":"https:\/\/www.soanam.de\/es\/wp-json\/wp\/v2\/product_brand?post=78038"},{"taxonomy":"product_cat","embeddable":true,"href":"https:\/\/www.soanam.de\/es\/wp-json\/wp\/v2\/product_cat?post=78038"},{"taxonomy":"product_tag","embeddable":true,"href":"https:\/\/www.soanam.de\/es\/wp-json\/wp\/v2\/product_tag?post=78038"}],"curies":[{"name":"wp","href":"https:\/\/api.w.org\/{rel}","templated":true}]}}