{"id":78036,"date":"2023-12-13T21:05:29","date_gmt":"2023-12-13T20:05:29","guid":{"rendered":"https:\/\/www.soanam.de\/?post_type=product&#038;p=78036"},"modified":"2023-12-13T21:12:25","modified_gmt":"2023-12-13T20:12:25","slug":"polo-levis-rayas-multicolor-talla-xl","status":"publish","type":"product","link":"https:\/\/www.soanam.de\/es\/produkt\/levis-poloshirt-gestreift-mehrfarbig-groesse-xl\/","title":{"rendered":"Polo Levi's, a rayas, multicolor, talla XL"},"content":{"rendered":"<p>Poloshirt von Levi's<br \/>\nCon rayas grandes<br \/>\nCorte normal<br \/>\nDe algod\u00f3n puro<\/p>\n<p>Das Poloshirt von Levi's ist ein echter Klassiker.<br \/>\nCon rayas anchas, multicolor, cuello Kent y tapeta de botones oculta, es una camisa para hombres preocupados por la moda y el algod\u00f3n la hace s\u00faper c\u00f3moda y agradable sobre la piel.<\/p>\n<p>Material: algod\u00f3n 100%<br \/>\nInstrucciones de cuidado: Lavar a m\u00e1quina<\/p>\n<p>Color: rojo oscuro, blanco, amarillo<br \/>\nMotivo: rayas<br \/>\nTalla: XL<\/p>\n<p>Anchura de los hombros: 51 cm<br \/>\nAnchura del pecho: 120 cm<br \/>\nLongitud de la manga: 22 cm<br \/>\nLongitud total: 74 cm<\/p>","protected":false},"excerpt":{"rendered":"<table class=\"dv_characteristicsTable\">\n<tbody>\n<tr>\n<td class=\"left\">Talla<\/td>\n<td>XL<\/td>\n<\/tr>\n<tr>\n<td class=\"left\">Gr\u00f6\u00dfentyp<\/td>\n<td>Normalgr\u00f6\u00dfen<\/td>\n<\/tr>\n<tr>\n<td class=\"left\">Composici\u00f3n del material<\/td>\n<td>Obermaterial: 100% Baumwolle<\/td>\n<\/tr>\n<tr>\n<td class=\"left\">Instrucciones de cuidado<\/td>\n<td>Lavado a m\u00e1quina<\/td>\n<\/tr>\n<tr>\n<td class=\"left\">Stil<\/td>\n<td>casual<\/td>\n<\/tr>\n<tr>\n<td class=\"left\">Herstellerfarbbezeichnung<\/td>\n<td>Variegated stripe port<\/td>\n<\/tr>\n<tr>\n<td class=\"left\">Color<\/td>\n<td>dunkelrot, wei\u00df, gelb<\/td>\n<\/tr>\n<tr>\n<td class=\"left\">Kragen<\/td>\n<td>Kentkragen<\/td>\n<\/tr>\n<tr>\n<td class=\"left\">\u00c4rmel<\/td>\n<td>Manga corta<\/td>\n<\/tr>\n<tr>\n<td class=\"left\">Ajuste<\/td>\n<td>normal<\/td>\n<\/tr>\n<\/tbody>\n<\/table>","protected":false},"featured_media":78148,"comment_status":"open","ping_status":"closed","template":"","meta":{"_seopress_robots_primary_cat":"","_seopress_titles_title":"","_seopress_titles_desc":"","_seopress_robots_index":""},"product_brand":[],"product_cat":[1345,1475,1476],"product_tag":[],"class_list":{"0":"post-78036","1":"product","2":"type-product","3":"status-publish","4":"has-post-thumbnail","6":"product_cat-herrenmode","7":"product_cat-shirts-herrenmode","8":"product_cat-poloshirts","9":"product_shipping_class-standard-versand","11":"first","12":"instock","13":"sale","14":"taxable","15":"shipping-taxable","16":"purchasable","17":"product-type-simple"},"_links":{"self":[{"href":"https:\/\/www.soanam.de\/es\/wp-json\/wp\/v2\/product\/78036","targetHints":{"allow":["GET"]}}],"collection":[{"href":"https:\/\/www.soanam.de\/es\/wp-json\/wp\/v2\/product"}],"about":[{"href":"https:\/\/www.soanam.de\/es\/wp-json\/wp\/v2\/types\/product"}],"replies":[{"embeddable":true,"href":"https:\/\/www.soanam.de\/es\/wp-json\/wp\/v2\/comments?post=78036"}],"wp:featuredmedia":[{"embeddable":true,"href":"https:\/\/www.soanam.de\/es\/wp-json\/wp\/v2\/media\/78148"}],"wp:attachment":[{"href":"https:\/\/www.soanam.de\/es\/wp-json\/wp\/v2\/media?parent=78036"}],"wp:term":[{"taxonomy":"product_brand","embeddable":true,"href":"https:\/\/www.soanam.de\/es\/wp-json\/wp\/v2\/product_brand?post=78036"},{"taxonomy":"product_cat","embeddable":true,"href":"https:\/\/www.soanam.de\/es\/wp-json\/wp\/v2\/product_cat?post=78036"},{"taxonomy":"product_tag","embeddable":true,"href":"https:\/\/www.soanam.de\/es\/wp-json\/wp\/v2\/product_tag?post=78036"}],"curies":[{"name":"wp","href":"https:\/\/api.w.org\/{rel}","templated":true}]}}