{"id":77999,"date":"2023-12-13T21:04:40","date_gmt":"2023-12-13T20:04:40","guid":{"rendered":"https:\/\/www.soanam.de\/?post_type=product&#038;p=77999"},"modified":"2023-12-13T21:11:51","modified_gmt":"2023-12-13T20:11:51","slug":"hugo-boss-falda-lapiz-en-polipiel-de-aspecto-envolvente-en-negro-talla-40","status":"publish","type":"product","link":"https:\/\/www.soanam.de\/es\/produkt\/hugo-boss-bleistiftrock-in-wickeloptik-kunstleder-in-schwarz-groesse-40\/","title":{"rendered":"Falda l\u00e1piz de HUGO BOSS con dise\u00f1o envolvente, imitaci\u00f3n piel, en negro, talla 40"},"content":{"rendered":"<h3>Descripci\u00f3n de la<\/h3>\n<p>Falda l\u00e1piz envolvente de BOSS<\/p>\n<p><strong>Talla y ajuste<\/strong><\/p>\n<p>Gr\u00f6\u00dfengetreu - bestellen Sie Ihre gewohnte Gr\u00f6\u00dfe<br \/>\nSilueta l\u00e1piz que estiliza la figura<br \/>\nModell ist 5'10 \"und eine Standard UK Gr\u00f6\u00dfe 8<\/p>\n<p><strong>Detalles<\/strong><\/p>\n<p>Falda l\u00e1piz de piel sint\u00e9tica de BOSS<br \/>\nNegro<br \/>\nElegante largo midi<br \/>\nImitaci\u00f3n de cuero de tacto suave<br \/>\nLa cremallera trasera asegura tu look<br \/>\nCintura superpuesta para a\u00f1adir car\u00e1cter<br \/>\nEl dobladillo dividido garantiza una mayor fluidez<\/p>\n<p><strong>Material y cuidado<\/strong><\/p>\n<p>Contenido del material: poli\u00e9ster 100%<br \/>\nInstrucciones de lavado: Lavar a mano<\/p>","protected":false},"excerpt":{"rendered":"<h3>Artikelmerkmale<\/h3>\n<p>Estado del art\u00edculo: Nuevo con etiqueta: Art\u00edculo nuevo, sin usar y sin estrenar, en su embalaje original.<\/p>\n<table border=\"0\" frame=\"VOID\" rules=\"NONE\" cellspacing=\"0\">\n<colgroup>\n<col width=\"133\" \/>\n<col width=\"267\" \/><\/colgroup>\n<tbody>\n<tr>\n<td align=\"LEFT\" width=\"133\" height=\"18\">Abteilung:<\/td>\n<td align=\"LEFT\" width=\"267\">Damen<\/td>\n<\/tr>\n<tr>\n<td align=\"LEFT\" height=\"18\">Akzente:<\/td>\n<td align=\"LEFT\">Overlay-Taille<\/td>\n<\/tr>\n<tr>\n<td align=\"LEFT\" height=\"18\">Anlass:<\/td>\n<td align=\"LEFT\">Business, Elegant, Freizeit<\/td>\n<\/tr>\n<tr>\n<td align=\"LEFT\" height=\"18\">Caracter\u00edsticas especiales:<\/td>\n<td align=\"LEFT\">Forrado<\/td>\n<\/tr>\n<tr>\n<td align=\"LEFT\" height=\"18\">Charakter:<\/td>\n<td align=\"LEFT\">ohne<\/td>\n<\/tr>\n<tr>\n<td align=\"LEFT\" height=\"17\">EAN:<\/td>\n<td align=\"LEFT\">4046303713342<\/td>\n<\/tr>\n<tr>\n<td align=\"LEFT\" height=\"18\">Color:<\/td>\n<td align=\"LEFT\">Negro<\/td>\n<\/tr>\n<tr>\n<td align=\"LEFT\" height=\"18\">Gewebeart:<\/td>\n<td align=\"LEFT\">Imitaci\u00f3n de cuero<\/td>\n<\/tr>\n<tr>\n<td align=\"LEFT\" height=\"18\">Gr\u00f6\u00dfe:<\/td>\n<td align=\"LEFT\">40<\/td>\n<\/tr>\n<tr>\n<td align=\"LEFT\" height=\"18\">Gr\u00f6\u00dfenkategorie:<\/td>\n<td align=\"LEFT\">Normalgr\u00f6\u00dfe<\/td>\n<\/tr>\n<tr>\n<td align=\"LEFT\" height=\"18\">Jahreszeit:<\/td>\n<td align=\"LEFT\">Fr\u00fchling, Herbst, Winter<\/td>\n<\/tr>\n<tr>\n<td align=\"LEFT\" height=\"18\">Marke:<\/td>\n<td align=\"LEFT\">HUGO BOSS<\/td>\n<\/tr>\n<tr>\n<td align=\"LEFT\" height=\"18\">Material:<\/td>\n<td align=\"LEFT\">Poli\u00e9ster<\/td>\n<\/tr>\n<tr>\n<td align=\"LEFT\" height=\"18\">Patr\u00f3n:<\/td>\n<td align=\"LEFT\">Ohne Muster<\/td>\n<\/tr>\n<tr>\n<td align=\"LEFT\" height=\"18\">Produktart:<\/td>\n<td align=\"LEFT\">Rock<\/td>\n<\/tr>\n<tr>\n<td align=\"LEFT\" height=\"18\">Rockl\u00e4nge:<\/td>\n<td align=\"LEFT\">Midi<\/td>\n<\/tr>\n<tr>\n<td align=\"LEFT\" height=\"18\">Stil:<\/td>\n<td align=\"LEFT\">Bleistiftrock<\/td>\n<\/tr>\n<tr>\n<td align=\"LEFT\" height=\"18\">Thema:<\/td>\n<td align=\"LEFT\">Designer<\/td>\n<\/tr>\n<tr>\n<td align=\"LEFT\" height=\"18\">Verschluss:<\/td>\n<td align=\"LEFT\">Cierre de cremallera<\/td>\n<\/tr>\n<tr>\n<td align=\"LEFT\" height=\"18\">Vintage:<\/td>\n<td align=\"LEFT\">Nein<\/td>\n<\/tr>\n<\/tbody>\n<\/table>","protected":false},"featured_media":78124,"comment_status":"open","ping_status":"closed","template":"","meta":{"_seopress_robots_primary_cat":"","_seopress_titles_title":"","_seopress_titles_desc":"","_seopress_robots_index":""},"product_brand":[],"product_cat":[1348,1473,1474],"product_tag":[],"class_list":{"0":"post-77999","1":"product","2":"type-product","3":"status-publish","4":"has-post-thumbnail","6":"product_cat-damen-mode","7":"product_cat-roecke","8":"product_cat-midiroecke","9":"product_shipping_class-standard-versand","11":"first","12":"instock","13":"sale","14":"taxable","15":"shipping-taxable","16":"purchasable","17":"product-type-simple"},"_links":{"self":[{"href":"https:\/\/www.soanam.de\/es\/wp-json\/wp\/v2\/product\/77999","targetHints":{"allow":["GET"]}}],"collection":[{"href":"https:\/\/www.soanam.de\/es\/wp-json\/wp\/v2\/product"}],"about":[{"href":"https:\/\/www.soanam.de\/es\/wp-json\/wp\/v2\/types\/product"}],"replies":[{"embeddable":true,"href":"https:\/\/www.soanam.de\/es\/wp-json\/wp\/v2\/comments?post=77999"}],"wp:featuredmedia":[{"embeddable":true,"href":"https:\/\/www.soanam.de\/es\/wp-json\/wp\/v2\/media\/78124"}],"wp:attachment":[{"href":"https:\/\/www.soanam.de\/es\/wp-json\/wp\/v2\/media?parent=77999"}],"wp:term":[{"taxonomy":"product_brand","embeddable":true,"href":"https:\/\/www.soanam.de\/es\/wp-json\/wp\/v2\/product_brand?post=77999"},{"taxonomy":"product_cat","embeddable":true,"href":"https:\/\/www.soanam.de\/es\/wp-json\/wp\/v2\/product_cat?post=77999"},{"taxonomy":"product_tag","embeddable":true,"href":"https:\/\/www.soanam.de\/es\/wp-json\/wp\/v2\/product_tag?post=77999"}],"curies":[{"name":"wp","href":"https:\/\/api.w.org\/{rel}","templated":true}]}}