{"id":77973,"date":"2023-12-13T21:04:14","date_gmt":"2023-12-13T20:04:14","guid":{"rendered":"https:\/\/www.soanam.de\/?post_type=product&#038;p=77973"},"modified":"2023-12-13T21:11:14","modified_gmt":"2023-12-13T20:11:14","slug":"langenscheidt-el-diccionario-turco-top-1000-palabras-rustica-2021","status":"publish","type":"product","link":"https:\/\/www.soanam.de\/es\/produkt\/langenscheidt-die-top-1000-woerter-tuerkisch-woerterbuch-taschenbuch-2021\/","title":{"rendered":"Langenscheidt Las 1000 mejores palabras en turco, Diccionario, R\u00fastica, 2021"},"content":{"rendered":"<h3><strong>Descripci\u00f3n del producto<\/strong><\/h3>\n<p>Con el Top 1000 aprender\u00e1 las palabras m\u00e1s importantes del vocabulario turco. Ya conocer\u00e1 el 80% de las palabras cotidianas y podr\u00e1 comunicarse con frases sencillas. Pr\u00e1ctico tama\u00f1o de bolsillo y contenido compacto para un r\u00e1pido \u00e9xito de aprendizaje.<\/p>\n<p><strong>detalles<\/strong><br \/>\nEAN (ISBN-13): 9783468385407<br \/>\nISBN (ISBN-10): 3468385404<br \/>\nR\u00fastica<br \/>\nA\u00f1o de publicaci\u00f3n: 2010<br \/>\nEditor: Langenscheidt<br \/>\n160 p\u00e1ginas<br \/>\nPeso: 0,115 kg<br \/>\nIdioma: alem\u00e1n<\/p>\n<p><strong>Sugerencia<\/strong><br \/>\nNuevo y sin usar, con signos muy leves de almacenamiento. Embalaje ligeramente sucio o da\u00f1ado, por lo que se ofrece a un precio especial.<\/p>","protected":false},"excerpt":{"rendered":"<h3><strong>Artikelmerkmale<\/strong><\/h3>\n<p>Artikelzustand: Neu - Neues, ungelesenes, ungebrauchtes Buch<\/p>\n<table style=\"border-collapse: collapse;width: 384pt\" width=\"512\">\n<tbody>\n<tr style=\"height: 15.0pt\">\n<td class=\"xl16\" style=\"width: 192pt;height: 15.0pt\" width=\"256\" height=\"20\">Ausgangssprache:<\/td>\n<td class=\"xl16\" style=\"width: 192pt\" width=\"256\">T\u00fcrkisch<\/td>\n<\/tr>\n<tr style=\"height: 15.0pt\">\n<td class=\"xl16\" style=\"height: 15.0pt\" height=\"20\">Autor:<\/td>\n<td class=\"xl16\">Susanne Franz<\/td>\n<\/tr>\n<tr style=\"height: 15.0pt\">\n<td class=\"xl16\" style=\"height: 15.0pt\" height=\"20\">Erscheinungsjahr:<\/td>\n<td class=\"xl16\">2021<\/td>\n<\/tr>\n<tr style=\"height: 15.0pt\">\n<td class=\"xl16\" style=\"height: 15.0pt\" height=\"20\">Fach:<\/td>\n<td class=\"xl16\">nicht zutreffend<\/td>\n<\/tr>\n<tr style=\"height: 15.0pt\">\n<td class=\"xl16\" style=\"height: 15.0pt\" height=\"20\">Fachbereich:<\/td>\n<td class=\"xl16\">T\u00fcrkisch<\/td>\n<\/tr>\n<tr style=\"height: 15.0pt\">\n<td class=\"xl16\" style=\"height: 15.0pt\" height=\"20\">Format:<\/td>\n<td class=\"xl16\">R\u00fastica<\/td>\n<\/tr>\n<tr style=\"height: 15.0pt\">\n<td class=\"xl16\" style=\"height: 15.0pt\" height=\"20\">ISBN:<\/td>\n<td class=\"xl16\">3468385404<\/td>\n<\/tr>\n<tr style=\"height: 15.0pt\">\n<td class=\"xl16\" style=\"height: 15.0pt\" height=\"20\">Niveau:<\/td>\n<td class=\"xl16\">A1 Anf\u00e4nger<\/td>\n<\/tr>\n<tr style=\"height: 15.0pt\">\n<td class=\"xl16\" style=\"height: 15.0pt\" height=\"20\">Produktart:<\/td>\n<td class=\"xl16\">Vokabelbuch<\/td>\n<\/tr>\n<tr style=\"height: 15.0pt\">\n<td class=\"xl16\" style=\"height: 15.0pt\" height=\"20\">Publikationsname:<\/td>\n<td class=\"xl16\">Die Top 1000 W\u00f6rter T\u00fcrkisch<\/td>\n<\/tr>\n<tr style=\"height: 15.0pt\">\n<td class=\"xl16\" style=\"height: 15.0pt\" height=\"20\">Reihe:<\/td>\n<td class=\"xl16\">Die Top 1000 W\u00f6rter<\/td>\n<\/tr>\n<tr style=\"height: 15.0pt\">\n<td class=\"xl16\" style=\"height: 15.0pt\" height=\"20\">Sprache:<\/td>\n<td class=\"xl16\">Alem\u00e1n<\/td>\n<\/tr>\n<tr style=\"height: 15.0pt\">\n<td class=\"xl16\" style=\"height: 15.0pt\" height=\"20\">Verlag:<\/td>\n<td class=\"xl16\">Langenscheidt<\/td>\n<\/tr>\n<\/tbody>\n<\/table>","protected":false},"featured_media":78101,"comment_status":"open","ping_status":"closed","template":"","meta":{"_seopress_robots_primary_cat":"","_seopress_titles_title":"","_seopress_titles_desc":"","_seopress_robots_index":""},"product_brand":[],"product_cat":[1428,1429,1430,1434,1439],"product_tag":[],"class_list":{"0":"post-77973","1":"product","2":"type-product","3":"status-publish","4":"has-post-thumbnail","6":"product_cat-buecher","7":"product_cat-jugend","8":"product_cat-lehrbuecher","9":"product_cat-erwachsene","10":"product_cat-lehrbuecher-erwachsene","11":"product_shipping_class-standard-versand","13":"first","14":"instock","15":"sale","16":"taxable","17":"shipping-taxable","18":"purchasable","19":"product-type-simple"},"_links":{"self":[{"href":"https:\/\/www.soanam.de\/es\/wp-json\/wp\/v2\/product\/77973","targetHints":{"allow":["GET"]}}],"collection":[{"href":"https:\/\/www.soanam.de\/es\/wp-json\/wp\/v2\/product"}],"about":[{"href":"https:\/\/www.soanam.de\/es\/wp-json\/wp\/v2\/types\/product"}],"replies":[{"embeddable":true,"href":"https:\/\/www.soanam.de\/es\/wp-json\/wp\/v2\/comments?post=77973"}],"wp:featuredmedia":[{"embeddable":true,"href":"https:\/\/www.soanam.de\/es\/wp-json\/wp\/v2\/media\/78101"}],"wp:attachment":[{"href":"https:\/\/www.soanam.de\/es\/wp-json\/wp\/v2\/media?parent=77973"}],"wp:term":[{"taxonomy":"product_brand","embeddable":true,"href":"https:\/\/www.soanam.de\/es\/wp-json\/wp\/v2\/product_brand?post=77973"},{"taxonomy":"product_cat","embeddable":true,"href":"https:\/\/www.soanam.de\/es\/wp-json\/wp\/v2\/product_cat?post=77973"},{"taxonomy":"product_tag","embeddable":true,"href":"https:\/\/www.soanam.de\/es\/wp-json\/wp\/v2\/product_tag?post=77973"}],"curies":[{"name":"wp","href":"https:\/\/api.w.org\/{rel}","templated":true}]}}