{"id":77948,"date":"2023-12-13T21:03:47","date_gmt":"2023-12-13T20:03:47","guid":{"rendered":"https:\/\/www.soanam.de\/?post_type=product&#038;p=77948"},"modified":"2023-12-13T21:06:02","modified_gmt":"2023-12-13T20:06:02","slug":"vaqueros-slim-fit-twister-en-denim-gris-w30xl32","status":"publish","type":"product","link":"https:\/\/www.soanam.de\/es\/produkt\/blend-slim-fit-jeans-twister-in-denim-grey-w30xl32\/","title":{"rendered":"Vaqueros slim fit Twister, en denim gris , W30xL32"},"content":{"rendered":"<p>Corte estrecho<br \/>\nCon elastano para un ajuste perfecto<br \/>\npernera fina, tiro bajo<br \/>\nCon etiquetas de marca y tachuelas<\/p>\n<p>Los vaqueros Twister de Blend impresionan por su aspecto desenfadado y su material el\u00e1stico y el\u00e1stico para un alto nivel de comodidad y un buen ajuste. El lavado sutil a\u00f1ade un toque de moda. Estos pantalones de estilo 5 bolsillos tienen un corte entallado con pernera recta y cintura de tiro bajo.<\/p>\n<p>Material: 98% algod\u00f3n, 2% elastano<br \/>\nInstrucciones de cuidado: Lavable a m\u00e1quina a 40<\/p>\n<p>Color: gris<br \/>\nGr\u00f6\u00dfe: W30 L32<\/p>\n<p>Cintura: 80 cm<br \/>\nCircunferencia de la cadera: 99 cm<br \/>\nLongitud del pelda\u00f1o:81cm<br \/>\nLongitud total: 108 cm<\/p>","protected":false},"excerpt":{"rendered":"<table class=\"dv_characteristicsTable\">\n<tbody>\n<tr>\n<td class=\"left\">Composici\u00f3n del material<\/td>\n<td>Obermaterial: 98% Baumwolle, 2% Elasthan<\/td>\n<\/tr>\n<tr>\n<td class=\"left\">Materialhinweis<\/td>\n<td>enth\u00e4lt nichttextile Teile tierischen Ursprungs<\/td>\n<\/tr>\n<tr>\n<td class=\"left\">Instrucciones de cuidado<\/td>\n<td>Lavado a m\u00e1quina<\/td>\n<\/tr>\n<tr>\n<td class=\"left\">Stil<\/td>\n<td>modisch<\/td>\n<\/tr>\n<tr>\n<td class=\"left\">Waschung<\/td>\n<td>washed<\/td>\n<\/tr>\n<tr>\n<td class=\"left\">Herstellerfarbbezeichnung<\/td>\n<td>Denim Grey<\/td>\n<\/tr>\n<tr>\n<td class=\"left\">Color<\/td>\n<td>grey<\/td>\n<\/tr>\n<tr>\n<td class=\"left\">Leibh\u00f6he<\/td>\n<td>niedriger<\/td>\n<\/tr>\n<tr>\n<td class=\"left\">Beinform<\/td>\n<td>schmal<\/td>\n<\/tr>\n<tr>\n<td class=\"left\">Ajuste<\/td>\n<td>schmal<\/td>\n<\/tr>\n<tr>\n<td class=\"left\">Trabillas<\/td>\n<td>ja<\/td>\n<\/tr>\n<tr>\n<td class=\"left\">Applikationen<\/td>\n<td>Markenlabel, Nieten<\/td>\n<\/tr>\n<tr>\n<td class=\"left\">Bolsas<\/td>\n<td>Eingrifftaschen, Ges\u00e4\u00dftaschen, Coinpocket<\/td>\n<\/tr>\n<\/tbody>\n<\/table>","protected":false},"featured_media":77279,"comment_status":"open","ping_status":"closed","template":"","meta":{"_seopress_robots_primary_cat":"","_seopress_titles_title":"","_seopress_titles_desc":"","_seopress_robots_index":""},"product_brand":[],"product_cat":[1345,1346,1347],"product_tag":[],"class_list":{"0":"post-77948","1":"product","2":"type-product","3":"status-publish","4":"has-post-thumbnail","6":"product_cat-herrenmode","7":"product_cat-hosen","8":"product_cat-jeans","9":"product_shipping_class-standard-versand","11":"first","12":"instock","13":"sale","14":"taxable","15":"shipping-taxable","16":"purchasable","17":"product-type-simple"},"_links":{"self":[{"href":"https:\/\/www.soanam.de\/es\/wp-json\/wp\/v2\/product\/77948","targetHints":{"allow":["GET"]}}],"collection":[{"href":"https:\/\/www.soanam.de\/es\/wp-json\/wp\/v2\/product"}],"about":[{"href":"https:\/\/www.soanam.de\/es\/wp-json\/wp\/v2\/types\/product"}],"replies":[{"embeddable":true,"href":"https:\/\/www.soanam.de\/es\/wp-json\/wp\/v2\/comments?post=77948"}],"wp:featuredmedia":[{"embeddable":true,"href":"https:\/\/www.soanam.de\/es\/wp-json\/wp\/v2\/media\/77279"}],"wp:attachment":[{"href":"https:\/\/www.soanam.de\/es\/wp-json\/wp\/v2\/media?parent=77948"}],"wp:term":[{"taxonomy":"product_brand","embeddable":true,"href":"https:\/\/www.soanam.de\/es\/wp-json\/wp\/v2\/product_brand?post=77948"},{"taxonomy":"product_cat","embeddable":true,"href":"https:\/\/www.soanam.de\/es\/wp-json\/wp\/v2\/product_cat?post=77948"},{"taxonomy":"product_tag","embeddable":true,"href":"https:\/\/www.soanam.de\/es\/wp-json\/wp\/v2\/product_tag?post=77948"}],"curies":[{"name":"wp","href":"https:\/\/api.w.org\/{rel}","templated":true}]}}