{"id":77928,"date":"2023-12-13T21:03:23","date_gmt":"2023-12-13T20:03:23","guid":{"rendered":"https:\/\/www.soanam.de\/?post_type=product&#038;p=77928"},"modified":"2023-12-13T21:05:40","modified_gmt":"2023-12-13T20:05:40","slug":"tommy-jeans-tjm-scanton-pantalon-chino-en-negro-talla-w32xl32","status":"publish","type":"product","link":"https:\/\/www.soanam.de\/es\/produkt\/tommy-jeans-tjm-scanton-chino-pant-in-schwarz-groesse-w32xl32\/","title":{"rendered":"Tommy Jeans TJM SCANTON CHINO PANTAL\u00d3N, negro, talla W32xL32"},"content":{"rendered":"<p>Pantal\u00f3n chino con distintivo de la marca en la parte trasera de Tommy Jeans<br \/>\nCorte estrecho<br \/>\npierna estrecha y ajustada<br \/>\nCon bolsillos laterales y trabillas<br \/>\nCon elastano para un ajuste c\u00f3modo<\/p>\n<p>Un cl\u00e1sico para la oficina, el tiempo libre o cuando quieras: los elegantes pantalones chinos slim fit de Tommy Jeans en algod\u00f3n de alta calidad con elastano.<br \/>\nCon trabillas para el cintur\u00f3n, pr\u00e1cticos bolsillos con aberturas y una insignia de la marca, estos elegantes pantalones son tambi\u00e9n muy c\u00f3modos.<br \/>\nRealzan las piernas y las caderas y se ajustan perfectamente.<\/p>\n<p>Material: 98% algod\u00f3n, 2% elastano<br \/>\nInstrucciones de cuidado: Lavar a m\u00e1quina<\/p>\n<p>Color: negro<br \/>\nTama\u00f1o: W32 L32<\/p>\n<p>Cintura: 87 cm<br \/>\nPer\u00edmetro de la cadera: 104 cm<br \/>\nLongitud del pelda\u00f1o:80cm<br \/>\nLongitud total: 107 cm<\/p>","protected":false},"excerpt":{"rendered":"<table class=\"dv_characteristicsTable\">\n<tbody>\n<tr>\n<td class=\"left\">Talla<\/td>\n<td>32<\/td>\n<\/tr>\n<tr>\n<td class=\"left\">Hosenl\u00e4nge<\/td>\n<td>32<\/td>\n<\/tr>\n<tr>\n<td class=\"left\">Composici\u00f3n del material<\/td>\n<td>Obermaterial: 98% Baumwolle\u00a0, 2% Elasthan<\/td>\n<\/tr>\n<tr>\n<td class=\"left\">Instrucciones de cuidado<\/td>\n<td>Lavado a m\u00e1quina<\/td>\n<\/tr>\n<tr>\n<td class=\"left\">Stil<\/td>\n<td>klassisch<\/td>\n<\/tr>\n<tr>\n<td class=\"left\">Herstellerfarbbezeichnung<\/td>\n<td>Negro<\/td>\n<\/tr>\n<tr>\n<td class=\"left\">Color<\/td>\n<td>schwarz<\/td>\n<\/tr>\n<tr>\n<td class=\"left\">Leibh\u00f6he<\/td>\n<td>niedriger<\/td>\n<\/tr>\n<tr>\n<td class=\"left\">Beinform<\/td>\n<td>schmal<\/td>\n<\/tr>\n<tr>\n<td class=\"left\">Ajuste<\/td>\n<td>schmal<\/td>\n<\/tr>\n<tr>\n<td class=\"left\">Trabillas<\/td>\n<td>ja<\/td>\n<\/tr>\n<tr>\n<td class=\"left\">Applikationen<\/td>\n<td>Markenlabel<\/td>\n<\/tr>\n<tr>\n<td class=\"left\">Bolsas<\/td>\n<td>Eingrifftaschen, Ges\u00e4\u00dftaschen, Coinpocket<\/td>\n<\/tr>\n<tr>\n<td class=\"left\">Verschluss<\/td>\n<td>Cierre de cremallera<\/td>\n<\/tr>\n<\/tbody>\n<\/table>","protected":false},"featured_media":78044,"comment_status":"open","ping_status":"closed","template":"","meta":{"_seopress_robots_primary_cat":"","_seopress_titles_title":"","_seopress_titles_desc":"","_seopress_robots_index":""},"product_brand":[],"product_cat":[1345,1346,1464],"product_tag":[],"class_list":{"0":"post-77928","1":"product","2":"type-product","3":"status-publish","4":"has-post-thumbnail","6":"product_cat-herrenmode","7":"product_cat-hosen","8":"product_cat-chinohosen","9":"product_shipping_class-standard-versand","11":"first","12":"instock","13":"taxable","14":"shipping-taxable","15":"purchasable","16":"product-type-simple"},"_links":{"self":[{"href":"https:\/\/www.soanam.de\/es\/wp-json\/wp\/v2\/product\/77928","targetHints":{"allow":["GET"]}}],"collection":[{"href":"https:\/\/www.soanam.de\/es\/wp-json\/wp\/v2\/product"}],"about":[{"href":"https:\/\/www.soanam.de\/es\/wp-json\/wp\/v2\/types\/product"}],"replies":[{"embeddable":true,"href":"https:\/\/www.soanam.de\/es\/wp-json\/wp\/v2\/comments?post=77928"}],"wp:featuredmedia":[{"embeddable":true,"href":"https:\/\/www.soanam.de\/es\/wp-json\/wp\/v2\/media\/78044"}],"wp:attachment":[{"href":"https:\/\/www.soanam.de\/es\/wp-json\/wp\/v2\/media?parent=77928"}],"wp:term":[{"taxonomy":"product_brand","embeddable":true,"href":"https:\/\/www.soanam.de\/es\/wp-json\/wp\/v2\/product_brand?post=77928"},{"taxonomy":"product_cat","embeddable":true,"href":"https:\/\/www.soanam.de\/es\/wp-json\/wp\/v2\/product_cat?post=77928"},{"taxonomy":"product_tag","embeddable":true,"href":"https:\/\/www.soanam.de\/es\/wp-json\/wp\/v2\/product_tag?post=77928"}],"curies":[{"name":"wp","href":"https:\/\/api.w.org\/{rel}","templated":true}]}}