{"id":77907,"date":"2023-12-13T21:02:57","date_gmt":"2023-12-13T20:02:57","guid":{"rendered":"https:\/\/www.soanam.de\/?post_type=product&#038;p=77907"},"modified":"2023-12-13T21:05:20","modified_gmt":"2023-12-13T20:05:20","slug":"marc-opolo-chinohose-torne-in-schwarz-groesse-40","status":"publish","type":"product","link":"https:\/\/www.soanam.de\/es\/produkt\/marc-opolo-chinohose-torne-in-schwarz-groesse-40\/","title":{"rendered":"Marc O'Polo Chinohose TORNE, in Schwarz, Gr\u00f6\u00dfe 40"},"content":{"rendered":"<p>Elegante Chinohose von Marc O'Polo<br \/>\nCon una subida normal, en 7\/8 de longitud<br \/>\nCon bolsillos con aberturas laterales y bolsillos ribeteados<br \/>\nCon elasticidad para un ajuste c\u00f3modo<\/p>\n<p>Ein Klassiker f\u00fcrs B\u00fcro, die elegante Chino von Marc O'Polo in gerader Form und aus hochwertiger Baumwolle mit Elasthan.<br \/>\nCon trabillas para el cintur\u00f3n, pr\u00e1cticos bolsillos con aberturas y bolsillos ribeteados en la parte trasera, estos elegantes pantalones son tambi\u00e9n muy c\u00f3modos.<\/p>\n<p>Material: 97% algod\u00f3n, 3% elastano<br \/>\nInstrucciones de cuidado: Lavar a m\u00e1quina<\/p>\n<p>Color: negro<br \/>\nTalla: EUR 40<\/p>\n<p>Cintura: 88 cm<br \/>\nPer\u00edmetro de la cadera: 104 cm<br \/>\nLongitud del pelda\u00f1o:73cm<br \/>\nLongitud total: 99 cm<\/p>","protected":false},"excerpt":{"rendered":"<table class=\"dv_characteristicsTable\">\n<tbody>\n<tr>\n<td class=\"left\">Talla<\/td>\n<td>40<\/td>\n<\/tr>\n<tr>\n<td class=\"left\">Composici\u00f3n del material<\/td>\n<td>Material: 97% algod\u00f3n, 3% elastano<\/td>\n<\/tr>\n<tr>\n<td class=\"left\">Instrucciones de cuidado<\/td>\n<td>30 \u00b0C pflegeleichte W\u00e4sche<\/td>\n<\/tr>\n<tr>\n<td class=\"left\">Optik<\/td>\n<td>unifarben<\/td>\n<\/tr>\n<tr>\n<td class=\"left\">Stil<\/td>\n<td>Casual<\/td>\n<\/tr>\n<tr>\n<td class=\"left\">Color<\/td>\n<td>schwarz<\/td>\n<\/tr>\n<tr>\n<td class=\"left\">Leibh\u00f6he<\/td>\n<td>Mid Waist<\/td>\n<\/tr>\n<tr>\n<td class=\"left\">Schnittform L\u00e4nge<\/td>\n<td>7\/8-lang<\/td>\n<\/tr>\n<\/tbody>\n<\/table>","protected":false},"featured_media":78030,"comment_status":"open","ping_status":"closed","template":"","meta":{"_seopress_robots_primary_cat":"","_seopress_titles_title":"","_seopress_titles_desc":"","_seopress_robots_index":""},"product_brand":[],"product_cat":[1348,1349,1466],"product_tag":[],"class_list":{"0":"post-77907","1":"product","2":"type-product","3":"status-publish","4":"has-post-thumbnail","6":"product_cat-damen-mode","7":"product_cat-hosen-damen-mode","8":"product_cat-chinohosen-hosen-damen-mode","9":"product_shipping_class-standard-versand","11":"first","12":"instock","13":"sale","14":"taxable","15":"shipping-taxable","16":"purchasable","17":"product-type-simple"},"_links":{"self":[{"href":"https:\/\/www.soanam.de\/es\/wp-json\/wp\/v2\/product\/77907","targetHints":{"allow":["GET"]}}],"collection":[{"href":"https:\/\/www.soanam.de\/es\/wp-json\/wp\/v2\/product"}],"about":[{"href":"https:\/\/www.soanam.de\/es\/wp-json\/wp\/v2\/types\/product"}],"replies":[{"embeddable":true,"href":"https:\/\/www.soanam.de\/es\/wp-json\/wp\/v2\/comments?post=77907"}],"wp:featuredmedia":[{"embeddable":true,"href":"https:\/\/www.soanam.de\/es\/wp-json\/wp\/v2\/media\/78030"}],"wp:attachment":[{"href":"https:\/\/www.soanam.de\/es\/wp-json\/wp\/v2\/media?parent=77907"}],"wp:term":[{"taxonomy":"product_brand","embeddable":true,"href":"https:\/\/www.soanam.de\/es\/wp-json\/wp\/v2\/product_brand?post=77907"},{"taxonomy":"product_cat","embeddable":true,"href":"https:\/\/www.soanam.de\/es\/wp-json\/wp\/v2\/product_cat?post=77907"},{"taxonomy":"product_tag","embeddable":true,"href":"https:\/\/www.soanam.de\/es\/wp-json\/wp\/v2\/product_tag?post=77907"}],"curies":[{"name":"wp","href":"https:\/\/api.w.org\/{rel}","templated":true}]}}