{"id":77876,"date":"2023-12-13T21:02:28","date_gmt":"2023-12-13T20:02:28","guid":{"rendered":"https:\/\/www.soanam.de\/?post_type=product&#038;p=77876"},"modified":"2023-12-13T21:04:21","modified_gmt":"2023-12-13T20:04:21","slug":"pantalon-polarino-funcional-negro-talla-48","status":"publish","type":"product","link":"https:\/\/www.soanam.de\/es\/produkt\/polarino-funktionshose-in-schwarz-groesse-48\/","title":{"rendered":"Pantal\u00f3n funcional Polarino, en negro, talla 48"},"content":{"rendered":"<p>Pantalones de trekking de Polarino<br \/>\nEl\u00e1stica, transpirable y cortaviento<br \/>\nBolsillos con cremallera, trabillas<br \/>\nDobladillo ajustable con botones a presi\u00f3n<\/p>\n<p>Los pantalones funcionales transpirables Polarino son c\u00f3modos de llevar gracias al c\u00f3modo contenido el\u00e1stico, las pinzas en la zona de la rodilla y el fuelle integrado.<br \/>\nEl dobladillo es ajustable con botones de presi\u00f3n y los bolsillos con cremallera son pr\u00e1cticos, lo que hace que el pantal\u00f3n sea muy vers\u00e1til.<\/p>\n<p>Material: poliamida 92%, elastano 8%<br \/>\nInstrucciones de cuidado: Lavar a m\u00e1quina<\/p>\n<p>Color: negro<br \/>\nTalla: EUR 48<\/p>\n<p>Cintura: 84 cm<br \/>\nPer\u00edmetro de la cadera: 104 cm<br \/>\nLongitud del pelda\u00f1o:82cm<br \/>\nLongitud total: 107 cm<\/p>","protected":false},"excerpt":{"rendered":"<table class=\"dv_characteristicsTable\">\n<tbody>\n<tr>\n<td class=\"left\">Talla<\/td>\n<td>48<\/td>\n<\/tr>\n<tr>\n<td class=\"left\">Gr\u00f6\u00dfentyp<\/td>\n<td>Normalgr\u00f6\u00dfen<\/td>\n<\/tr>\n<tr>\n<td class=\"left\">Composici\u00f3n del material<\/td>\n<td>Obermaterial: 92% Polyamid, 8% Elasthan<\/td>\n<\/tr>\n<tr>\n<td class=\"left\">Instrucciones de cuidado<\/td>\n<td>Lavado a m\u00e1quina<\/td>\n<\/tr>\n<tr>\n<td class=\"left\">Optik<\/td>\n<td>unifarben<\/td>\n<\/tr>\n<tr>\n<td class=\"left\">Stil<\/td>\n<td>sportlich<\/td>\n<\/tr>\n<tr>\n<td class=\"left\">Color<\/td>\n<td>schwarz<\/td>\n<\/tr>\n<tr>\n<td class=\"left\">Leibh\u00f6he<\/td>\n<td>komfortabel<\/td>\n<\/tr>\n<tr>\n<td class=\"left\">Beinform<\/td>\n<td>gerade<\/td>\n<\/tr>\n<tr>\n<td class=\"left\">Ajuste<\/td>\n<td>normal<\/td>\n<\/tr>\n<tr>\n<td class=\"left\">Applikationen<\/td>\n<td>Logodruck<\/td>\n<\/tr>\n<tr>\n<td class=\"left\">Besondere Merkmale<\/td>\n<td>aus atmungsaktivem Material<\/td>\n<\/tr>\n<\/tbody>\n<\/table>","protected":false},"featured_media":77979,"comment_status":"open","ping_status":"closed","template":"","meta":{"_seopress_robots_primary_cat":"","_seopress_titles_title":"","_seopress_titles_desc":"","_seopress_robots_index":""},"product_brand":[],"product_cat":[1345,1346,1463],"product_tag":[],"class_list":{"0":"post-77876","1":"product","2":"type-product","3":"status-publish","4":"has-post-thumbnail","6":"product_cat-herrenmode","7":"product_cat-hosen","8":"product_cat-regen-skihosen-hosen","9":"product_shipping_class-standard-versand","11":"first","12":"instock","13":"taxable","14":"shipping-taxable","15":"purchasable","16":"product-type-simple"},"_links":{"self":[{"href":"https:\/\/www.soanam.de\/es\/wp-json\/wp\/v2\/product\/77876","targetHints":{"allow":["GET"]}}],"collection":[{"href":"https:\/\/www.soanam.de\/es\/wp-json\/wp\/v2\/product"}],"about":[{"href":"https:\/\/www.soanam.de\/es\/wp-json\/wp\/v2\/types\/product"}],"replies":[{"embeddable":true,"href":"https:\/\/www.soanam.de\/es\/wp-json\/wp\/v2\/comments?post=77876"}],"wp:featuredmedia":[{"embeddable":true,"href":"https:\/\/www.soanam.de\/es\/wp-json\/wp\/v2\/media\/77979"}],"wp:attachment":[{"href":"https:\/\/www.soanam.de\/es\/wp-json\/wp\/v2\/media?parent=77876"}],"wp:term":[{"taxonomy":"product_brand","embeddable":true,"href":"https:\/\/www.soanam.de\/es\/wp-json\/wp\/v2\/product_brand?post=77876"},{"taxonomy":"product_cat","embeddable":true,"href":"https:\/\/www.soanam.de\/es\/wp-json\/wp\/v2\/product_cat?post=77876"},{"taxonomy":"product_tag","embeddable":true,"href":"https:\/\/www.soanam.de\/es\/wp-json\/wp\/v2\/product_tag?post=77876"}],"curies":[{"name":"wp","href":"https:\/\/api.w.org\/{rel}","templated":true}]}}