{"id":77853,"date":"2023-12-13T21:02:02","date_gmt":"2023-12-13T20:02:02","guid":{"rendered":"https:\/\/www.soanam.de\/?post_type=product&#038;p=77853"},"modified":"2023-12-13T21:03:57","modified_gmt":"2023-12-13T20:03:57","slug":"porto-muinos-musgo-de-mar-bio-musgo-de-mar-alga-seca-vegano-25g","status":"publish","type":"product","link":"https:\/\/www.soanam.de\/es\/produkt\/porto-muinos-musgo-de-mar-organic-sea-moss-getrocknete-algen-vegan-25g\/","title":{"rendered":"Porto-Mui\u00f1os MUSGO DE MAR, Musgo Marino Ecol\u00f3gico, Alga Seca, Vegano, 25g"},"content":{"rendered":"<h3>Descripci\u00f3n del producto<\/h3>\n<p>Algas marinas, un aglutinante sano y vegano.<br \/>\nMusgo marino (Mastocarpus stellatus)<\/p>\n<p><strong>Ingredientes<\/strong><br \/>\n100% Algas, musgo marino desecado * (Mastocarpus stellatus).<br \/>\nPuede contener trazas de crust\u00e1ceos<br \/>\ncontienen * procedentes de la agricultura ecol\u00f3gica<\/p>\n<p><strong>Valor nutritivo por 100 gramos:<\/strong><br \/>\nEnerg\u00eda 178 Kcal \/ 730 KJ<br \/>\nGrasas: 1 g<br \/>\ndel mismo saturado: 0,1 g<br \/>\nCarbohidratos: 3 g<br \/>\nde az\u00facar: 0 g<br \/>\nFibra alimentaria: 49 g<br \/>\nProte\u00ednas: 16 g<br \/>\nSal: 6,5 g<\/p>\n<p><strong>Utilizaci\u00f3n<\/strong><br \/>\nLas algas son un aglutinante sano y vegano. Se trata de una peque\u00f1a alga roja que se vuelve verde cuando se calienta. Tiene una textura crujiente con un sabroso sabor a crust\u00e1ceo y es comparable al musgo irland\u00e9s. Se utiliza en ensaladas y horneada como tentempi\u00e9. Se utiliza en sopas, platos de huevo, salsas y guisos. El musgo marino act\u00faa como espesante<\/p>\n<p>Mant\u00e9ngase fresco y seco<\/p>","protected":false},"excerpt":{"rendered":"<h3><strong>Artikelmerkmale<\/strong><\/h3>\n<p>Artikelzustand: Neu - Neuer, unbenutzter und unbesch\u00e4digter Artikel in der unge\u00f6ffneten Verpackung<\/p>\n<table style=\"border-collapse: collapse;width: 431pt\" width=\"575\">\n<tbody>\n<tr style=\"height: 15.0pt\">\n<td style=\"width: 193pt;height: 15.0pt\" width=\"257\" height=\"20\">Ablaufdatum:<\/td>\n<td class=\"xl65\" style=\"width: 239pt\" width=\"318\">12\/2022<\/td>\n<\/tr>\n<tr style=\"height: 15.0pt\">\n<td style=\"height: 15.0pt\" height=\"20\">Allergene:<\/td>\n<td class=\"xl65\">Krebstiere<\/td>\n<\/tr>\n<tr style=\"height: 15.0pt\">\n<td style=\"height: 15.0pt\" height=\"20\">EAN:<\/td>\n<td class=\"xl65\">8437001476749<\/td>\n<\/tr>\n<tr style=\"height: 15.0pt\">\n<td style=\"height: 15.0pt\" height=\"20\">Lebensmittelspezifikationen:<\/td>\n<td class=\"xl65\">Vegan<\/td>\n<\/tr>\n<tr style=\"height: 15.0pt\">\n<td style=\"height: 15.0pt\" height=\"20\">Marke:<\/td>\n<td class=\"xl65\">Porto-Mui\u00f1os<\/td>\n<\/tr>\n<tr style=\"height: 15.0pt\">\n<td style=\"height: 15.0pt\" height=\"20\">Produkt:<\/td>\n<td class=\"xl65\">Getrocknete Algen<\/td>\n<\/tr>\n<tr style=\"height: 15.0pt\">\n<td style=\"height: 15.0pt\" height=\"20\">Produktart:<\/td>\n<td class=\"xl65\">Sea Moss<\/td>\n<\/tr>\n<\/tbody>\n<\/table>","protected":false},"featured_media":77955,"comment_status":"open","ping_status":"closed","template":"","meta":{"_seopress_robots_primary_cat":"","_seopress_titles_title":"","_seopress_titles_desc":"","_seopress_robots_index":""},"product_brand":[],"product_cat":[1730],"product_tag":[],"class_list":{"0":"post-77853","1":"product","2":"type-product","3":"status-publish","4":"has-post-thumbnail","6":"product_cat-sonstiges-2","7":"product_shipping_class-standard-versand","9":"first","10":"instock","11":"sale","12":"taxable","13":"shipping-taxable","14":"purchasable","15":"product-type-simple"},"_links":{"self":[{"href":"https:\/\/www.soanam.de\/es\/wp-json\/wp\/v2\/product\/77853","targetHints":{"allow":["GET"]}}],"collection":[{"href":"https:\/\/www.soanam.de\/es\/wp-json\/wp\/v2\/product"}],"about":[{"href":"https:\/\/www.soanam.de\/es\/wp-json\/wp\/v2\/types\/product"}],"replies":[{"embeddable":true,"href":"https:\/\/www.soanam.de\/es\/wp-json\/wp\/v2\/comments?post=77853"}],"wp:featuredmedia":[{"embeddable":true,"href":"https:\/\/www.soanam.de\/es\/wp-json\/wp\/v2\/media\/77955"}],"wp:attachment":[{"href":"https:\/\/www.soanam.de\/es\/wp-json\/wp\/v2\/media?parent=77853"}],"wp:term":[{"taxonomy":"product_brand","embeddable":true,"href":"https:\/\/www.soanam.de\/es\/wp-json\/wp\/v2\/product_brand?post=77853"},{"taxonomy":"product_cat","embeddable":true,"href":"https:\/\/www.soanam.de\/es\/wp-json\/wp\/v2\/product_cat?post=77853"},{"taxonomy":"product_tag","embeddable":true,"href":"https:\/\/www.soanam.de\/es\/wp-json\/wp\/v2\/product_tag?post=77853"}],"curies":[{"name":"wp","href":"https:\/\/api.w.org\/{rel}","templated":true}]}}