{"id":77837,"date":"2023-12-13T21:01:40","date_gmt":"2023-12-13T20:01:40","guid":{"rendered":"https:\/\/www.soanam.de\/?post_type=product&#038;p=77837"},"modified":"2023-12-13T21:03:53","modified_gmt":"2023-12-13T20:03:53","slug":"porto-muinos-espagueti-de-mar-dried-seaweed-meeresspaghetti-organic-vegan-25g","status":"publish","type":"product","link":"https:\/\/www.soanam.de\/es\/produkt\/porto-muinos-espagueti-de-mar-dried-seaweed-meeresspaghetti-organic-vegan-25g\/","title":{"rendered":"Porto Mui\u00f1os ESPAGUETI DE MAR, Algas secas, espaguetis de mar, ecol\u00f3gicos, veganos, 25g"},"content":{"rendered":"<h3><strong>Descripci\u00f3n del producto<\/strong><\/h3>\n<p>Porto Mui\u00f1os Bio-Meeresspaghetti sind Braunalgen. Ihr langes, d\u00fcnnes und leicht verzweigtes Aussehen sieht fast wie Tagliatelle aus. Ihr Geschmack erinnert an frische Bohnen. Ihre Konsistenz ist kr\u00e4ftig.<\/p>\n<p><strong>Anwendung<\/strong>:<br \/>\nFl\u00fcssigkeitszufuhr:<br \/>\n1. Seetang 20 Minuten in Wasser einweichen.<br \/>\n2. Wiederholen Sie diesen Vorgang.<br \/>\n3. Nass erh\u00f6hen sie ihr Gewicht um das 10-fache.<br \/>\nGarzeit: Die Algen 10 Minuten in reichlich Wasser kochen.<\/p>\n<p>Die getrockneten Algen k\u00f6nnen im Ofen ger\u00f6stet und gemahlen werden, um als Gew\u00fcrz verwendet zu werden. Sie k\u00f6nnen die Algen als Vorspeise backen und mit gekochtem Fisch, Meeresfr\u00fcchten und Salaten genie\u00dfen. Auch als Zutat in Reis-, Nudel- und Gem\u00fcsegerichten, Suppen, Kroketten usw. geeignet.<\/p>\n<p><strong>Zutaten:<\/strong><br \/>\nMeeresspaghetti (Himanthalia elongata) aus der wilden Ernte der galizischen K\u00fcste (Golf von Biskaya und portugiesische Gew\u00e4sser).<br \/>\nKann Spuren von Schalentieren und Fischen aus dem Meer enthalten.<\/p>\n<p><strong>Zus\u00e4tzliche Information:<\/strong><br \/>\nBei Raumtemperatur lagern.<br \/>\nHalten Sie die Verpackung nach dem \u00d6ffnen luftdicht und trocken.<\/p>\n<p><strong>Verbraucherinformation:<\/strong><br \/>\nNat\u00fcrlich reich an Jod. \u00dcberm\u00e4\u00dfige Jodaufnahme kann zu Schilddr\u00fcsenproblemen f\u00fchren. Daher empfiehlt die Deutsche Ern\u00e4hrungsgesellschaft eine durchschnittliche t\u00e4gliche Aufnahme von nicht mehr als 0,2 mg Jod. 2 g getrocknete Seetang-Seespaghetti enthalten weniger als 0,2 mg Jod.<\/p>\n<p><strong>N\u00e4hrwertinformationen:<\/strong><br \/>\nErn\u00e4hrung pro 100 g<\/p>\n<p>dehydriert rehydratisiert *<\/p>\n<p>Energie<br \/>\n702 kJ \/ 170 kcal 213 kJ \/ 52 kcal<\/p>\n<p>Fett<br \/>\n- davon ges\u00e4ttigte Fetts\u00e4uren<br \/>\n1,0 g &lt;0,5 g<br \/>\n0,4 g 0,1 g<\/p>\n<p>Kohlenhydrat<br \/>\n- davon Zucker<br \/>\n15 g 3,2 g<br \/>\n&lt;0,5 g &lt;0,5 g<\/p>\n<p>Fasern<br \/>\n36 g 14 g<\/p>\n<p>Protein<br \/>\n7,5 g 2,2 g<\/p>\n<p>Salz<br \/>\n7,9 g 1,1 g<\/p>\n<p>Jod<br \/>\n924 x 10 \u00b5g 264 x 10 ug<\/p>","protected":false},"excerpt":{"rendered":"<h3><strong>Artikelmerkmale<\/strong><\/h3>\n<p>Artikelzustand: Neu - Neuer, unbenutzter und unbesch\u00e4digter Artikel in der unge\u00f6ffneten Verpackung<\/p>\n<table style=\"border-collapse: collapse;width: 431pt\" width=\"575\">\n<tbody>\n<tr style=\"height: 15.0pt\">\n<td style=\"width: 193pt;height: 15.0pt\" width=\"257\" height=\"20\">Ablaufdatum:<\/td>\n<td class=\"xl65\" style=\"width: 239pt\" width=\"318\">04\/2023<\/td>\n<\/tr>\n<tr style=\"height: 15.0pt\">\n<td style=\"height: 15.0pt\" height=\"20\">Allergene:<\/td>\n<td class=\"xl65\">Fisch, Krebstiere<\/td>\n<\/tr>\n<tr style=\"height: 15.0pt\">\n<td style=\"height: 15.0pt\" height=\"20\">EAN:<\/td>\n<td class=\"xl65\">8437001476367<\/td>\n<\/tr>\n<tr style=\"height: 15.0pt\">\n<td style=\"height: 15.0pt\" height=\"20\">Herstellernummer:<\/td>\n<td class=\"xl65\">ohne Angabe<\/td>\n<\/tr>\n<tr style=\"height: 15.0pt\">\n<td style=\"height: 15.0pt\" height=\"20\">Inhalt:<\/td>\n<td class=\"xl65\">25g<\/td>\n<\/tr>\n<tr style=\"height: 15.0pt\">\n<td style=\"height: 15.0pt\" height=\"20\">Lebensmittelspezifikationen:<\/td>\n<td class=\"xl65\">Vegan<\/td>\n<\/tr>\n<tr style=\"height: 15.0pt\">\n<td style=\"height: 15.0pt\" height=\"20\">Marke:<\/td>\n<td class=\"xl65\">Porto Mui\u00f1os<\/td>\n<\/tr>\n<tr style=\"height: 15.0pt\">\n<td style=\"height: 15.0pt\" height=\"20\">Produkt:<\/td>\n<td class=\"xl65\">Meeresspaghetti<\/td>\n<\/tr>\n<tr style=\"height: 15.0pt\">\n<td style=\"height: 15.0pt\" height=\"20\">Produktart:<\/td>\n<td class=\"xl65\">Dried Seaweed<\/td>\n<\/tr>\n<\/tbody>\n<\/table>","protected":false},"featured_media":77953,"comment_status":"open","ping_status":"closed","template":"","meta":{"_seopress_robots_primary_cat":"","_seopress_titles_title":"","_seopress_titles_desc":"","_seopress_robots_index":""},"product_brand":[],"product_cat":[1730],"product_tag":[],"class_list":{"0":"post-77837","1":"product","2":"type-product","3":"status-publish","4":"has-post-thumbnail","6":"product_cat-sonstiges-2","7":"product_shipping_class-standard-versand","9":"first","10":"instock","11":"sale","12":"taxable","13":"shipping-taxable","14":"purchasable","15":"product-type-simple"},"_links":{"self":[{"href":"https:\/\/www.soanam.de\/es\/wp-json\/wp\/v2\/product\/77837","targetHints":{"allow":["GET"]}}],"collection":[{"href":"https:\/\/www.soanam.de\/es\/wp-json\/wp\/v2\/product"}],"about":[{"href":"https:\/\/www.soanam.de\/es\/wp-json\/wp\/v2\/types\/product"}],"replies":[{"embeddable":true,"href":"https:\/\/www.soanam.de\/es\/wp-json\/wp\/v2\/comments?post=77837"}],"wp:featuredmedia":[{"embeddable":true,"href":"https:\/\/www.soanam.de\/es\/wp-json\/wp\/v2\/media\/77953"}],"wp:attachment":[{"href":"https:\/\/www.soanam.de\/es\/wp-json\/wp\/v2\/media?parent=77837"}],"wp:term":[{"taxonomy":"product_brand","embeddable":true,"href":"https:\/\/www.soanam.de\/es\/wp-json\/wp\/v2\/product_brand?post=77837"},{"taxonomy":"product_cat","embeddable":true,"href":"https:\/\/www.soanam.de\/es\/wp-json\/wp\/v2\/product_cat?post=77837"},{"taxonomy":"product_tag","embeddable":true,"href":"https:\/\/www.soanam.de\/es\/wp-json\/wp\/v2\/product_tag?post=77837"}],"curies":[{"name":"wp","href":"https:\/\/api.w.org\/{rel}","templated":true}]}}