{"id":77826,"date":"2023-12-13T21:01:18","date_gmt":"2023-12-13T20:01:18","guid":{"rendered":"https:\/\/www.soanam.de\/?post_type=product&#038;p=77826"},"modified":"2023-12-13T21:03:40","modified_gmt":"2023-12-13T20:03:40","slug":"zara-kids-gestreiftes-t-shirt-mit-volant-in-weiss-pink-gestreift-groesse-104","status":"publish","type":"product","link":"https:\/\/www.soanam.de\/es\/produkt\/zara-kids-gestreiftes-t-shirt-mit-volant-in-weiss-pink-gestreift-groesse-104\/","title":{"rendered":"Zara Kids - CAMISETA DE RAYAS CON VOLANTE, en blanco-rosa, a rayas, talla 104"},"content":{"rendered":"<h3><strong>Descripci\u00f3n del producto<\/strong><\/h3>\n<p>T-Shirt mit Rundhalsausschnitt.<br \/>\nWei\u00df-Pink<br \/>\nVolant an den \u00c4rmeln.<br \/>\nStreifenmuster.<br \/>\nKnopfverschluss an der Schulter bis zur Gr\u00f6\u00dfe 86<\/p>\n<p>Care for fiber: 100 % Biobaumwolle.<br \/>\nBaumwolle, die mit nat\u00fcrlichen D\u00fcngemitteln und Pestiziden angebaut wird. Bei dieser Anbaumethode wird kein genetisch ver\u00e4ndertes Saatgut verwendet, was zur Erhaltung der Artenvielfalt von Saatgut und der Fruchtbarkeit des Bodens beitr\u00e4gt.<\/p>\n<p><strong>Material<\/strong><br \/>\n100% Algod\u00f3n<\/p>\n<p><strong>Atenci\u00f3n<\/strong><br \/>\nLavado a m\u00e1quina<\/p>","protected":false},"excerpt":{"rendered":"<h3><strong>Artikelmerkmale<\/strong><\/h3>\n<p>Artikelzustand: Neu mit Etikett - Neuer, unbenutzter und nicht getragener Artikel in der Originalverpackung<\/p>\n<table style=\"border-collapse: collapse;width: 863pt\" width=\"1150\">\n<tbody>\n<tr style=\"height: 15.0pt\">\n<td style=\"width: 193pt;height: 15.0pt\" width=\"257\" height=\"20\">Abteilung:<\/td>\n<td class=\"xl65\" style=\"width: 670pt\" width=\"893\">M\u00e4dchen<\/td>\n<\/tr>\n<tr style=\"height: 15.0pt\">\n<td style=\"height: 15.0pt\" height=\"20\">Aktivit\u00e4t:<\/td>\n<td class=\"xl65\">Spielen, Schule<\/td>\n<\/tr>\n<tr style=\"height: 15.0pt\">\n<td style=\"height: 15.0pt\" height=\"20\">\u00c4rmelart:<\/td>\n<td class=\"xl65\">Manga corta<\/td>\n<\/tr>\n<tr style=\"height: 15.0pt\">\n<td style=\"height: 15.0pt\" height=\"20\">\u00c4rmell\u00e4nge:<\/td>\n<td class=\"xl65\">Manga corta<\/td>\n<\/tr>\n<tr style=\"height: 15.0pt\">\n<td style=\"height: 15.0pt\" height=\"20\">Ausschnitt:<\/td>\n<td class=\"xl65\">Rundhals<\/td>\n<\/tr>\n<tr style=\"height: 15.0pt\">\n<td style=\"height: 15.0pt\" height=\"20\">Caracter\u00edsticas especiales:<\/td>\n<td class=\"xl65\">Volant<\/td>\n<\/tr>\n<tr style=\"height: 15.0pt\">\n<td style=\"height: 15.0pt\" height=\"20\">Color:<\/td>\n<td class=\"xl65\">Wei\u00df, Pink<\/td>\n<\/tr>\n<tr style=\"height: 15.0pt\">\n<td style=\"height: 15.0pt\" height=\"20\">Gr\u00f6\u00dfe:<\/td>\n<td class=\"xl65\">104<\/td>\n<\/tr>\n<tr style=\"height: 15.0pt\">\n<td style=\"height: 15.0pt\" height=\"20\">Herstellernummer:<\/td>\n<td class=\"xl65\">nicht zutreffend<\/td>\n<\/tr>\n<tr style=\"height: 15.0pt\">\n<td style=\"height: 15.0pt\" height=\"20\">Herstellungsland und -region:<\/td>\n<td class=\"xl65\">Bangladesch<\/td>\n<\/tr>\n<tr style=\"height: 15.0pt\">\n<td style=\"height: 15.0pt\" height=\"20\">Marke:<\/td>\n<td class=\"xl65\">Zara<\/td>\n<\/tr>\n<tr style=\"height: 15.0pt\">\n<td style=\"height: 15.0pt\" height=\"20\">Material:<\/td>\n<td class=\"xl65\">Algod\u00f3n<\/td>\n<\/tr>\n<tr style=\"height: 15.0pt\">\n<td style=\"height: 15.0pt\" height=\"20\">Patr\u00f3n:<\/td>\n<td class=\"xl65\">A rayas<\/td>\n<\/tr>\n<tr style=\"height: 15.0pt\">\n<td style=\"height: 15.0pt\" height=\"20\">En forma:<\/td>\n<td class=\"xl65\">Regular<\/td>\n<\/tr>\n<tr style=\"height: 15.0pt\">\n<td style=\"height: 15.0pt\" height=\"20\">Produktart:<\/td>\n<td class=\"xl65\">T-Shirt<\/td>\n<\/tr>\n<tr style=\"height: 15.0pt\">\n<td style=\"height: 15.0pt\" height=\"20\">Stil:<\/td>\n<td class=\"xl65\">T-Shirt<\/td>\n<\/tr>\n<tr style=\"height: 15.0pt\">\n<td style=\"height: 15.0pt\" height=\"20\">Vintage:<\/td>\n<td class=\"xl65\">Nein<\/td>\n<\/tr>\n<\/tbody>\n<\/table>","protected":false},"featured_media":77940,"comment_status":"open","ping_status":"closed","template":"","meta":{"_seopress_robots_primary_cat":"","_seopress_titles_title":"","_seopress_titles_desc":"","_seopress_robots_index":""},"product_brand":[],"product_cat":[1351,1425,1426],"product_tag":[],"class_list":{"0":"post-77826","1":"product","2":"type-product","3":"status-publish","4":"has-post-thumbnail","6":"product_cat-kindermode","7":"product_cat-shirts-kindermode","8":"product_cat-t-shirts","9":"product_shipping_class-standard-versand","11":"first","12":"instock","13":"sale","14":"taxable","15":"shipping-taxable","16":"purchasable","17":"product-type-simple"},"_links":{"self":[{"href":"https:\/\/www.soanam.de\/es\/wp-json\/wp\/v2\/product\/77826","targetHints":{"allow":["GET"]}}],"collection":[{"href":"https:\/\/www.soanam.de\/es\/wp-json\/wp\/v2\/product"}],"about":[{"href":"https:\/\/www.soanam.de\/es\/wp-json\/wp\/v2\/types\/product"}],"replies":[{"embeddable":true,"href":"https:\/\/www.soanam.de\/es\/wp-json\/wp\/v2\/comments?post=77826"}],"wp:featuredmedia":[{"embeddable":true,"href":"https:\/\/www.soanam.de\/es\/wp-json\/wp\/v2\/media\/77940"}],"wp:attachment":[{"href":"https:\/\/www.soanam.de\/es\/wp-json\/wp\/v2\/media?parent=77826"}],"wp:term":[{"taxonomy":"product_brand","embeddable":true,"href":"https:\/\/www.soanam.de\/es\/wp-json\/wp\/v2\/product_brand?post=77826"},{"taxonomy":"product_cat","embeddable":true,"href":"https:\/\/www.soanam.de\/es\/wp-json\/wp\/v2\/product_cat?post=77826"},{"taxonomy":"product_tag","embeddable":true,"href":"https:\/\/www.soanam.de\/es\/wp-json\/wp\/v2\/product_tag?post=77826"}],"curies":[{"name":"wp","href":"https:\/\/api.w.org\/{rel}","templated":true}]}}