{"id":77824,"date":"2023-12-13T21:01:17","date_gmt":"2023-12-13T20:01:17","guid":{"rendered":"https:\/\/www.soanam.de\/?post_type=product&#038;p=77824"},"modified":"2023-12-13T21:03:29","modified_gmt":"2023-12-13T20:03:29","slug":"pantalon-de-esqui-polarino-softshell-negro-talla-44","status":"publish","type":"product","link":"https:\/\/www.soanam.de\/es\/produkt\/polarino-softshell-skihose-in-schwarz-groesse-44\/","title":{"rendered":"Pantalones de esqu\u00ed Polarino softshell, en negro, talla 44"},"content":{"rendered":"<p>Pantalones de esqu\u00ed Softshell de Polarino<br \/>\nCon protecci\u00f3n contra la nieve y refuerzo en el dobladillo del pantal\u00f3n<br \/>\nBolsillos con cremallera, trabillas<br \/>\nRepelente al agua, cortaviento y transpirable<br \/>\nMit Bionic Finish Eco - produziert ohne PFC<\/p>\n<p>Pantal\u00f3n de esqu\u00ed softshell transpirable y repelente al agua con un c\u00f3modo corte ancho.<br \/>\nLas polainas con protecci\u00f3n contra la nieve, el dobladillo reforzado y los bolsillos laterales con cremallera hacen que este pantal\u00f3n de esqu\u00ed sea pr\u00e1ctico y, al mismo tiempo, moderno gracias a su sutil dise\u00f1o con peque\u00f1os logotipos impresos.<\/p>\n<p>Material: Exterior: poli\u00e9ster 94%, elastano 6%. Interior: 100% poli\u00e9ster.<br \/>\nInstrucciones de cuidado: Lavar a m\u00e1quina<\/p>\n<p>Color: negro<br \/>\nTalla: 44<\/p>\n<p>Cintura: 92 cm<br \/>\nPer\u00edmetro de la cadera: 115 cm<br \/>\nLongitud del pelda\u00f1o:79cm<br \/>\nLongitud total: 113 cm<\/p>\n<p>&nbsp;<\/p>\n<p>Este nuevo art\u00edculo es una devoluci\u00f3n de un cliente sin etiqueta.<\/p>","protected":false},"excerpt":{"rendered":"<table class=\"dv_characteristicsTable\">\n<tbody>\n<tr>\n<td class=\"left\">Talla<\/td>\n<td>42<\/td>\n<\/tr>\n<tr>\n<td class=\"left\">Gr\u00f6\u00dfentyp<\/td>\n<td>Normalgr\u00f6\u00dfen<\/td>\n<\/tr>\n<tr>\n<td class=\"left\">Composici\u00f3n del material<\/td>\n<td>Material exterior: poli\u00e9ster 94%, elastano 6%. Interior: 100% poli\u00e9ster.<\/td>\n<\/tr>\n<tr>\n<td class=\"left\">Materialart<\/td>\n<td>Softshell<\/td>\n<\/tr>\n<tr>\n<td class=\"left\">Materialeigenschaften<\/td>\n<td>winddicht, atmungsaktiv, wasserabweisend<\/td>\n<\/tr>\n<tr>\n<td class=\"left\">Instrucciones de cuidado<\/td>\n<td>Lavado a m\u00e1quina<\/td>\n<\/tr>\n<tr>\n<td class=\"left\">Stil<\/td>\n<td>sportlich<\/td>\n<\/tr>\n<tr>\n<td class=\"left\">Herstellerfarbbezeichnung<\/td>\n<td>schwarz (Skihose aus nachhaltigem Material)<\/td>\n<\/tr>\n<tr>\n<td class=\"left\">Color<\/td>\n<td>schwarz<\/td>\n<\/tr>\n<tr>\n<td class=\"left\">Beinabschlussdetails<\/td>\n<td>mit verstellbarem Klettverschluss, mit Schneefang<\/td>\n<\/tr>\n<tr>\n<td class=\"left\">Ajuste<\/td>\n<td>bequem<\/td>\n<\/tr>\n<tr>\n<td class=\"left\">Trabillas<\/td>\n<td>ja<\/td>\n<\/tr>\n<tr>\n<td class=\"left\">Applikationen<\/td>\n<td>Logodruck<\/td>\n<\/tr>\n<tr>\n<td class=\"left\">Bolsas<\/td>\n<td>Bolsillos<\/td>\n<\/tr>\n<tr>\n<td class=\"left\">Verschluss<\/td>\n<td>Cierre de cremallera<\/td>\n<\/tr>\n<tr>\n<td class=\"left\">Sportart<\/td>\n<td>Alpinski<\/td>\n<\/tr>\n<\/tbody>\n<\/table>","protected":false},"featured_media":77931,"comment_status":"open","ping_status":"closed","template":"","meta":{"_seopress_robots_primary_cat":"","_seopress_titles_title":"","_seopress_titles_desc":"","_seopress_robots_index":""},"product_brand":[],"product_cat":[1348,1349,1455],"product_tag":[],"class_list":{"0":"post-77824","1":"product","2":"type-product","3":"status-publish","4":"has-post-thumbnail","6":"product_cat-damen-mode","7":"product_cat-hosen-damen-mode","8":"product_cat-regen-skihosen","9":"product_shipping_class-standard-versand","11":"first","12":"instock","13":"sale","14":"taxable","15":"shipping-taxable","16":"purchasable","17":"product-type-simple"},"_links":{"self":[{"href":"https:\/\/www.soanam.de\/es\/wp-json\/wp\/v2\/product\/77824","targetHints":{"allow":["GET"]}}],"collection":[{"href":"https:\/\/www.soanam.de\/es\/wp-json\/wp\/v2\/product"}],"about":[{"href":"https:\/\/www.soanam.de\/es\/wp-json\/wp\/v2\/types\/product"}],"replies":[{"embeddable":true,"href":"https:\/\/www.soanam.de\/es\/wp-json\/wp\/v2\/comments?post=77824"}],"wp:featuredmedia":[{"embeddable":true,"href":"https:\/\/www.soanam.de\/es\/wp-json\/wp\/v2\/media\/77931"}],"wp:attachment":[{"href":"https:\/\/www.soanam.de\/es\/wp-json\/wp\/v2\/media?parent=77824"}],"wp:term":[{"taxonomy":"product_brand","embeddable":true,"href":"https:\/\/www.soanam.de\/es\/wp-json\/wp\/v2\/product_brand?post=77824"},{"taxonomy":"product_cat","embeddable":true,"href":"https:\/\/www.soanam.de\/es\/wp-json\/wp\/v2\/product_cat?post=77824"},{"taxonomy":"product_tag","embeddable":true,"href":"https:\/\/www.soanam.de\/es\/wp-json\/wp\/v2\/product_tag?post=77824"}],"curies":[{"name":"wp","href":"https:\/\/api.w.org\/{rel}","templated":true}]}}