{"id":77808,"date":"2023-12-13T21:00:51","date_gmt":"2023-12-13T20:00:51","guid":{"rendered":"https:\/\/www.soanam.de\/?post_type=product&#038;p=77808"},"modified":"2023-12-13T21:03:16","modified_gmt":"2023-12-13T20:03:16","slug":"la-nina-wadjda-la-primera-pelicula-de-arabia-saudi-hecha-por-una-mujer-dvd","status":"publish","type":"product","link":"https:\/\/www.soanam.de\/es\/produkt\/das-maedchen-wadjda-der-erste-film-aus-saudi-arabien-gedreht-von-einer-frau-dvd\/","title":{"rendered":"The Girl Wadjda - La primera pel\u00edcula de Arabia Saud\u00ed rodada por una mujer - DVD"},"content":{"rendered":"<h3><strong>Descripci\u00f3n del producto<\/strong><\/h3>\n<p>Todos los d\u00edas, cuando Wadjda va al colegio en Riad, su ciudad natal, pasa por delante de una jugueter\u00eda que vende una bicicleta verde. Su coraz\u00f3n late cada vez m\u00e1s deprisa, porque poseer esta bicicleta verde significar\u00eda tambi\u00e9n poder imponerse por fin al chico de al lado, Abdullah, y correr m\u00e1s r\u00e1pido que \u00e9l. Aunque a las ni\u00f1as no se les permite montar en bicicleta, Wadjda trama un plan para ganar dinero para la bici haciendo negocios ilegales en el patio del colegio. Pero las maquinaciones de Wadjda son descubiertas, la amenazan con expulsarla del colegio y sus esperanzas de ganar dinero se esfuman. La ni\u00f1a s\u00f3lo tiene una oportunidad: ganar el concurso de recitaci\u00f3n del Cor\u00e1n de la escuela, dotado con un cuantioso premio. Con gran celo e ingenio, se pone manos a la obra para ser supuestamente piadosa. Por eso no tiene ojos para los problemas de su madre, que intenta impedir que su marido tome una segunda esposa. Pero al igual que su valiente hija, la madre de Wadjda se da cuenta de que, en \u00faltima instancia, est\u00e1 sola y tiene que emprender un camino pedregoso para luchar por un futuro autodeterminado para ella y su hija.<\/p>\n<p>El primer largometraje de Arabia Saud\u00ed - \u00a1realizado por una mujer! En su \u00f3pera prima, la directora y guionista saud\u00ed Haifaa Al Mansour narra la conmovedora historia de Wadjda, una ni\u00f1a de diez a\u00f1os que crece en las afueras de Riad y consigue hacer realidad sus propios sue\u00f1os con valent\u00eda e ingenio, desafiando las estrictas convenciones. La pel\u00edcula pinta un cuadro diferenciado y aut\u00e9ntico de la vida de las mujeres saud\u00edes y transmite una visi\u00f3n interior \u00fanica de la cultura y la sociedad de ese pa\u00eds.<\/p>\n<p>\"\u00a1Esta pel\u00edcula es una peque\u00f1a joya!\" (BILD)<\/p>\n<p>\"Un verdadero milagro cinematogr\u00e1fico, de un pa\u00eds donde no hay cines\" (TV Spielfilm)<\/p>\n<p>\"Un conmovedor alegato a favor de las ni\u00f1as y mujeres fuertes\" (Stern)<\/p>\n<p>\"Una peque\u00f1a sensaci\u00f3n\" (S\u00fcddeutsche Zeitung)<\/p>","protected":false},"excerpt":{"rendered":"<h3><strong>Artikelmerkmale<\/strong><\/h3>\n<p>Artikelzustand: Neu - Artikel, dessen Originalverpackung (sofern zutreffend) nicht ge\u00f6ffnet oder entfernt wurde<\/p>\n<table style=\"border-collapse: collapse;width: 863pt\" width=\"1150\">\n<tbody>\n<tr style=\"height: 15.0pt\">\n<td style=\"width: 193pt;height: 15.0pt\" width=\"257\" height=\"20\">Caracter\u00edsticas especiales:<\/td>\n<td class=\"xl65\" style=\"width: 670pt\" width=\"893\">Full Screen, Mit Untertiteln<\/td>\n<\/tr>\n<tr style=\"height: 15.0pt\">\n<td style=\"height: 15.0pt\" height=\"20\">Darsteller:<\/td>\n<td class=\"xl65\">Reem Abdullah, Waad Mohammed, Abdullrahman Al Gohani<\/td>\n<\/tr>\n<tr style=\"height: 15.0pt\">\n<td style=\"height: 15.0pt\" height=\"20\">EAN:<\/td>\n<td class=\"xl65\">4020628924300<\/td>\n<\/tr>\n<tr style=\"height: 15.0pt\">\n<td style=\"height: 15.0pt\" height=\"20\">Edition:<\/td>\n<td class=\"xl65\">Standardausgabe<\/td>\n<\/tr>\n<tr style=\"height: 15.0pt\">\n<td style=\"height: 15.0pt\" height=\"20\">Erscheinungsjahr:<\/td>\n<td class=\"xl65\">2014<\/td>\n<\/tr>\n<tr style=\"height: 15.0pt\">\n<td style=\"height: 15.0pt\" height=\"20\">Film-\/Fernseh-Titel:<\/td>\n<td class=\"xl65\">Das M\u00e4dchen Wadjda<\/td>\n<\/tr>\n<tr style=\"height: 15.0pt\">\n<td style=\"height: 15.0pt\" height=\"20\">Format:<\/td>\n<td class=\"xl65\">DVD Video<\/td>\n<\/tr>\n<tr style=\"height: 15.0pt\">\n<td style=\"height: 15.0pt\" height=\"20\">FSK-Einstufung:<\/td>\n<td class=\"xl65\">0<\/td>\n<\/tr>\n<tr style=\"height: 15.0pt\">\n<td style=\"height: 15.0pt\" height=\"20\">Genre:<\/td>\n<td class=\"xl65\">Drama<\/td>\n<\/tr>\n<tr style=\"height: 15.0pt\">\n<td style=\"height: 15.0pt\" height=\"20\">Herstellernummer:<\/td>\n<td class=\"xl65\">Nicht zutreffend<\/td>\n<\/tr>\n<tr style=\"height: 15.0pt\">\n<td style=\"height: 15.0pt\" height=\"20\">Herstellungsland und -region:<\/td>\n<td class=\"xl65\">Saudi-Arabien<\/td>\n<\/tr>\n<tr style=\"height: 15.0pt\">\n<td style=\"height: 15.0pt\" height=\"20\">H\u00fcllenart:<\/td>\n<td class=\"xl65\">Kunststoffh\u00fclse<\/td>\n<\/tr>\n<tr style=\"height: 15.0pt\">\n<td style=\"height: 15.0pt\" height=\"20\">Produktart:<\/td>\n<td class=\"xl65\">Film<\/td>\n<\/tr>\n<tr style=\"height: 15.0pt\">\n<td style=\"height: 15.0pt\" height=\"20\">Regionalcode:<\/td>\n<td class=\"xl65\">DVD: 2 (Europa, Japan, Naher Osten\u2026)<\/td>\n<\/tr>\n<tr style=\"height: 15.0pt\">\n<td style=\"height: 15.0pt\" height=\"20\">Regisseur:<\/td>\n<td class=\"xl65\">Haifaa Al-Mansour<\/td>\n<\/tr>\n<tr style=\"height: 15.0pt\">\n<td style=\"height: 15.0pt\" height=\"20\">Spieldauer:<\/td>\n<td class=\"xl65\">93 Min.<\/td>\n<\/tr>\n<tr style=\"height: 15.0pt\">\n<td style=\"height: 15.0pt\" height=\"20\">Sprache:<\/td>\n<td class=\"xl65\">Deutsch, Arabisch<\/td>\n<\/tr>\n<tr style=\"height: 15.0pt\">\n<td style=\"height: 15.0pt\" height=\"20\">Studio:<\/td>\n<td class=\"xl65\">Koch Films<\/td>\n<\/tr>\n<tr style=\"height: 15.0pt\">\n<td style=\"height: 15.0pt\" height=\"20\">Subgenre:<\/td>\n<td class=\"xl65\">Familie<\/td>\n<\/tr>\n<tr style=\"height: 15.0pt\">\n<td style=\"height: 15.0pt\" height=\"20\">Untertitel Sprache:<\/td>\n<td class=\"xl65\">Alem\u00e1n<\/td>\n<\/tr>\n<\/tbody>\n<\/table>","protected":false},"featured_media":77921,"comment_status":"open","ping_status":"closed","template":"","meta":{"_seopress_robots_primary_cat":"","_seopress_titles_title":"","_seopress_titles_desc":"","_seopress_robots_index":""},"product_brand":[],"product_cat":[1423,1424],"product_tag":[],"class_list":{"0":"post-77808","1":"product","2":"type-product","3":"status-publish","4":"has-post-thumbnail","6":"product_cat-multimedia","7":"product_cat-dvds","8":"product_shipping_class-standard-versand","10":"first","11":"instock","12":"sale","13":"taxable","14":"shipping-taxable","15":"purchasable","16":"product-type-simple"},"_links":{"self":[{"href":"https:\/\/www.soanam.de\/es\/wp-json\/wp\/v2\/product\/77808","targetHints":{"allow":["GET"]}}],"collection":[{"href":"https:\/\/www.soanam.de\/es\/wp-json\/wp\/v2\/product"}],"about":[{"href":"https:\/\/www.soanam.de\/es\/wp-json\/wp\/v2\/types\/product"}],"replies":[{"embeddable":true,"href":"https:\/\/www.soanam.de\/es\/wp-json\/wp\/v2\/comments?post=77808"}],"wp:featuredmedia":[{"embeddable":true,"href":"https:\/\/www.soanam.de\/es\/wp-json\/wp\/v2\/media\/77921"}],"wp:attachment":[{"href":"https:\/\/www.soanam.de\/es\/wp-json\/wp\/v2\/media?parent=77808"}],"wp:term":[{"taxonomy":"product_brand","embeddable":true,"href":"https:\/\/www.soanam.de\/es\/wp-json\/wp\/v2\/product_brand?post=77808"},{"taxonomy":"product_cat","embeddable":true,"href":"https:\/\/www.soanam.de\/es\/wp-json\/wp\/v2\/product_cat?post=77808"},{"taxonomy":"product_tag","embeddable":true,"href":"https:\/\/www.soanam.de\/es\/wp-json\/wp\/v2\/product_tag?post=77808"}],"curies":[{"name":"wp","href":"https:\/\/api.w.org\/{rel}","templated":true}]}}