{"id":77788,"date":"2023-12-13T21:00:26","date_gmt":"2023-12-13T20:00:26","guid":{"rendered":"https:\/\/www.soanam.de\/?post_type=product&#038;p=77788"},"modified":"2023-12-13T21:03:03","modified_gmt":"2023-12-13T20:03:03","slug":"pantalon-imitacion-cuero-negro-talla-xl","status":"publish","type":"product","link":"https:\/\/www.soanam.de\/es\/produkt\/maze-lederimitathose-in-schwarz-groesse-xl\/","title":{"rendered":"Pantal\u00f3n Maze de polipiel, negro, talla XL"},"content":{"rendered":"<p>Pantal\u00f3n c\u00f3nico de polipiel<br \/>\nLeggings de piel<br \/>\nCorte ce\u00f1ido y entallado<br \/>\nCon cremalleras en el dobladillo interior<\/p>\n<p>Ajustados, muy finos y de corte recto, por lo que tambi\u00e9n se pueden llevar como leggings, estos pantalones de polipiel de Maze.<br \/>\nLas cremalleras en el interior de las perneras decoran el pantal\u00f3n y lo hacen c\u00f3modo de llevar al mismo tiempo.<br \/>\nEl suave forro te mantiene caliente incluso en invierno.<\/p>\n<p>Material: poli\u00e9ster 72%, poliuretano 25%, elastano 3%<br \/>\nInstrucciones de cuidado: Lavado suave<\/p>\n<p>Color: negro<br \/>\nTalla: XL<\/p>\n<p>Cintura: 78 cm<br \/>\nPer\u00edmetro de la cadera: 97 cm<br \/>\nLongitud del pelda\u00f1o:77cm<br \/>\nLongitud total: 104 cm<\/p>","protected":false},"excerpt":{"rendered":"<table class=\"dv_characteristicsTable\">\n<tbody>\n<tr>\n<td class=\"left\">Talla<\/td>\n<td>XL<\/td>\n<\/tr>\n<tr>\n<td class=\"left\">Gr\u00f6\u00dfensystem<\/td>\n<td>US-Gr\u00f6\u00dfen<\/td>\n<\/tr>\n<tr>\n<td class=\"left\">Composici\u00f3n del material<\/td>\n<td>72% Polyester, 25% Polyurethan, 3% Elasthan<\/td>\n<\/tr>\n<tr>\n<td class=\"left\">Instrucciones de cuidado<\/td>\n<td>Handw\u00e4sche, Maschinenw\u00e4sche<\/td>\n<\/tr>\n<tr>\n<td class=\"left\">Herstellerfarbbezeichnung<\/td>\n<td>black<\/td>\n<\/tr>\n<tr>\n<td class=\"left\">Color<\/td>\n<td>black<\/td>\n<\/tr>\n<tr>\n<td class=\"left\">Ajuste<\/td>\n<td>k\u00f6rpernah<\/td>\n<\/tr>\n<\/tbody>\n<\/table>","protected":false},"featured_media":77909,"comment_status":"open","ping_status":"closed","template":"","meta":{"_seopress_robots_primary_cat":"","_seopress_titles_title":"","_seopress_titles_desc":"","_seopress_robots_index":""},"product_brand":[],"product_cat":[1348,1349,1395,1453],"product_tag":[],"class_list":{"0":"post-77788","1":"product","2":"type-product","3":"status-publish","4":"has-post-thumbnail","6":"product_cat-damen-mode","7":"product_cat-hosen-damen-mode","8":"product_cat-lederhosen","9":"product_cat-leggings","10":"product_shipping_class-standard-versand","12":"first","13":"instock","14":"taxable","15":"shipping-taxable","16":"purchasable","17":"product-type-simple"},"_links":{"self":[{"href":"https:\/\/www.soanam.de\/es\/wp-json\/wp\/v2\/product\/77788","targetHints":{"allow":["GET"]}}],"collection":[{"href":"https:\/\/www.soanam.de\/es\/wp-json\/wp\/v2\/product"}],"about":[{"href":"https:\/\/www.soanam.de\/es\/wp-json\/wp\/v2\/types\/product"}],"replies":[{"embeddable":true,"href":"https:\/\/www.soanam.de\/es\/wp-json\/wp\/v2\/comments?post=77788"}],"wp:featuredmedia":[{"embeddable":true,"href":"https:\/\/www.soanam.de\/es\/wp-json\/wp\/v2\/media\/77909"}],"wp:attachment":[{"href":"https:\/\/www.soanam.de\/es\/wp-json\/wp\/v2\/media?parent=77788"}],"wp:term":[{"taxonomy":"product_brand","embeddable":true,"href":"https:\/\/www.soanam.de\/es\/wp-json\/wp\/v2\/product_brand?post=77788"},{"taxonomy":"product_cat","embeddable":true,"href":"https:\/\/www.soanam.de\/es\/wp-json\/wp\/v2\/product_cat?post=77788"},{"taxonomy":"product_tag","embeddable":true,"href":"https:\/\/www.soanam.de\/es\/wp-json\/wp\/v2\/product_tag?post=77788"}],"curies":[{"name":"wp","href":"https:\/\/api.w.org\/{rel}","templated":true}]}}