{"id":77758,"date":"2023-12-13T20:59:57","date_gmt":"2023-12-13T19:59:57","guid":{"rendered":"https:\/\/www.soanam.de\/?post_type=product&#038;p=77758"},"modified":"2023-12-13T21:02:22","modified_gmt":"2023-12-13T20:02:22","slug":"groh-un-pequeno-milagro-crece-carpeta-de-anillas-aleman-2019","status":"publish","type":"product","link":"https:\/\/www.soanam.de\/es\/produkt\/groh-ein-kleines-wunder-waechst-heran-ringbuch-deutsch-2019\/","title":{"rendered":"GROH Un peque\u00f1o milagro crece, Carpeta de anillas, Alem\u00e1n, 2019"},"content":{"rendered":"<h3><strong>Descripci\u00f3n del producto<\/strong><\/h3>\n<p>La cuenta atr\u00e1s de mi embarazo semana a semana<\/p>\n<p>Eine Schwangerschaft ist etwas Wunderbares - aufregend und ganz und gar unvergleichlich, ganz gleich ob beim ersten Mal oder ob man schon mal ein Baby zur Welt gebracht hat. Mit diesem dekorativen Aufsteller kann die werdende Mama ihre Schwangerschaft Woche f\u00fcr Woche feiern und die Vorfreude genie\u00dfen. \u00bbEin kleines Wunder w\u00e4chst heran\u00ab enth\u00e4lt einen Countdown, um die Tage bis zur Geburt zu z\u00e4hlen und gibt mit kurzen, informativen Texten rund um die Schwangerschaft ganz nebenbei noch praktische Tipps. Der Schwangerschafts-Countdown ist grafisch modern gestaltet und ein liebevolles Geschenk f\u00fcr Schwangere, oder um sich selbst f\u00fcr die aufregenden Tage bis zur Geburt eine Freude zu machen.<\/p>\n<p><strong>Etiquetado de los productos<\/strong><br \/>\nEditor: Equipo editorial Groh<br \/>\nISBN-10: 3848523841<br \/>\nISBN-13: 9783848523849<\/p>\n<p><strong>Caracter\u00edsticas principales del producto<\/strong><br \/>\nIdioma: alem\u00e1n<br \/>\nN\u00famero de p\u00e1ginas: 52 p\u00e1ginas<br \/>\nEditor: Groh, Groh Verlag, Groh Verlag Gmbh<br \/>\nAutor: Equipo editorial de Groh<br \/>\nT\u00edtulo del libro: A Little Miracle Grows Up.<br \/>\nFormato: R\u00fastica<br \/>\nA\u00f1o de publicaci\u00f3n: 2019<\/p>\n<p><strong>Caracter\u00edsticas adicionales del producto<\/strong><br \/>\nL\/A\/A: 14cm\/11cm\/2cm<br \/>\nPeso del art\u00edculo: 168 g<\/p>","protected":false},"excerpt":{"rendered":"<h3><strong>Artikelmerkmale<\/strong><\/h3>\n<p>Artikelzustand: Neu - Neues, ungelesenes, ungebrauchtes Buch in makellosem Zustand<\/p>\n<table style=\"border-collapse: collapse;width: 432pt\" width=\"576\">\n<tbody>\n<tr style=\"height: 15.0pt\">\n<td style=\"width: 193pt;height: 15.0pt\" width=\"257\" height=\"20\">Anzahl der Seiten:<\/td>\n<td style=\"width: 239pt\" width=\"319\">52 Seiten<\/td>\n<\/tr>\n<tr style=\"height: 15.0pt\">\n<td class=\"xl65\" style=\"height: 15.0pt\" height=\"20\">Autor:<\/td>\n<td class=\"xl65\">Groh Redaktionsteam<\/td>\n<\/tr>\n<tr style=\"height: 15.0pt\">\n<td class=\"xl65\" style=\"height: 15.0pt\" height=\"20\">Caracter\u00edsticas especiales:<\/td>\n<td class=\"xl65\">Ringbuch<\/td>\n<\/tr>\n<tr style=\"height: 15.0pt\">\n<td class=\"xl65\" style=\"height: 15.0pt\" height=\"20\">Buchtitel:<\/td>\n<td class=\"xl65\">Ein Kleines Wunder W\u00e4chst Heran.<\/td>\n<\/tr>\n<tr style=\"height: 15.0pt\">\n<td class=\"xl65\" style=\"height: 15.0pt\" height=\"20\">Erscheinungsjahr:<\/td>\n<td class=\"xl65\">2019<\/td>\n<\/tr>\n<tr style=\"height: 15.0pt\">\n<td class=\"xl65\" style=\"height: 15.0pt\" height=\"20\">Format:<\/td>\n<td class=\"xl65\">R\u00fastica<\/td>\n<\/tr>\n<tr style=\"height: 15.0pt\">\n<td class=\"xl65\" style=\"height: 15.0pt\" height=\"20\">Genre:<\/td>\n<td class=\"xl65\">Eltern, Ehe &amp; Familie<\/td>\n<\/tr>\n<tr style=\"height: 15.0pt\">\n<td class=\"xl65\" style=\"height: 15.0pt\" height=\"20\">Gewicht:<\/td>\n<td class=\"xl65\">168<\/td>\n<\/tr>\n<tr style=\"height: 15.0pt\">\n<td class=\"xl65\" style=\"height: 15.0pt\" height=\"20\">Herstellungsland und -region:<\/td>\n<td class=\"xl65\">Alemania<\/td>\n<\/tr>\n<tr style=\"height: 15.0pt\">\n<td class=\"xl65\" style=\"height: 15.0pt\" height=\"20\">ISBN:<\/td>\n<td class=\"xl65\">9783848523849<\/td>\n<\/tr>\n<tr style=\"height: 15.0pt\">\n<td class=\"xl65\" style=\"height: 15.0pt\" height=\"20\">Literarische Gattung:<\/td>\n<td class=\"xl65\">Sachbuch<\/td>\n<\/tr>\n<tr style=\"height: 15.0pt\">\n<td class=\"xl65\" style=\"height: 15.0pt\" height=\"20\">Marke:<\/td>\n<td class=\"xl65\">Groh Verlag<\/td>\n<\/tr>\n<tr style=\"height: 15.0pt\">\n<td class=\"xl65\" style=\"height: 15.0pt\" height=\"20\">Produktart:<\/td>\n<td class=\"xl65\">Libros<\/td>\n<\/tr>\n<tr style=\"height: 15.0pt\">\n<td class=\"xl65\" style=\"height: 15.0pt\" height=\"20\">Sprache:<\/td>\n<td class=\"xl65\">Alem\u00e1n<\/td>\n<\/tr>\n<tr style=\"height: 15.0pt\">\n<td class=\"xl65\" style=\"height: 15.0pt\" height=\"20\">Thematik:<\/td>\n<td class=\"xl65\">Schwangerschaft<\/td>\n<\/tr>\n<tr style=\"height: 15.0pt\">\n<td class=\"xl65\" style=\"height: 15.0pt\" height=\"20\">Verlag:<\/td>\n<td class=\"xl65\">Groh, Groh Verlag, Groh Verlag Gmbh<\/td>\n<\/tr>\n<tr style=\"height: 15.0pt\">\n<td class=\"xl65\" style=\"height: 15.0pt\" height=\"20\">Zielgruppe:<\/td>\n<td class=\"xl65\">Adultos<\/td>\n<\/tr>\n<\/tbody>\n<\/table>","protected":false},"featured_media":77872,"comment_status":"open","ping_status":"closed","template":"","meta":{"_seopress_robots_primary_cat":"","_seopress_titles_title":"","_seopress_titles_desc":"","_seopress_robots_index":""},"product_brand":[],"product_cat":[1428,1434,1447],"product_tag":[],"class_list":{"0":"post-77758","1":"product","2":"type-product","3":"status-publish","4":"has-post-thumbnail","6":"product_cat-buecher","7":"product_cat-erwachsene","8":"product_cat-ratgeber","9":"product_shipping_class-standard-versand","11":"first","12":"instock","13":"taxable","14":"shipping-taxable","15":"purchasable","16":"product-type-simple"},"_links":{"self":[{"href":"https:\/\/www.soanam.de\/es\/wp-json\/wp\/v2\/product\/77758","targetHints":{"allow":["GET"]}}],"collection":[{"href":"https:\/\/www.soanam.de\/es\/wp-json\/wp\/v2\/product"}],"about":[{"href":"https:\/\/www.soanam.de\/es\/wp-json\/wp\/v2\/types\/product"}],"replies":[{"embeddable":true,"href":"https:\/\/www.soanam.de\/es\/wp-json\/wp\/v2\/comments?post=77758"}],"wp:featuredmedia":[{"embeddable":true,"href":"https:\/\/www.soanam.de\/es\/wp-json\/wp\/v2\/media\/77872"}],"wp:attachment":[{"href":"https:\/\/www.soanam.de\/es\/wp-json\/wp\/v2\/media?parent=77758"}],"wp:term":[{"taxonomy":"product_brand","embeddable":true,"href":"https:\/\/www.soanam.de\/es\/wp-json\/wp\/v2\/product_brand?post=77758"},{"taxonomy":"product_cat","embeddable":true,"href":"https:\/\/www.soanam.de\/es\/wp-json\/wp\/v2\/product_cat?post=77758"},{"taxonomy":"product_tag","embeddable":true,"href":"https:\/\/www.soanam.de\/es\/wp-json\/wp\/v2\/product_tag?post=77758"}],"curies":[{"name":"wp","href":"https:\/\/api.w.org\/{rel}","templated":true}]}}