{"id":77757,"date":"2023-12-13T20:59:57","date_gmt":"2023-12-13T19:59:57","guid":{"rendered":"https:\/\/www.soanam.de\/?post_type=product&#038;p=77757"},"modified":"2023-12-13T21:02:19","modified_gmt":"2023-12-13T20:02:19","slug":"bruno-banani-powerstretch-treggings-in-schwarz-groesse-34","status":"publish","type":"product","link":"https:\/\/www.soanam.de\/es\/produkt\/bruno-banani-powerstretch-treggings-in-schwarz-groesse-34\/","title":{"rendered":"Mallas el\u00e1sticas Bruno Banani, negras, talla 34"},"content":{"rendered":"<p>Designer Hose mit Details aus Lederimitat<br \/>\nAus Power-Stretch<br \/>\nMit Ziern\u00e4hten vorne<br \/>\nKlassische Leibh\u00f6he<\/p>\n<p>Diese Hose von Bruno Banani hat eine tolle Silhouette.<br \/>\nSie ist aus hochwertigem Milano-Ripp wie eine zweite Haut gestaltet. Der stylische ultraschmale Schnitt wird durch eine sehr dehnbare feste Qualit\u00e4t gepr\u00e4gt. Die Hose sorgt somit f\u00fcr optimalen Tragekomfort und bietet eine zuverl\u00e4ssige Passform. Neben den G\u00fcrtelschlaufen und Knopfverschl\u00fcssen am G\u00fcrtel sind die Ziern\u00e4hte auf der Vorderseite und die aufgesetzten Taschen auf der R\u00fcckseite mit stylischen Paspeln in Lederoptik versehen.<\/p>\n<p>Material: Obermaterial: 68% Viskose, 28% Polyamid, 4% Elasthan.<br \/>\nEinfassung: 100% Polyurethan<br \/>\nInstrucciones de cuidado: Lavable a m\u00e1quina a 40<\/p>\n<p>Color: negro<br \/>\nGr\u00f6\u00dfe: EUR 34<\/p>\n<p>Cintura: 71 cm<br \/>\nH\u00fcftumfang: 80cm<br \/>\nLongitud del pelda\u00f1o:78cm<br \/>\nLongitud total: 101 cm<\/p>\n<p>&nbsp;<\/p>\n<p>Este nuevo art\u00edculo es una devoluci\u00f3n de un cliente sin etiqueta.<\/p>","protected":false},"excerpt":{"rendered":"<table class=\"dv_characteristicsTable\">\n<tbody>\n<tr>\n<td class=\"left\">Talla<\/td>\n<td>34 (XS)<\/td>\n<\/tr>\n<tr>\n<td class=\"left\">Gr\u00f6\u00dfentyp<\/td>\n<td>Normalgr\u00f6\u00dfen<\/td>\n<\/tr>\n<tr>\n<td class=\"left\">Composici\u00f3n del material<\/td>\n<td>Obermaterial: 68% Viskose, 28% Polyamid, 4% Elasthan. Einfassung: 100% Polyurethan<\/td>\n<\/tr>\n<tr>\n<td class=\"left\">Materialart<\/td>\n<td>Milano Ripp<\/td>\n<\/tr>\n<tr>\n<td class=\"left\">Instrucciones de cuidado<\/td>\n<td>Lavado a m\u00e1quina<\/td>\n<\/tr>\n<tr>\n<td class=\"left\">Optik<\/td>\n<td>unifarben<\/td>\n<\/tr>\n<tr>\n<td class=\"left\">Stil<\/td>\n<td>modisch<\/td>\n<\/tr>\n<tr>\n<td class=\"left\">Color<\/td>\n<td>schwarz<\/td>\n<\/tr>\n<tr>\n<td class=\"left\">Leibh\u00f6he<\/td>\n<td>klassisch<\/td>\n<\/tr>\n<tr>\n<td class=\"left\">Bundabschluss<\/td>\n<td>abgestepptes B\u00fcndchen<\/td>\n<\/tr>\n<tr>\n<td class=\"left\">Beinabschluss<\/td>\n<td>durchgesteppt<\/td>\n<\/tr>\n<tr>\n<td class=\"left\">Beinform<\/td>\n<td>schmal<\/td>\n<\/tr>\n<tr>\n<td class=\"left\">Ajuste<\/td>\n<td>eng<\/td>\n<\/tr>\n<tr>\n<td class=\"left\">Schnittform L\u00e4nge<\/td>\n<td>hasta los tobillos<\/td>\n<\/tr>\n<tr>\n<td class=\"left\">Bolsas<\/td>\n<td>aufgesetzte Taschen<\/td>\n<\/tr>\n<tr>\n<td class=\"left\">Verschluss<\/td>\n<td>Rei\u00dfverschluss, 1-Knopf-Form<\/td>\n<\/tr>\n<tr>\n<td class=\"left\">Besondere Merkmale<\/td>\n<td>Slim-Fit-Hose \"Power-Stretch\"<\/td>\n<\/tr>\n<\/tbody>\n<\/table>","protected":false},"featured_media":77867,"comment_status":"open","ping_status":"closed","template":"","meta":{"_seopress_robots_primary_cat":"","_seopress_titles_title":"","_seopress_titles_desc":"","_seopress_robots_index":""},"product_brand":[],"product_cat":[1348,1349,1446],"product_tag":[],"class_list":{"0":"post-77757","1":"product","2":"type-product","3":"status-publish","4":"has-post-thumbnail","6":"product_cat-damen-mode","7":"product_cat-hosen-damen-mode","8":"product_cat-treggings","9":"product_shipping_class-standard-versand","11":"first","12":"instock","13":"taxable","14":"shipping-taxable","15":"purchasable","16":"product-type-simple"},"_links":{"self":[{"href":"https:\/\/www.soanam.de\/es\/wp-json\/wp\/v2\/product\/77757","targetHints":{"allow":["GET"]}}],"collection":[{"href":"https:\/\/www.soanam.de\/es\/wp-json\/wp\/v2\/product"}],"about":[{"href":"https:\/\/www.soanam.de\/es\/wp-json\/wp\/v2\/types\/product"}],"replies":[{"embeddable":true,"href":"https:\/\/www.soanam.de\/es\/wp-json\/wp\/v2\/comments?post=77757"}],"wp:featuredmedia":[{"embeddable":true,"href":"https:\/\/www.soanam.de\/es\/wp-json\/wp\/v2\/media\/77867"}],"wp:attachment":[{"href":"https:\/\/www.soanam.de\/es\/wp-json\/wp\/v2\/media?parent=77757"}],"wp:term":[{"taxonomy":"product_brand","embeddable":true,"href":"https:\/\/www.soanam.de\/es\/wp-json\/wp\/v2\/product_brand?post=77757"},{"taxonomy":"product_cat","embeddable":true,"href":"https:\/\/www.soanam.de\/es\/wp-json\/wp\/v2\/product_cat?post=77757"},{"taxonomy":"product_tag","embeddable":true,"href":"https:\/\/www.soanam.de\/es\/wp-json\/wp\/v2\/product_tag?post=77757"}],"curies":[{"name":"wp","href":"https:\/\/api.w.org\/{rel}","templated":true}]}}