{"id":77735,"date":"2023-12-13T20:59:32","date_gmt":"2023-12-13T19:59:32","guid":{"rendered":"https:\/\/www.soanam.de\/?post_type=product&#038;p=77735"},"modified":"2023-12-13T21:02:05","modified_gmt":"2023-12-13T20:02:05","slug":"sarah-bosse-flos-tierpension-ein-kaetzchen-kommt-selten-allein-tapa-dura-aleman-2013","status":"publish","type":"product","link":"https:\/\/www.soanam.de\/es\/produkt\/sarah-bosse-flos-tierpension-ein-kaetzchen-kommt-selten-allein-gebundene-ausgabe-deutsch-2013\/","title":{"rendered":"Sarah Bosse - Flos Tierpension \"Ein K\u00e4tzchen kommt selten allein\" Tapa dura Alem\u00e1n 2013"},"content":{"rendered":"<h3><strong>Descripci\u00f3n del producto<\/strong><\/h3>\n<p>El refugio de animales de Blumenstiege apenas da abasto. Todos los d\u00edas llegan nuevos cachorros y muchos de ellos tienen que ser alimentados con biber\u00f3n. Flo y su mejor amiga, Hanna, ayudan diligentemente y por fin tienen una idea brillante: \u00a1seguro que pueden convencer a algunos vecinos para que acojan a un peque\u00f1o tigre! Pero es m\u00e1s f\u00e1cil decirlo que hacerlo, porque la campa\u00f1a requiere mucho tiempo y esfuerzo, \u00a1y mucho valor! Pero sus esfuerzos se ven recompensados y Flo y Hanna se llevan una gran sorpresa. Y se trata de un tigre de verdad.<\/p>\n<p><strong>Detalles del producto<\/strong><br \/>\nEditor : Coppenrath Verlag<br \/>\nSerie : Flos Tierpension, Volumen 4<br \/>\nA\u00f1o de publicaci\u00f3n : 2013<br \/>\nIdioma : Alem\u00e1n<br \/>\nEncuadernaci\u00f3n : Tapa dura<br \/>\nN\u00famero de p\u00e1ginas : 112 p\u00e1ginas<br \/>\nISBN-10 : 3649611562<br \/>\nISBN-13 : 978-3649611561<br \/>\nIlustraciones : con ilustraciones interiores en blanco y negro<br \/>\nEdad recomendada : 8 - 10 a\u00f1os<\/p>","protected":false},"excerpt":{"rendered":"<h3><strong>Artikelmerkmale<\/strong><\/h3>\n<p>Artikelzustand: Neu - Neues, ungelesenes, ungebrauchtes Buch in makellosem Zustand<\/p>\n<table style=\"border-collapse: collapse;width: 432pt\" width=\"576\">\n<tbody>\n<tr style=\"height: 15.0pt\">\n<td class=\"xl65\" style=\"width: 193pt;height: 15.0pt\" width=\"257\" height=\"20\">Autor:<\/td>\n<td class=\"xl65\" style=\"width: 239pt\" width=\"319\">Sarah Bosse<\/td>\n<\/tr>\n<tr style=\"height: 15.0pt\">\n<td class=\"xl65\" style=\"height: 15.0pt\" height=\"20\">Caracter\u00edsticas especiales:<\/td>\n<td class=\"xl65\">Illustriert<\/td>\n<\/tr>\n<tr style=\"height: 15.0pt\">\n<td style=\"height: 15.0pt\" height=\"20\">Buchreihe:<\/td>\n<td>Flos Tierpension<\/td>\n<\/tr>\n<tr style=\"height: 15.0pt\">\n<td class=\"xl65\" style=\"height: 15.0pt\" height=\"20\">Buchtitel:<\/td>\n<td class=\"xl65\">Ein K\u00e4tzchen kommt selten allein<\/td>\n<\/tr>\n<tr style=\"height: 15.0pt\">\n<td class=\"xl65\" style=\"height: 15.0pt\" height=\"20\">Erscheinungsjahr:<\/td>\n<td class=\"xl65\">2013<\/td>\n<\/tr>\n<tr style=\"height: 15.0pt\">\n<td class=\"xl65\" style=\"height: 15.0pt\" height=\"20\">Format:<\/td>\n<td class=\"xl65\">Edici\u00f3n de tapa dura<\/td>\n<\/tr>\n<tr style=\"height: 15.0pt\">\n<td class=\"xl65\" style=\"height: 15.0pt\" height=\"20\">Genre:<\/td>\n<td class=\"xl65\">Kinder- &amp; Jugendliteratur<\/td>\n<\/tr>\n<tr style=\"height: 15.0pt\">\n<td class=\"xl65\" style=\"height: 15.0pt\" height=\"20\">Herstellungsland und -region:<\/td>\n<td class=\"xl65\">Alemania<\/td>\n<\/tr>\n<tr style=\"height: 15.0pt\">\n<td style=\"height: 15.0pt\" height=\"20\">ISBN:<\/td>\n<td class=\"xl65\">9783649611561<\/td>\n<\/tr>\n<tr style=\"height: 15.0pt\">\n<td class=\"xl65\" style=\"height: 15.0pt\" height=\"20\">Literarische Gattung:<\/td>\n<td class=\"xl65\">Belletristik<\/td>\n<\/tr>\n<tr style=\"height: 15.0pt\">\n<td class=\"xl65\" style=\"height: 15.0pt\" height=\"20\">Produktart:<\/td>\n<td class=\"xl65\">Kinderbuch<\/td>\n<\/tr>\n<tr style=\"height: 15.0pt\">\n<td style=\"height: 15.0pt\" height=\"20\">Sprache:<\/td>\n<td>Alem\u00e1n<\/td>\n<\/tr>\n<tr style=\"height: 15.0pt\">\n<td class=\"xl65\" style=\"height: 15.0pt\" height=\"20\">Thematik:<\/td>\n<td class=\"xl65\">Tiere<\/td>\n<\/tr>\n<tr style=\"height: 15.0pt\">\n<td class=\"xl65\" style=\"height: 15.0pt\" height=\"20\">Verlag:<\/td>\n<td class=\"xl65\">Coppenrath<\/td>\n<\/tr>\n<tr style=\"height: 15.0pt\">\n<td class=\"xl65\" style=\"height: 15.0pt\" height=\"20\">Zielgruppe:<\/td>\n<td class=\"xl65\">8-10 Jahre<\/td>\n<\/tr>\n<\/tbody>\n<\/table>","protected":false},"featured_media":77858,"comment_status":"open","ping_status":"closed","template":"","meta":{"_seopress_robots_primary_cat":"","_seopress_titles_title":"","_seopress_titles_desc":"","_seopress_robots_index":""},"product_brand":[],"product_cat":[1428,1431,1441],"product_tag":[],"class_list":{"0":"post-77735","1":"product","2":"type-product","3":"status-publish","4":"has-post-thumbnail","6":"product_cat-buecher","7":"product_cat-kinder","8":"product_cat-geschichten","9":"product_shipping_class-standard-versand","11":"first","12":"instock","13":"taxable","14":"shipping-taxable","15":"purchasable","16":"product-type-simple"},"_links":{"self":[{"href":"https:\/\/www.soanam.de\/es\/wp-json\/wp\/v2\/product\/77735","targetHints":{"allow":["GET"]}}],"collection":[{"href":"https:\/\/www.soanam.de\/es\/wp-json\/wp\/v2\/product"}],"about":[{"href":"https:\/\/www.soanam.de\/es\/wp-json\/wp\/v2\/types\/product"}],"replies":[{"embeddable":true,"href":"https:\/\/www.soanam.de\/es\/wp-json\/wp\/v2\/comments?post=77735"}],"wp:featuredmedia":[{"embeddable":true,"href":"https:\/\/www.soanam.de\/es\/wp-json\/wp\/v2\/media\/77858"}],"wp:attachment":[{"href":"https:\/\/www.soanam.de\/es\/wp-json\/wp\/v2\/media?parent=77735"}],"wp:term":[{"taxonomy":"product_brand","embeddable":true,"href":"https:\/\/www.soanam.de\/es\/wp-json\/wp\/v2\/product_brand?post=77735"},{"taxonomy":"product_cat","embeddable":true,"href":"https:\/\/www.soanam.de\/es\/wp-json\/wp\/v2\/product_cat?post=77735"},{"taxonomy":"product_tag","embeddable":true,"href":"https:\/\/www.soanam.de\/es\/wp-json\/wp\/v2\/product_tag?post=77735"}],"curies":[{"name":"wp","href":"https:\/\/api.w.org\/{rel}","templated":true}]}}